{"id":209,"date":"2020-04-28T23:49:24","date_gmt":"2020-04-28T23:49:24","guid":{"rendered":"https:\/\/communicatio-optima.com\/?page_id=209"},"modified":"2024-01-02T11:50:33","modified_gmt":"2024-01-02T11:50:33","slug":"personality-type-thinker","status":"publish","type":"page","link":"http:\/\/www.communicatio-optima.com\/en\/process-communication-model-pcm\/persoenlichkeitstyp-logiker\/","title":{"rendered":"Personality Type Thinker"},"content":{"rendered":"<h3 class=\"wp-block-heading\" id=\"A\">A World of Responsibility, Logic, and Perfect Order<\/h3>\n\n\n\n<p>People who are predominantly Thinkers are notably aware of their responsibilities. They are ready to assume responsibility not only for themselves, but also for their duties and their fellow human beings. <\/p>\n\n\n\n<p>They seek information eagerly regarding all topics with which they deal. They are able to take in large quantities of numbers, data, and facts. Then, they organise them and draw logical conclusions. This is also their preferred manner in which they perceive the world around them. Using their strong logic, they think about everyone and everything they encounter.<\/p>\n\n\n\n<p>Regardless of whether it is about structuring their tasks, their workplace, or another setting, people who are mainly Thinkers are organised perfectly. Everything has its time, there is a place for everything, and everything is in its place. <\/p>\n\n\n\n<h3 class=\"wp-block-heading\">Excellent Planning, Target Achievement, and Sophisticated Time Management<\/h3>\n\n\n\n<p>They love setting themselves goals. In order to achieve these, they devise a well organised plan, follow it, and attain their goals, ideally before the deadline is due. They collect degrees and certificates, which they like to showcase neatly and symmetrically on their office walls.<\/p>\n\n\n\n<p>They know when they have delivered a superb piece of work. However, they long for hearing others say it out loud. Having received praise, they enhance their performance even more. <\/p>\n\n\n\n<p>Time management is of utmost importance to people who possess a well developed Thinker. They excel at structuring their time wisely and do not squander any of it.<\/p>\n\n\n\n<p>They consider punctuality as more than plain courtesy, that is to say essential. They themselves meet their arrangements precisely, and develop stress if external circumstances thwart their schedule or even compromise their punctuality.<\/p>\n\n\n<div class=\"wp-block-image\">\n<figure class=\"aligncenter size-full is-resized\"><img data-recalc-dims=\"1\" fetchpriority=\"high\" decoding=\"async\" width=\"1000\" height=\"712\" src=\"https:\/\/www.communicatio-optima.com\/wp-content\/uploads\/2024\/01\/illustatrion-and-example-sentence-pcm-personality-type-thinker-dr-eva-maria-schottdorf.png\" alt=\"Illustration and example sentence Personality Type Thinker\" class=\"wp-image-10008\" style=\"width:584px;height:auto\" srcset=\"https:\/\/i0.wp.com\/www.communicatio-optima.com\/wp-content\/uploads\/2024\/01\/illustatrion-and-example-sentence-pcm-personality-type-thinker-dr-eva-maria-schottdorf.png?w=1000&ssl=1 1000w, https:\/\/i0.wp.com\/www.communicatio-optima.com\/wp-content\/uploads\/2024\/01\/illustatrion-and-example-sentence-pcm-personality-type-thinker-dr-eva-maria-schottdorf.png?resize=300%2C214&ssl=1 300w, https:\/\/i0.wp.com\/www.communicatio-optima.com\/wp-content\/uploads\/2024\/01\/illustatrion-and-example-sentence-pcm-personality-type-thinker-dr-eva-maria-schottdorf.png?resize=768%2C547&ssl=1 768w, https:\/\/i0.wp.com\/www.communicatio-optima.com\/wp-content\/uploads\/2024\/01\/illustatrion-and-example-sentence-pcm-personality-type-thinker-dr-eva-maria-schottdorf.png?resize=18%2C12&ssl=1 18w\" sizes=\"(max-width: 1000px) 100vw, 1000px\" \/><figcaption class=\"wp-element-caption\">Communication example Personality Type Thinker<\/figcaption><\/figure>\n<\/div>\n\n\n<h3 class=\"wp-block-heading\">What You Will Learn About The Personality Type Thinker in Our Seminars<\/h3>\n\n\n\n<p>Using examples and exercises, I will teach you in a structured manner how to recognise humans who are mainly Thinkers. The language, and facial expressions, gesture and many more features will provide you with distinct signals. This information will not only be beneficial to you when communicating. Isn\u00b4t this paragraph logically structured and informative ;-)?<\/p>\n\n\n\n<p>Learn more about my <a href=\"https:\/\/www.communicatio-optima.com\/en\/crm-pcm-seminars\/\" data-type=\"URL\" data-id=\"https:\/\/www.communicatio-optima.com\/crm-pcm-seminare\/\" target=\"_blank\" rel=\"noreferrer noopener\">seminars<\/a>.<\/p>\n\n\n\n<p>You can order an <a href=\"https:\/\/www.communicatio-optima.com\/en\/your-bookings-and-orders\/your-individual-pcm-personality-profile\/\" data-type=\"link\" data-id=\"https:\/\/www.communicatio-optima.com\/ihre-buchungen-und-bestellungen\/ihr-individuelles-pcm-persoenlichkeitsprofil\/\" target=\"_blank\" rel=\"noreferrer noopener\">individual personality profile with personal discussion<\/a> , as well.<\/p>\n\n\n\n<p>Ample information about <a href=\"https:\/\/www.communicatio-optima.com\/en\/process-communication-model-pcm\/\" data-type=\"link\" data-id=\"https:\/\/www.communicatio-optima.com\/process-communication-model-pcm\/\" target=\"_blank\" rel=\"noreferrer noopener\">PCM<\/a>.<\/p>\n\n\n\n<p>Pay a visit to the other Personality Types:<\/p>\n\n\n<div class=\"wp-block-image\">\n<figure class=\"aligncenter size-full is-resized\"><img data-recalc-dims=\"1\" decoding=\"async\" width=\"1000\" height=\"712\" src=\"https:\/\/www.communicatio-optima.com\/wp-content\/uploads\/2024\/01\/illustatrion-and-example-sentence-pcm-personality-type-harmoniser-dr-eva-maria-schottdorf.png\" alt=\"\" class=\"wp-image-10007\" style=\"width:168px;height:auto\" srcset=\"https:\/\/i0.wp.com\/www.communicatio-optima.com\/wp-content\/uploads\/2024\/01\/illustatrion-and-example-sentence-pcm-personality-type-harmoniser-dr-eva-maria-schottdorf.png?w=1000&ssl=1 1000w, https:\/\/i0.wp.com\/www.communicatio-optima.com\/wp-content\/uploads\/2024\/01\/illustatrion-and-example-sentence-pcm-personality-type-harmoniser-dr-eva-maria-schottdorf.png?resize=300%2C214&ssl=1 300w, https:\/\/i0.wp.com\/www.communicatio-optima.com\/wp-content\/uploads\/2024\/01\/illustatrion-and-example-sentence-pcm-personality-type-harmoniser-dr-eva-maria-schottdorf.png?resize=768%2C547&ssl=1 768w, https:\/\/i0.wp.com\/www.communicatio-optima.com\/wp-content\/uploads\/2024\/01\/illustatrion-and-example-sentence-pcm-personality-type-harmoniser-dr-eva-maria-schottdorf.png?resize=18%2C12&ssl=1 18w\" sizes=\"(max-width: 1000px) 100vw, 1000px\" \/><\/figure>\n<\/div>\n\n\n<p class=\"has-text-align-center\"><a href=\"https:\/\/www.communicatio-optima.com\/en\/pcm\/personality-type-harmoniser\/\" target=\"_blank\" rel=\"noreferrer noopener\"><strong>Harmoniser<\/strong><\/a><\/p>\n\n\n<div class=\"wp-block-image\">\n<figure class=\"aligncenter size-full is-resized\"><img data-recalc-dims=\"1\" decoding=\"async\" width=\"997\" height=\"710\" src=\"https:\/\/www.communicatio-optima.com\/wp-content\/uploads\/2024\/01\/illustatrion-and-example-sentence-pcm-personality-type-imaginer-dr-eva-maria-schottdorf.png\" alt=\"\" class=\"wp-image-10011\" style=\"width:169px;height:auto\" srcset=\"https:\/\/i0.wp.com\/www.communicatio-optima.com\/wp-content\/uploads\/2024\/01\/illustatrion-and-example-sentence-pcm-personality-type-imaginer-dr-eva-maria-schottdorf.png?w=1000&ssl=1 1000w, https:\/\/i0.wp.com\/www.communicatio-optima.com\/wp-content\/uploads\/2024\/01\/illustatrion-and-example-sentence-pcm-personality-type-imaginer-dr-eva-maria-schottdorf.png?resize=300%2C214&ssl=1 300w, https:\/\/i0.wp.com\/www.communicatio-optima.com\/wp-content\/uploads\/2024\/01\/illustatrion-and-example-sentence-pcm-personality-type-imaginer-dr-eva-maria-schottdorf.png?resize=768%2C547&ssl=1 768w, https:\/\/i0.wp.com\/www.communicatio-optima.com\/wp-content\/uploads\/2024\/01\/illustatrion-and-example-sentence-pcm-personality-type-imaginer-dr-eva-maria-schottdorf.png?resize=18%2C12&ssl=1 18w\" sizes=\"(max-width: 997px) 100vw, 997px\" \/><\/figure>\n<\/div>\n\n\n<p class=\"has-text-align-center\"><a href=\"https:\/\/www.communicatio-optima.com\/en\/pcm\/personality-type-imaginer\/\" target=\"_blank\" rel=\"noreferrer noopener\"><strong>Imaginer<\/strong><\/a><\/p>\n\n\n<div class=\"wp-block-image\">\n<figure class=\"aligncenter size-full is-resized\"><img data-recalc-dims=\"1\" loading=\"lazy\" decoding=\"async\" width=\"1000\" height=\"711\" src=\"https:\/\/www.communicatio-optima.com\/wp-content\/uploads\/2024\/01\/illustatrion-and-example-sentence-pcm-personality-type-persister-dr-eva-maria-schottdorf.png\" alt=\"\" class=\"wp-image-10013\" style=\"width:172px;height:auto\" srcset=\"https:\/\/i0.wp.com\/www.communicatio-optima.com\/wp-content\/uploads\/2024\/01\/illustatrion-and-example-sentence-pcm-personality-type-persister-dr-eva-maria-schottdorf.png?w=1116&ssl=1 1116w, https:\/\/i0.wp.com\/www.communicatio-optima.com\/wp-content\/uploads\/2024\/01\/illustatrion-and-example-sentence-pcm-personality-type-persister-dr-eva-maria-schottdorf.png?resize=300%2C214&ssl=1 300w, https:\/\/i0.wp.com\/www.communicatio-optima.com\/wp-content\/uploads\/2024\/01\/illustatrion-and-example-sentence-pcm-personality-type-persister-dr-eva-maria-schottdorf.png?resize=1024%2C731&ssl=1 1024w, https:\/\/i0.wp.com\/www.communicatio-optima.com\/wp-content\/uploads\/2024\/01\/illustatrion-and-example-sentence-pcm-personality-type-persister-dr-eva-maria-schottdorf.png?resize=768%2C548&ssl=1 768w, https:\/\/i0.wp.com\/www.communicatio-optima.com\/wp-content\/uploads\/2024\/01\/illustatrion-and-example-sentence-pcm-personality-type-persister-dr-eva-maria-schottdorf.png?resize=18%2C12&ssl=1 18w\" sizes=\"(max-width: 1000px) 100vw, 1000px\" \/><\/figure>\n<\/div>\n\n\n<p class=\"has-text-align-center\"><a href=\"https:\/\/www.communicatio-optima.com\/en\/pcm\/personality-type-persister\/\" target=\"_blank\" rel=\"noreferrer noopener\"><strong>Persister<\/strong><\/a><\/p>\n\n\n<div class=\"wp-block-image\">\n<figure class=\"aligncenter size-full is-resized\"><img data-recalc-dims=\"1\" loading=\"lazy\" decoding=\"async\" width=\"999\" height=\"784\" src=\"https:\/\/www.communicatio-optima.com\/wp-content\/uploads\/2024\/01\/illustatrion-and-example-sentence-pcm-personality-type-promoter-dr-eva-maria-schottdorf.png\" alt=\"\" class=\"wp-image-10009\" style=\"width:177px;height:auto\" srcset=\"https:\/\/i0.wp.com\/www.communicatio-optima.com\/wp-content\/uploads\/2024\/01\/illustatrion-and-example-sentence-pcm-personality-type-promoter-dr-eva-maria-schottdorf.png?w=999&ssl=1 999w, https:\/\/i0.wp.com\/www.communicatio-optima.com\/wp-content\/uploads\/2024\/01\/illustatrion-and-example-sentence-pcm-personality-type-promoter-dr-eva-maria-schottdorf.png?resize=300%2C235&ssl=1 300w, https:\/\/i0.wp.com\/www.communicatio-optima.com\/wp-content\/uploads\/2024\/01\/illustatrion-and-example-sentence-pcm-personality-type-promoter-dr-eva-maria-schottdorf.png?resize=768%2C603&ssl=1 768w, https:\/\/i0.wp.com\/www.communicatio-optima.com\/wp-content\/uploads\/2024\/01\/illustatrion-and-example-sentence-pcm-personality-type-promoter-dr-eva-maria-schottdorf.png?resize=15%2C12&ssl=1 15w\" sizes=\"(max-width: 999px) 100vw, 999px\" \/><\/figure>\n<\/div>\n\n\n<p class=\"has-text-align-center\"><a href=\"https:\/\/www.communicatio-optima.com\/en\/pcm\/personality-type-promoter\/\" target=\"_blank\" rel=\"noreferrer noopener\"><strong>Promoter<\/strong><\/a><\/p>\n\n\n<div class=\"wp-block-image\">\n<figure class=\"aligncenter size-full is-resized\"><img data-recalc-dims=\"1\" loading=\"lazy\" decoding=\"async\" width=\"1000\" height=\"684\" src=\"https:\/\/www.communicatio-optima.com\/wp-content\/uploads\/2024\/01\/illustatrion-and-example-sentence-pcm-personality-type-rebel-dr-eva-maria-schottdorf.png\" alt=\"\" class=\"wp-image-10010\" style=\"width:184px;height:auto\" srcset=\"https:\/\/i0.wp.com\/www.communicatio-optima.com\/wp-content\/uploads\/2024\/01\/illustatrion-and-example-sentence-pcm-personality-type-rebel-dr-eva-maria-schottdorf.png?w=1000&ssl=1 1000w, https:\/\/i0.wp.com\/www.communicatio-optima.com\/wp-content\/uploads\/2024\/01\/illustatrion-and-example-sentence-pcm-personality-type-rebel-dr-eva-maria-schottdorf.png?resize=300%2C205&ssl=1 300w, https:\/\/i0.wp.com\/www.communicatio-optima.com\/wp-content\/uploads\/2024\/01\/illustatrion-and-example-sentence-pcm-personality-type-rebel-dr-eva-maria-schottdorf.png?resize=768%2C525&ssl=1 768w, https:\/\/i0.wp.com\/www.communicatio-optima.com\/wp-content\/uploads\/2024\/01\/illustatrion-and-example-sentence-pcm-personality-type-rebel-dr-eva-maria-schottdorf.png?resize=18%2C12&ssl=1 18w\" sizes=\"(max-width: 1000px) 100vw, 1000px\" \/><\/figure>\n<\/div>\n\n\n<p class=\"has-text-align-center\"><a rel=\"noreferrer noopener\" href=\"https:\/\/www.communicatio-optima.com\/en\/pcm\/personality-type-rebel\/\" target=\"_blank\"><strong>Rebel<\/strong><\/a><\/p>\n\n\n\n<div class=\"wp-block-buttons is-horizontal is-content-justification-right is-layout-flex wp-container-core-buttons-is-layout-ae2fe186 wp-block-buttons-is-layout-flex\">\n<div class=\"wp-block-button\"><a class=\"wp-block-button__link wp-element-button\" href=\"#A\">Back to top<\/a><\/div>\n<\/div>\n<div class=\"shariff shariff-align-left shariff-widget-align-center\" data-services=\"facebook\" data-url=\"http:\/\/www.communicatio-optima.com\/en\/process-communication-model-pcm\/persoenlichkeitstyp-logiker\/\" data-timestamp=\"1704196233\" data-hidezero=\"1\" data-backendurl=\"http:\/\/www.communicatio-optima.com\/en\/wp-json\/shariff\/v1\/share_counts?\"><ul class=\"shariff-buttons theme-round orientation-horizontal buttonsize-small\"><li class=\"shariff-button linkedin\" style=\"background-color:#000000\"><a href=\"https:\/\/www.linkedin.com\/sharing\/share-offsite\/?url=http%3A%2F%2Fwww.communicatio-optima.com%2Fen%2Fprocess-communication-model-pcm%2Fpersoenlichkeitstyp-logiker%2F\" title=\"Share on LinkedIn\" aria-label=\"Share on LinkedIn\" role=\"button\" rel=\"noopener nofollow\" class=\"shariff-link\" style=\"; background-color:#3936eb; color:#fff\" target=\"_blank\"><span class=\"shariff-icon\" style=\"\"><svg width=\"32px\" height=\"20px\" xmlns=\"http:\/\/www.w3.org\/2000\/svg\" viewbox=\"0 0 27 32\"><path fill=\"#0077b5\" d=\"M6.2 11.2v17.7h-5.9v-17.7h5.9zM6.6 5.7q0 1.3-0.9 2.2t-2.4 0.9h0q-1.5 0-2.4-0.9t-0.9-2.2 0.9-2.2 2.4-0.9 2.4 0.9 0.9 2.2zM27.4 18.7v10.1h-5.9v-9.5q0-1.9-0.7-2.9t-2.3-1.1q-1.1 0-1.9 0.6t-1.2 1.5q-0.2 0.5-0.2 1.4v9.9h-5.9q0-7.1 0-11.6t0-5.3l0-0.9h5.9v2.6h0q0.4-0.6 0.7-1t1-0.9 1.6-0.8 2-0.3q3 0 4.9 2t1.9 6z\"\/><\/svg><\/span><\/a><\/li><li class=\"shariff-button xing\" style=\"background-color:#000000\"><a href=\"https:\/\/www.xing.com\/spi\/shares\/new?url=http%3A%2F%2Fwww.communicatio-optima.com%2Fen%2Fprocess-communication-model-pcm%2Fpersoenlichkeitstyp-logiker%2F\" title=\"Share on XING\" aria-label=\"Share on XING\" role=\"button\" rel=\"noopener nofollow\" class=\"shariff-link\" style=\"; background-color:#3936eb; color:#fff\" target=\"_blank\"><span class=\"shariff-icon\" style=\"\"><svg width=\"32px\" height=\"20px\" xmlns=\"http:\/\/www.w3.org\/2000\/svg\" viewbox=\"0 0 25 32\"><path fill=\"#126567\" d=\"M10.7 11.9q-0.2 0.3-4.6 8.2-0.5 0.8-1.2 0.8h-4.3q-0.4 0-0.5-0.3t0-0.6l4.5-8q0 0 0 0l-2.9-5q-0.2-0.4 0-0.7 0.2-0.3 0.5-0.3h4.3q0.7 0 1.2 0.8zM25.1 0.4q0.2 0.3 0 0.7l-9.4 16.7 6 11q0.2 0.4 0 0.6-0.2 0.3-0.6 0.3h-4.3q-0.7 0-1.2-0.8l-6-11.1q0.3-0.6 9.5-16.8 0.4-0.8 1.2-0.8h4.3q0.4 0 0.5 0.3z\"\/><\/svg><\/span><\/a><\/li><li class=\"shariff-button twitter\" style=\"background-color:#000000\"><a href=\"https:\/\/twitter.com\/share?url=http%3A%2F%2Fwww.communicatio-optima.com%2Fen%2Fprocess-communication-model-pcm%2Fpersoenlichkeitstyp-logiker%2F&text=Pers%C3%B6nlichkeitstyp%20Logiker\" title=\"Share on X\" aria-label=\"Share on X\" role=\"button\" rel=\"noopener nofollow\" class=\"shariff-link\" style=\"; background-color:#3936eb; color:#fff\" target=\"_blank\"><span class=\"shariff-icon\" style=\"\"><svg width=\"32px\" height=\"20px\" xmlns=\"http:\/\/www.w3.org\/2000\/svg\" viewbox=\"0 0 24 24\"><path fill=\"#000\" d=\"M14.258 10.152L23.176 0h-2.113l-7.747 8.813L7.133 0H0l9.352 13.328L0 23.973h2.113l8.176-9.309 6.531 9.309h7.133zm-2.895 3.293l-.949-1.328L2.875 1.56h3.246l6.086 8.523.945 1.328 7.91 11.078h-3.246zm0 0\"\/><\/svg><\/span><\/a><\/li><li class=\"shariff-button flipboard\" style=\"background-color:#000000\"><a href=\"https:\/\/share.flipboard.com\/bookmarklet\/popout?v=2&title=Pers%C3%B6nlichkeitstyp%20Logiker&url=http%3A%2F%2Fwww.communicatio-optima.com%2Fen%2Fprocess-communication-model-pcm%2Fpersoenlichkeitstyp-logiker%2F\" title=\"Share on Flipboard\" aria-label=\"Share on Flipboard\" role=\"button\" rel=\"noopener nofollow\" class=\"shariff-link\" style=\"; background-color:#3936eb; color:#fff\" target=\"_blank\"><span class=\"shariff-icon\" style=\"\"><svg width=\"24px\" height=\"24px\" xmlns=\"http:\/\/www.w3.org\/2000\/svg\" viewbox=\"0 0 24 24\"><path fill=\"#f52828\" d=\"M0 0h8v24H0V0zm9 9h7v7H9V9zm0-9h15v8H9V0z\"\/><\/svg><\/span><\/a><\/li><li class=\"shariff-button facebook\" style=\"background-color:#000000\"><a href=\"https:\/\/www.facebook.com\/sharer\/sharer.php?u=http%3A%2F%2Fwww.communicatio-optima.com%2Fen%2Fprocess-communication-model-pcm%2Fpersoenlichkeitstyp-logiker%2F\" title=\"Share on Facebook\" aria-label=\"Share on Facebook\" role=\"button\" rel=\"nofollow\" class=\"shariff-link\" style=\"; background-color:#3936eb; color:#fff\" target=\"_blank\"><span class=\"shariff-icon\" style=\"\"><svg width=\"32px\" height=\"20px\" xmlns=\"http:\/\/www.w3.org\/2000\/svg\" viewbox=\"0 0 18 32\"><path fill=\"#3b5998\" d=\"M17.1 0.2v4.7h-2.8q-1.5 0-2.1 0.6t-0.5 1.9v3.4h5.2l-0.7 5.3h-4.5v13.6h-5.5v-13.6h-4.5v-5.3h4.5v-3.9q0-3.3 1.9-5.2t5-1.8q2.6 0 4.1 0.2z\"\/><\/svg><\/span><\/a><\/li><\/ul><\/div>","protected":false},"excerpt":{"rendered":"<p>In einer Welt der Verantwortung, Logik und perfekter Ordnung Menschen mit vorherrschendem Logiker sind sich ihrer Verantwortung in besonderem Ma\u00dfe bewu\u00dft. Sie sind bereit, diese nicht nur f\u00fcr sich selbst zu tragen, sondern auch in Bezug auf ihre Aufgaben und ihre Mitmenschen. Sie hungern regelrecht nach Informationen und suchen diese zu allen Themen, mit welchen [&hellip;]<\/p>\n","protected":false},"author":1,"featured_media":0,"parent":59,"menu_order":1,"comment_status":"closed","ping_status":"closed","template":"","meta":{"_genesis_hide_title":false,"_genesis_hide_breadcrumbs":false,"_genesis_hide_singular_image":false,"_genesis_hide_footer_widgets":false,"_genesis_custom_body_class":"","_genesis_custom_post_class":"","_genesis_layout":"","footnotes":""},"class_list":{"0":"post-209","1":"page","2":"type-page","3":"status-publish","5":"entry"},"_links":{"self":[{"href":"http:\/\/www.communicatio-optima.com\/en\/wp-json\/wp\/v2\/pages\/209","targetHints":{"allow":["GET"]}}],"collection":[{"href":"http:\/\/www.communicatio-optima.com\/en\/wp-json\/wp\/v2\/pages"}],"about":[{"href":"http:\/\/www.communicatio-optima.com\/en\/wp-json\/wp\/v2\/types\/page"}],"author":[{"embeddable":true,"href":"http:\/\/www.communicatio-optima.com\/en\/wp-json\/wp\/v2\/users\/1"}],"replies":[{"embeddable":true,"href":"http:\/\/www.communicatio-optima.com\/en\/wp-json\/wp\/v2\/comments?post=209"}],"version-history":[{"count":10,"href":"http:\/\/www.communicatio-optima.com\/en\/wp-json\/wp\/v2\/pages\/209\/revisions"}],"predecessor-version":[{"id":10070,"href":"http:\/\/www.communicatio-optima.com\/en\/wp-json\/wp\/v2\/pages\/209\/revisions\/10070"}],"up":[{"embeddable":true,"href":"http:\/\/www.communicatio-optima.com\/en\/wp-json\/wp\/v2\/pages\/59"}],"wp:attachment":[{"href":"http:\/\/www.communicatio-optima.com\/en\/wp-json\/wp\/v2\/media?parent=209"}],"curies":[{"name":"wp","href":"https:\/\/api.w.org\/{rel}","templated":true}]}}