{"id":14091,"date":"2026-01-05T16:03:58","date_gmt":"2026-01-05T15:03:58","guid":{"rendered":"https:\/\/www.communicatio-optima.com\/ihre-kundendaten\/"},"modified":"2026-03-17T21:17:09","modified_gmt":"2026-03-17T20:17:09","slug":"ihr-kundenkonto","status":"publish","type":"page","link":"https:\/\/www.communicatio-optima.com\/en\/ihr-kundenkonto\/","title":{"rendered":"Ihr Kundenkonto"},"content":{"rendered":"<div class=\"trp-block-container\"><div class=\"trp_language_switcher_shortcode\">\n<div class=\"trp-language-switcher trp-language-switcher-container\" data-no-translation >\n    <div class=\"trp-ls-shortcode-current-language\">\n        <a href=\"#\" class=\"trp-ls-shortcode-disabled-language trp-ls-disabled-language\" title=\"English\" onclick=\"event.preventDefault()\">\n\t\t\t<img data-recalc-dims=\"1\" decoding=\"async\" class=\"trp-flag-image\" src=\"https:\/\/i0.wp.com\/www.communicatio-optima.com\/wp-content\/plugins\/translatepress-multilingual\/assets\/images\/flags\/en_GB.png?resize=18%2C12&#038;ssl=1\" width=\"18\" height=\"12\" alt=\"en_GB\" title=\"English\"> \t\t<\/a>\n    <\/div>\n    <div class=\"trp-ls-shortcode-language\">\n                <a href=\"#\" class=\"trp-ls-shortcode-disabled-language trp-ls-disabled-language\"  title=\"English\" onclick=\"event.preventDefault()\">\n\t\t\t<img data-recalc-dims=\"1\" decoding=\"async\" class=\"trp-flag-image\" src=\"https:\/\/i0.wp.com\/www.communicatio-optima.com\/wp-content\/plugins\/translatepress-multilingual\/assets\/images\/flags\/en_GB.png?resize=18%2C12&#038;ssl=1\" width=\"18\" height=\"12\" alt=\"en_GB\" title=\"English\"> \t\t<\/a>\n                    <a href=\"https:\/\/www.communicatio-optima.com\/en\/wp-json\/wp\/v2\/pages\/14091#TRPLINKPROCESSED\" title=\"German\">\n            <img data-recalc-dims=\"1\" decoding=\"async\" class=\"trp-flag-image\" src=\"https:\/\/i0.wp.com\/www.communicatio-optima.com\/wp-content\/plugins\/translatepress-multilingual\/assets\/images\/flags\/de_DE_formal.png?resize=18%2C12&#038;ssl=1\" width=\"18\" height=\"12\" alt=\"de_DE_formal\" title=\"German\">         <\/a>\n\n        <\/div>\n    <script data-jetpack-boost=\"ignore\" type=\"application\/javascript\">\n        \/\/ need to have the same with set from JS on both divs. Otherwise it can push stuff around in HTML\n        var trp_ls_shortcodes = document.querySelectorAll('.trp_language_switcher_shortcode .trp-language-switcher');\n        if ( trp_ls_shortcodes.length > 0) {\n            \/\/ get the last language switcher added\n            var trp_el = trp_ls_shortcodes[trp_ls_shortcodes.length - 1];\n\n            var trp_shortcode_language_item = trp_el.querySelector( '.trp-ls-shortcode-language' )\n            \/\/ set width\n            var trp_ls_shortcode_width                                               = trp_shortcode_language_item.offsetWidth + 16;\n            trp_shortcode_language_item.style.width                                  = trp_ls_shortcode_width + 'px';\n            trp_el.querySelector( '.trp-ls-shortcode-current-language' ).style.width = trp_ls_shortcode_width + 'px';\n\n            \/\/ We're putting this on display: none after we have its width.\n            trp_shortcode_language_item.style.display = 'none';\n        }\n    <\/script>\n<\/div>\n<\/div><\/div>\n\n<div class=\"wp-block-image\">\n<figure class=\"aligncenter size-full\"><img data-recalc-dims=\"1\" fetchpriority=\"high\" decoding=\"async\" width=\"288\" height=\"288\" src=\"https:\/\/i0.wp.com\/www.communicatio-optima.com\/wp-content\/uploads\/2023\/09\/logo-communicatio-optima-dr-schottdorf-landingpages.png?resize=288%2C288&#038;ssl=1\" alt=\"\" class=\"wp-image-9332\" srcset=\"https:\/\/i0.wp.com\/www.communicatio-optima.com\/wp-content\/uploads\/2023\/09\/logo-communicatio-optima-dr-schottdorf-landingpages.png?w=288&amp;ssl=1 288w, https:\/\/i0.wp.com\/www.communicatio-optima.com\/wp-content\/uploads\/2023\/09\/logo-communicatio-optima-dr-schottdorf-landingpages.png?resize=150%2C150&amp;ssl=1 150w, https:\/\/i0.wp.com\/www.communicatio-optima.com\/wp-content\/uploads\/2023\/09\/logo-communicatio-optima-dr-schottdorf-landingpages.png?resize=12%2C12&amp;ssl=1 12w\" sizes=\"(max-width: 288px) 100vw, 288px\" \/><\/figure>\n<\/div>\n\n\n<p class=\"has-text-align-center\" id=\"rumaenisch\">Communicatio optima<\/p>\n\n\n\n<p class=\"has-text-align-center\">Dr. med. Eva-Maria Schottdorf MSc &#8211; Not\u00e4rztin | Autorin | Trainerin<\/p>\n\n\n\n<div class=\"wp-block-buttons is-content-justification-right is-layout-flex wp-container-core-buttons-is-layout-765c4724 wp-block-buttons-is-layout-flex\">\n<div class=\"wp-block-button\"><a class=\"wp-block-button__link wp-element-button\" href=\"https:\/\/www.communicatio-optima.com\/shop\">zum Shop<\/a><\/div>\n<\/div>\n\n\n<style id=\"fluent-cart-block-supports-css\">:root{--wp--preset--aspect-ratio--square: 1;--wp--preset--aspect-ratio--4-3: 4\/3;--wp--preset--aspect-ratio--3-4: 3\/4;--wp--preset--aspect-ratio--3-2: 3\/2;--wp--preset--aspect-ratio--2-3: 2\/3;--wp--preset--aspect-ratio--16-9: 16\/9;--wp--preset--aspect-ratio--9-16: 9\/16;--wp--preset--color--black: #000000;--wp--preset--color--cyan-bluish-gray: #abb8c3;--wp--preset--color--white: #ffffff;--wp--preset--color--pale-pink: #f78da7;--wp--preset--color--vivid-red: #cf2e2e;--wp--preset--color--luminous-vivid-orange: #ff6900;--wp--preset--color--luminous-vivid-amber: #fcb900;--wp--preset--color--light-green-cyan: #7bdcb5;--wp--preset--color--vivid-green-cyan: #00d084;--wp--preset--color--pale-cyan-blue: #8ed1fc;--wp--preset--color--vivid-cyan-blue: #0693e3;--wp--preset--color--vivid-purple: #9b51e0;--wp--preset--gradient--vivid-cyan-blue-to-vivid-purple: linear-gradient(135deg,rgb(6,147,227) 0%,rgb(155,81,224) 100%);--wp--preset--gradient--light-green-cyan-to-vivid-green-cyan: linear-gradient(135deg,rgb(122,220,180) 0%,rgb(0,208,130) 100%);--wp--preset--gradient--luminous-vivid-amber-to-luminous-vivid-orange: linear-gradient(135deg,rgb(252,185,0) 0%,rgb(255,105,0) 100%);--wp--preset--gradient--luminous-vivid-orange-to-vivid-red: linear-gradient(135deg,rgb(255,105,0) 0%,rgb(207,46,46) 100%);--wp--preset--gradient--very-light-gray-to-cyan-bluish-gray: linear-gradient(135deg,rgb(238,238,238) 0%,rgb(169,184,195) 100%);--wp--preset--gradient--cool-to-warm-spectrum: linear-gradient(135deg,rgb(74,234,220) 0%,rgb(151,120,209) 20%,rgb(207,42,186) 40%,rgb(238,44,130) 60%,rgb(251,105,98) 80%,rgb(254,248,76) 100%);--wp--preset--gradient--blush-light-purple: linear-gradient(135deg,rgb(255,206,236) 0%,rgb(152,150,240) 100%);--wp--preset--gradient--blush-bordeaux: linear-gradient(135deg,rgb(254,205,165) 0%,rgb(254,45,45) 50%,rgb(107,0,62) 100%);--wp--preset--gradient--luminous-dusk: linear-gradient(135deg,rgb(255,203,112) 0%,rgb(199,81,192) 50%,rgb(65,88,208) 100%);--wp--preset--gradient--pale-ocean: linear-gradient(135deg,rgb(255,245,203) 0%,rgb(182,227,212) 50%,rgb(51,167,181) 100%);--wp--preset--gradient--electric-grass: linear-gradient(135deg,rgb(202,248,128) 0%,rgb(113,206,126) 100%);--wp--preset--gradient--midnight: linear-gradient(135deg,rgb(2,3,129) 0%,rgb(40,116,252) 100%);--wp--preset--font-size--small: 13px;--wp--preset--font-size--medium: 20px;--wp--preset--font-size--large: 36px;--wp--preset--font-size--x-large: 42px;--wp--preset--spacing--20: 0.44rem;--wp--preset--spacing--30: 0.67rem;--wp--preset--spacing--40: 1rem;--wp--preset--spacing--50: 1.5rem;--wp--preset--spacing--60: 2.25rem;--wp--preset--spacing--70: 3.38rem;--wp--preset--spacing--80: 5.06rem;--wp--preset--shadow--natural: 6px 6px 9px rgba(0, 0, 0, 0.2);--wp--preset--shadow--deep: 12px 12px 50px rgba(0, 0, 0, 0.4);--wp--preset--shadow--sharp: 6px 6px 0px rgba(0, 0, 0, 0.2);--wp--preset--shadow--outlined: 6px 6px 0px -3px rgb(255, 255, 255), 6px 6px rgb(0, 0, 0);--wp--preset--shadow--crisp: 6px 6px 0px rgb(0, 0, 0);}.has-black-color{color: var(--wp--preset--color--black) !important;}.has-cyan-bluish-gray-color{color: var(--wp--preset--color--cyan-bluish-gray) !important;}.has-white-color{color: var(--wp--preset--color--white) !important;}.has-pale-pink-color{color: var(--wp--preset--color--pale-pink) !important;}.has-vivid-red-color{color: var(--wp--preset--color--vivid-red) !important;}.has-luminous-vivid-orange-color{color: var(--wp--preset--color--luminous-vivid-orange) !important;}.has-luminous-vivid-amber-color{color: var(--wp--preset--color--luminous-vivid-amber) !important;}.has-light-green-cyan-color{color: var(--wp--preset--color--light-green-cyan) !important;}.has-vivid-green-cyan-color{color: var(--wp--preset--color--vivid-green-cyan) !important;}.has-pale-cyan-blue-color{color: var(--wp--preset--color--pale-cyan-blue) !important;}.has-vivid-cyan-blue-color{color: var(--wp--preset--color--vivid-cyan-blue) !important;}.has-vivid-purple-color{color: var(--wp--preset--color--vivid-purple) !important;}.has-black-background-color{background-color: var(--wp--preset--color--black) !important;}.has-cyan-bluish-gray-background-color{background-color: var(--wp--preset--color--cyan-bluish-gray) !important;}.has-white-background-color{background-color: var(--wp--preset--color--white) !important;}.has-pale-pink-background-color{background-color: var(--wp--preset--color--pale-pink) !important;}.has-vivid-red-background-color{background-color: var(--wp--preset--color--vivid-red) !important;}.has-luminous-vivid-orange-background-color{background-color: var(--wp--preset--color--luminous-vivid-orange) !important;}.has-luminous-vivid-amber-background-color{background-color: var(--wp--preset--color--luminous-vivid-amber) !important;}.has-light-green-cyan-background-color{background-color: var(--wp--preset--color--light-green-cyan) !important;}.has-vivid-green-cyan-background-color{background-color: var(--wp--preset--color--vivid-green-cyan) !important;}.has-pale-cyan-blue-background-color{background-color: var(--wp--preset--color--pale-cyan-blue) !important;}.has-vivid-cyan-blue-background-color{background-color: var(--wp--preset--color--vivid-cyan-blue) !important;}.has-vivid-purple-background-color{background-color: var(--wp--preset--color--vivid-purple) !important;}.has-black-border-color{border-color: var(--wp--preset--color--black) !important;}.has-cyan-bluish-gray-border-color{border-color: var(--wp--preset--color--cyan-bluish-gray) !important;}.has-white-border-color{border-color: var(--wp--preset--color--white) !important;}.has-pale-pink-border-color{border-color: var(--wp--preset--color--pale-pink) !important;}.has-vivid-red-border-color{border-color: var(--wp--preset--color--vivid-red) !important;}.has-luminous-vivid-orange-border-color{border-color: var(--wp--preset--color--luminous-vivid-orange) !important;}.has-luminous-vivid-amber-border-color{border-color: var(--wp--preset--color--luminous-vivid-amber) !important;}.has-light-green-cyan-border-color{border-color: var(--wp--preset--color--light-green-cyan) !important;}.has-vivid-green-cyan-border-color{border-color: var(--wp--preset--color--vivid-green-cyan) !important;}.has-pale-cyan-blue-border-color{border-color: var(--wp--preset--color--pale-cyan-blue) !important;}.has-vivid-cyan-blue-border-color{border-color: var(--wp--preset--color--vivid-cyan-blue) !important;}.has-vivid-purple-border-color{border-color: var(--wp--preset--color--vivid-purple) !important;}.has-vivid-cyan-blue-to-vivid-purple-gradient-background{background: var(--wp--preset--gradient--vivid-cyan-blue-to-vivid-purple) !important;}.has-light-green-cyan-to-vivid-green-cyan-gradient-background{background: var(--wp--preset--gradient--light-green-cyan-to-vivid-green-cyan) !important;}.has-luminous-vivid-amber-to-luminous-vivid-orange-gradient-background{background: var(--wp--preset--gradient--luminous-vivid-amber-to-luminous-vivid-orange) !important;}.has-luminous-vivid-orange-to-vivid-red-gradient-background{background: var(--wp--preset--gradient--luminous-vivid-orange-to-vivid-red) !important;}.has-very-light-gray-to-cyan-bluish-gray-gradient-background{background: var(--wp--preset--gradient--very-light-gray-to-cyan-bluish-gray) !important;}.has-cool-to-warm-spectrum-gradient-background{background: var(--wp--preset--gradient--cool-to-warm-spectrum) !important;}.has-blush-light-purple-gradient-background{background: var(--wp--preset--gradient--blush-light-purple) !important;}.has-blush-bordeaux-gradient-background{background: var(--wp--preset--gradient--blush-bordeaux) !important;}.has-luminous-dusk-gradient-background{background: var(--wp--preset--gradient--luminous-dusk) !important;}.has-pale-ocean-gradient-background{background: var(--wp--preset--gradient--pale-ocean) !important;}.has-electric-grass-gradient-background{background: var(--wp--preset--gradient--electric-grass) !important;}.has-midnight-gradient-background{background: var(--wp--preset--gradient--midnight) !important;}.has-small-font-size{font-size: var(--wp--preset--font-size--small) !important;}.has-medium-font-size{font-size: var(--wp--preset--font-size--medium) !important;}.has-large-font-size{font-size: var(--wp--preset--font-size--large) !important;}.has-x-large-font-size{font-size: var(--wp--preset--font-size--x-large) !important;}<\/style>                <div class=\"fct_auth_wrap\">\n                    <div class=\"fct_auth_message\">\n                        <h2>Login<\/h2>\n                        <p>Please log in to access your customer portal.<\/p>\n                        <a href=\"https:\/\/www.communicatio-optima.com\/wp-login.php?redirect_to=https%3A%2F%2Fwww.communicatio-optima.com%2Fen%2Fihr-kundenkonto%2F\" class=\"button\">\n                            Login                        <\/a>\n                    <\/div>\n                <\/div>\n                \n\n\n<p>Coming soon.<\/p>\n\n\n\n<p>F\u00fcr alle an mobilen Endger\u00e4ten ist dies die Abk\u00fcrzung zu meinem <a href=\"https:\/\/www.communicatio-optima.com\/impressum\" target=\"_blank\" rel=\"noreferrer noopener\">Impressum<\/a>.<\/p>\n\n\n\n<p>So gelangen Sie rasch zur <a href=\"https:\/\/www.communicatio-optima.com\/datenschutzerklaerung\/\" data-type=\"link\" data-id=\"https:\/\/www.communicatio-optima.com\/datenschutzerklaerung\/\" target=\"_blank\" rel=\"noreferrer noopener\">Datenschutzerkl\u00e4rung<\/a>.<\/p>\n\n\n\n<p>F\u00fcr Ihre sichere Landung auf meiner <a href=\"https:\/\/www.communicatio-optima.com\" data-type=\"URL\" data-id=\"https:\/\/www.communicatio-optima.com\" target=\"_blank\" rel=\"noreferrer noopener\">Startseite<\/a>.<\/p>\n\n\n\n<p><\/p>\n<div class=\"shariff shariff-align-flex-start shariff-widget-align-center\" data-services=\"facebook\" data-url=\"https%3A%2F%2Fwww.communicatio-optima.com%2Fen%2Fihr-kundenkonto%2F\" data-timestamp=\"1773782229\" data-hidezero=\"1\" data-backendurl=\"https:\/\/www.communicatio-optima.com\/en\/wp-json\/shariff\/v1\/share_counts?\"><ul class=\"shariff-buttons theme-round orientation-horizontal buttonsize-small\"><li class=\"shariff-button linkedin\" style=\"background-color:#000000\"><a href=\"https:\/\/www.linkedin.com\/sharing\/share-offsite\/?url=https%3A%2F%2Fwww.communicatio-optima.com%2Fen%2Fihr-kundenkonto%2F\" title=\"Share on LinkedIn\" aria-label=\"Share on LinkedIn\" role=\"button\" rel=\"noopener nofollow\" class=\"shariff-link\" style=\"; background-color:#3936eb; color:#fff\" target=\"_blank\"><span class=\"shariff-icon\" style=\"\"><svg width=\"32px\" height=\"20px\" xmlns=\"http:\/\/www.w3.org\/2000\/svg\" viewBox=\"0 0 27 32\"><path fill=\"#0077b5\" d=\"M6.2 11.2v17.7h-5.9v-17.7h5.9zM6.6 5.7q0 1.3-0.9 2.2t-2.4 0.9h0q-1.5 0-2.4-0.9t-0.9-2.2 0.9-2.2 2.4-0.9 2.4 0.9 0.9 2.2zM27.4 18.7v10.1h-5.9v-9.5q0-1.9-0.7-2.9t-2.3-1.1q-1.1 0-1.9 0.6t-1.2 1.5q-0.2 0.5-0.2 1.4v9.9h-5.9q0-7.1 0-11.6t0-5.3l0-0.9h5.9v2.6h0q0.4-0.6 0.7-1t1-0.9 1.6-0.8 2-0.3q3 0 4.9 2t1.9 6z\"\/><\/svg><\/span><\/a><\/li><li class=\"shariff-button xing\" style=\"background-color:#000000\"><a href=\"https:\/\/www.xing.com\/spi\/shares\/new?url=https%3A%2F%2Fwww.communicatio-optima.com%2Fen%2Fihr-kundenkonto%2F\" title=\"Share on XING\" aria-label=\"Share on XING\" role=\"button\" rel=\"noopener nofollow\" class=\"shariff-link\" style=\"; background-color:#3936eb; color:#fff\" target=\"_blank\"><span class=\"shariff-icon\" style=\"\"><svg width=\"32px\" height=\"20px\" xmlns=\"http:\/\/www.w3.org\/2000\/svg\" viewBox=\"0 0 25 32\"><path fill=\"#126567\" d=\"M10.7 11.9q-0.2 0.3-4.6 8.2-0.5 0.8-1.2 0.8h-4.3q-0.4 0-0.5-0.3t0-0.6l4.5-8q0 0 0 0l-2.9-5q-0.2-0.4 0-0.7 0.2-0.3 0.5-0.3h4.3q0.7 0 1.2 0.8zM25.1 0.4q0.2 0.3 0 0.7l-9.4 16.7 6 11q0.2 0.4 0 0.6-0.2 0.3-0.6 0.3h-4.3q-0.7 0-1.2-0.8l-6-11.1q0.3-0.6 9.5-16.8 0.4-0.8 1.2-0.8h4.3q0.4 0 0.5 0.3z\"\/><\/svg><\/span><\/a><\/li><li class=\"shariff-button twitter\" style=\"background-color:#000000\"><a href=\"https:\/\/twitter.com\/share?url=https%3A%2F%2Fwww.communicatio-optima.com%2Fen%2Fihr-kundenkonto%2F&text=Ihr%20Kundenkonto\" title=\"Share on X\" aria-label=\"Share on X\" role=\"button\" rel=\"noopener nofollow\" class=\"shariff-link\" style=\"; background-color:#3936eb; color:#fff\" target=\"_blank\"><span class=\"shariff-icon\" style=\"\"><svg width=\"32px\" height=\"20px\" xmlns=\"http:\/\/www.w3.org\/2000\/svg\" viewBox=\"0 0 24 24\"><path fill=\"#000\" d=\"M14.258 10.152L23.176 0h-2.113l-7.747 8.813L7.133 0H0l9.352 13.328L0 23.973h2.113l8.176-9.309 6.531 9.309h7.133zm-2.895 3.293l-.949-1.328L2.875 1.56h3.246l6.086 8.523.945 1.328 7.91 11.078h-3.246zm0 0\"\/><\/svg><\/span><\/a><\/li><li class=\"shariff-button flipboard\" style=\"background-color:#000000\"><a href=\"https:\/\/share.flipboard.com\/bookmarklet\/popout?v=2&title=Ihr%20Kundenkonto&url=https%3A%2F%2Fwww.communicatio-optima.com%2Fen%2Fihr-kundenkonto%2F\" title=\"Share on Flipboard\" aria-label=\"Share on Flipboard\" role=\"button\" rel=\"noopener nofollow\" class=\"shariff-link\" style=\"; background-color:#3936eb; color:#fff\" target=\"_blank\"><span class=\"shariff-icon\" style=\"\"><svg width=\"24px\" height=\"24px\" xmlns=\"http:\/\/www.w3.org\/2000\/svg\" viewBox=\"0 0 24 24\"><path fill=\"#f52828\" d=\"M0 0h8v24H0V0zm9 9h7v7H9V9zm0-9h15v8H9V0z\"\/><\/svg><\/span><\/a><\/li><li class=\"shariff-button facebook\" style=\"background-color:#000000\"><a href=\"https:\/\/www.facebook.com\/sharer\/sharer.php?u=https%3A%2F%2Fwww.communicatio-optima.com%2Fen%2Fihr-kundenkonto%2F\" title=\"Share on Facebook\" aria-label=\"Share on Facebook\" role=\"button\" rel=\"nofollow\" class=\"shariff-link\" style=\"; background-color:#3936eb; color:#fff\" target=\"_blank\"><span class=\"shariff-icon\" style=\"\"><svg width=\"32px\" height=\"20px\" xmlns=\"http:\/\/www.w3.org\/2000\/svg\" viewBox=\"0 0 18 32\"><path fill=\"#3b5998\" d=\"M17.1 0.2v4.7h-2.8q-1.5 0-2.1 0.6t-0.5 1.9v3.4h5.2l-0.7 5.3h-4.5v13.6h-5.5v-13.6h-4.5v-5.3h4.5v-3.9q0-3.3 1.9-5.2t5-1.8q2.6 0 4.1 0.2z\"\/><\/svg><\/span><\/a><\/li><\/ul><\/div>","protected":false},"excerpt":{"rendered":"<p>Communicatio optima Dr. med. Eva-Maria Schottdorf MSc &#8211; Not\u00e4rztin | Autorin | Trainerin Coming soon. F\u00fcr alle an mobilen Endger\u00e4ten ist dies die Abk\u00fcrzung zu meinem Impressum. So gelangen Sie rasch zur Datenschutzerkl\u00e4rung. F\u00fcr Ihre sichere Landung auf meiner Startseite.<\/p>","protected":false},"author":1,"featured_media":0,"parent":0,"menu_order":0,"comment_status":"closed","ping_status":"closed","template":"page_landing.php","meta":{"_genesis_hide_title":false,"_genesis_hide_breadcrumbs":false,"_genesis_hide_singular_image":false,"_genesis_hide_footer_widgets":false,"_genesis_custom_body_class":"","_genesis_custom_post_class":"","_genesis_layout":"","footnotes":""},"class_list":{"0":"post-14091","1":"page","2":"type-page","3":"status-publish","5":"entry"},"_links":{"self":[{"href":"https:\/\/www.communicatio-optima.com\/en\/wp-json\/wp\/v2\/pages\/14091","targetHints":{"allow":["GET"]}}],"collection":[{"href":"https:\/\/www.communicatio-optima.com\/en\/wp-json\/wp\/v2\/pages"}],"about":[{"href":"https:\/\/www.communicatio-optima.com\/en\/wp-json\/wp\/v2\/types\/page"}],"author":[{"embeddable":true,"href":"https:\/\/www.communicatio-optima.com\/en\/wp-json\/wp\/v2\/users\/1"}],"replies":[{"embeddable":true,"href":"https:\/\/www.communicatio-optima.com\/en\/wp-json\/wp\/v2\/comments?post=14091"}],"version-history":[{"count":6,"href":"https:\/\/www.communicatio-optima.com\/en\/wp-json\/wp\/v2\/pages\/14091\/revisions"}],"predecessor-version":[{"id":14576,"href":"https:\/\/www.communicatio-optima.com\/en\/wp-json\/wp\/v2\/pages\/14091\/revisions\/14576"}],"wp:attachment":[{"href":"https:\/\/www.communicatio-optima.com\/en\/wp-json\/wp\/v2\/media?parent=14091"}],"curies":[{"name":"wp","href":"https:\/\/api.w.org\/{rel}","templated":true}]}}