{"id":14094,"date":"2026-01-05T16:07:23","date_gmt":"2026-01-05T15:07:23","guid":{"rendered":"https:\/\/www.communicatio-optima.com\/kasse\/"},"modified":"2026-02-12T15:04:35","modified_gmt":"2026-02-12T14:04:35","slug":"kasse","status":"publish","type":"page","link":"https:\/\/www.communicatio-optima.com\/en\/kasse\/","title":{"rendered":"Kasse"},"content":{"rendered":"<div class=\"trp-block-container\"><div class=\"trp_language_switcher_shortcode\">\n<div class=\"trp-language-switcher trp-language-switcher-container\" data-no-translation >\n    <div class=\"trp-ls-shortcode-current-language\">\n        <a href=\"#\" class=\"trp-ls-shortcode-disabled-language trp-ls-disabled-language\" title=\"English\" onclick=\"event.preventDefault()\">\n\t\t\t<img data-recalc-dims=\"1\" decoding=\"async\" class=\"trp-flag-image\" src=\"https:\/\/i0.wp.com\/www.communicatio-optima.com\/wp-content\/plugins\/translatepress-multilingual\/assets\/images\/flags\/en_GB.png?resize=18%2C12&#038;ssl=1\" width=\"18\" height=\"12\" alt=\"en_GB\" title=\"English\"> \t\t<\/a>\n    <\/div>\n    <div class=\"trp-ls-shortcode-language\">\n                <a href=\"#\" class=\"trp-ls-shortcode-disabled-language trp-ls-disabled-language\"  title=\"English\" onclick=\"event.preventDefault()\">\n\t\t\t<img data-recalc-dims=\"1\" decoding=\"async\" class=\"trp-flag-image\" src=\"https:\/\/i0.wp.com\/www.communicatio-optima.com\/wp-content\/plugins\/translatepress-multilingual\/assets\/images\/flags\/en_GB.png?resize=18%2C12&#038;ssl=1\" width=\"18\" height=\"12\" alt=\"en_GB\" title=\"English\"> \t\t<\/a>\n                    <a href=\"https:\/\/www.communicatio-optima.com\/en\/wp-json\/wp\/v2\/pages\/14094#TRPLINKPROCESSED\" title=\"German\">\n            <img data-recalc-dims=\"1\" decoding=\"async\" class=\"trp-flag-image\" src=\"https:\/\/i0.wp.com\/www.communicatio-optima.com\/wp-content\/plugins\/translatepress-multilingual\/assets\/images\/flags\/de_DE_formal.png?resize=18%2C12&#038;ssl=1\" width=\"18\" height=\"12\" alt=\"de_DE_formal\" title=\"German\">         <\/a>\n\n        <\/div>\n    <script data-jetpack-boost=\"ignore\" type=\"application\/javascript\">\n        \/\/ need to have the same with set from JS on both divs. Otherwise it can push stuff around in HTML\n        var trp_ls_shortcodes = document.querySelectorAll('.trp_language_switcher_shortcode .trp-language-switcher');\n        if ( trp_ls_shortcodes.length > 0) {\n            \/\/ get the last language switcher added\n            var trp_el = trp_ls_shortcodes[trp_ls_shortcodes.length - 1];\n\n            var trp_shortcode_language_item = trp_el.querySelector( '.trp-ls-shortcode-language' )\n            \/\/ set width\n            var trp_ls_shortcode_width                                               = trp_shortcode_language_item.offsetWidth + 16;\n            trp_shortcode_language_item.style.width                                  = trp_ls_shortcode_width + 'px';\n            trp_el.querySelector( '.trp-ls-shortcode-current-language' ).style.width = trp_ls_shortcode_width + 'px';\n\n            \/\/ We're putting this on display: none after we have its width.\n            trp_shortcode_language_item.style.display = 'none';\n        }\n    <\/script>\n<\/div>\n<\/div><\/div>\n\n<div class=\"wp-block-image\">\n<figure class=\"aligncenter size-full\"><img data-recalc-dims=\"1\" fetchpriority=\"high\" decoding=\"async\" width=\"288\" height=\"288\" src=\"https:\/\/i0.wp.com\/www.communicatio-optima.com\/wp-content\/uploads\/2023\/09\/logo-communicatio-optima-dr-schottdorf-landingpages.png?resize=288%2C288&#038;ssl=1\" alt=\"\" class=\"wp-image-9332\" srcset=\"https:\/\/i0.wp.com\/www.communicatio-optima.com\/wp-content\/uploads\/2023\/09\/logo-communicatio-optima-dr-schottdorf-landingpages.png?w=288&amp;ssl=1 288w, https:\/\/i0.wp.com\/www.communicatio-optima.com\/wp-content\/uploads\/2023\/09\/logo-communicatio-optima-dr-schottdorf-landingpages.png?resize=150%2C150&amp;ssl=1 150w, https:\/\/i0.wp.com\/www.communicatio-optima.com\/wp-content\/uploads\/2023\/09\/logo-communicatio-optima-dr-schottdorf-landingpages.png?resize=12%2C12&amp;ssl=1 12w\" sizes=\"(max-width: 288px) 100vw, 288px\" \/><\/figure>\n<\/div>\n\n\n<p class=\"has-text-align-center\" id=\"rumaenisch\">Communicatio optima<\/p>\n\n\n\n<p class=\"has-text-align-center\">Dr. med. Eva-Maria Schottdorf MSc &#8211; Not\u00e4rztin | Autorin | Trainerin<\/p>\n\n\n\n        <div\n                class=\"fluent-cart-cart-empty-content\"\n                role=\"region\"\n                aria-label=\"Your cart is empty.\"\n        >\n\n\n                    <svg xmlns=\"http:\/\/www.w3.org\/2000\/svg\" width=\"157\" height=\"137\" viewBox=\"0 0 157 137\" fill=\"none\">\n            <path d=\"M21.5017 135H134.91\" stroke=\"#D6DCE8\" stroke-width=\"2\" stroke-miterlimit=\"10\"\n                  stroke-linejoin=\"round\"\/>\n            <path d=\"M8.60278 135H18.2925\" stroke=\"#D6DCE8\" stroke-width=\"2\" stroke-miterlimit=\"10\"\n                  stroke-linejoin=\"round\"\/>\n            <path d=\"M23.1192 26.0612L18.0879 27.0789L21.8382 46.0468L26.8695 45.0291L23.1192 26.0612Z\"\n                  fill=\"#D5DDEA\"\/>\n            <path d=\"M41.6122 46.1949L38.3471 29.4465H11.9932C10.827 29.4465 9.89417 28.9747 9.1945 28.2671L7.32873 26.144C6.62907 25.4364 7.09551 24.021 8.26162 24.021H40.4461C41.6122 24.021 42.7783 24.9646 43.0116 26.144L46.7431 45.0155L41.6122 46.1949Z\"\n                  fill=\"#D5DDEA\"\/>\n            <path d=\"M118.342 134.655C123.365 134.655 127.437 130.536 127.437 125.455C127.437 120.374 123.365 116.255 118.342 116.255C113.318 116.255 109.246 120.374 109.246 125.455C109.246 130.536 113.318 134.655 118.342 134.655Z\"\n                  fill=\"url(#paint0_linear_2971_9229)\"\/>\n            <path d=\"M54.2057 134.655C59.2291 134.655 63.3014 130.536 63.3014 125.455C63.3014 120.374 59.2291 116.255 54.2057 116.255C49.1824 116.255 45.1101 120.374 45.1101 125.455C45.1101 130.536 49.1824 134.655 54.2057 134.655Z\"\n                  fill=\"url(#paint1_linear_2971_9229)\"\/>\n            <path d=\"M53.4147 103.68L48.3865 104.713L52.6584 125.981L57.6867 124.948L53.4147 103.68Z\"\n                  fill=\"#D5DDEA\"\/>\n            <path d=\"M118.109 128.05H39.28C38.1139 128.05 36.9478 127.106 36.7146 125.927L31.1173 98.5629C30.884 97.1476 31.8169 95.7322 33.2162 95.4963C34.6156 95.2604 36.0149 96.204 36.2481 97.6194L41.379 122.86H118.342C119.741 122.86 120.907 124.039 120.907 125.455C120.907 126.87 119.741 128.05 118.109 128.05Z\"\n                  fill=\"#D5DDEA\"\/>\n            <path d=\"M38.8136 134.655C43.837 134.655 47.9093 130.536 47.9093 125.455C47.9093 120.374 43.837 116.255 38.8136 116.255C33.7903 116.255 29.718 120.374 29.718 125.455C29.718 130.536 33.7903 134.655 38.8136 134.655Z\"\n                  fill=\"url(#paint2_linear_2971_9229)\"\/>\n            <path d=\"M38.8135 129.937C41.2608 129.937 43.2447 127.93 43.2447 125.455C43.2447 122.98 41.2608 120.973 38.8135 120.973C36.3662 120.973 34.3823 122.98 34.3823 125.455C34.3823 127.93 36.3662 129.937 38.8135 129.937Z\"\n                  fill=\"#8691AA\"\/>\n            <path d=\"M102.949 134.655C107.973 134.655 112.045 130.536 112.045 125.455C112.045 120.374 107.973 116.255 102.949 116.255C97.9258 116.255 93.8535 120.374 93.8535 125.455C93.8535 130.536 97.9258 134.655 102.949 134.655Z\"\n                  fill=\"url(#paint3_linear_2971_9229)\"\/>\n            <path d=\"M102.949 129.937C105.397 129.937 107.38 127.93 107.38 125.455C107.38 122.98 105.397 120.973 102.949 120.973C100.502 120.973 98.5181 122.98 98.5181 125.455C98.5181 127.93 100.502 129.937 102.949 129.937Z\"\n                  fill=\"#8691AA\"\/>\n            <g filter=\"url(#filter0_d_2971_9229)\">\n                <path d=\"M136.999 44.3079L127.437 99.7427C126.738 103.281 123.939 105.64 120.441 105.64H38.3469C34.8486 105.64 32.0499 103.281 31.3502 99.7427L20.6221 44.3079H136.999Z\"\n                      fill=\"url(#paint4_linear_2971_9229)\"\/>\n            <\/g>\n            <path d=\"M69.3652 98.0914C70.5313 98.0914 71.6974 97.1478 71.6974 95.7325V54.4512C71.6974 53.2717 70.7645 52.0923 69.3652 52.0923C68.1991 52.0923 67.033 53.0359 67.033 54.4512V95.7325C67.033 97.1478 67.9658 98.0914 69.3652 98.0914Z\"\n                  fill=\"#E7EAF4\"\/>\n            <path d=\"M81.2596 98.0914C82.4257 98.3272 83.5918 97.3837 83.8251 95.9683L87.7898 54.9229C88.023 53.7435 87.0902 52.564 85.6908 52.3281C84.5247 52.0922 83.3586 53.0358 83.1254 54.4512L79.1606 95.4965C79.1606 96.9119 79.8603 97.8555 81.2596 98.0914Z\"\n                  fill=\"#E7EAF4\"\/>\n            <path d=\"M93.3871 97.8554C94.5532 98.0913 95.7193 97.1477 95.9525 95.9682L103.416 55.3946C103.649 54.2152 102.716 53.0357 101.55 52.7998C100.384 52.5639 99.2176 53.5075 98.9844 54.687L91.7545 95.2606C91.2881 96.44 92.2209 97.6195 93.3871 97.8554Z\"\n                  fill=\"#E7EAF4\"\/>\n            <path d=\"M57.2378 98.0914C56.0717 98.3272 54.9056 97.3837 54.6723 95.9683L50.7076 54.9229C50.4744 53.7435 51.4073 52.564 52.8066 52.3281C53.9727 52.0922 55.1388 53.0358 55.372 54.4512L59.3368 95.4965C59.3368 96.9119 58.6371 97.8555 57.2378 98.0914Z\"\n                  fill=\"#E7EAF4\"\/>\n            <path d=\"M45.1104 97.8554C43.9443 98.0913 42.7782 97.1477 42.5449 95.9682L35.0819 55.3946C34.8487 54.2152 35.7815 53.0357 36.9476 52.7998C38.1137 52.5639 39.2799 53.5075 39.5131 54.687L46.7429 95.2606C47.2094 96.44 46.2765 97.6195 45.1104 97.8554Z\"\n                  fill=\"#E7EAF4\"\/>\n            <path d=\"M137 44.3069L127.438 99.7417C126.738 103.28 123.94 105.639 120.441 105.639H98.7517C102.716 105.639 105.982 102.808 106.681 99.0341L116.71 44.3069H137Z\"\n                  fill=\"#DBDFEC\"\/>\n            <defs>\n                <filter id=\"filter0_d_2971_9229\" x=\"0.62207\" y=\"35.3079\" width=\"156.377\" height=\"101.332\"\n                        filterUnits=\"userSpaceOnUse\" color-interpolation-filters=\"sRGB\">\n                    <feFlood flood-opacity=\"0\" result=\"BackgroundImageFix\"\/>\n                    <feColorMatrix in=\"SourceAlpha\" type=\"matrix\" values=\"0 0 0 0 0 0 0 0 0 0 0 0 0 0 0 0 0 0 127 0\"\n                                   result=\"hardAlpha\"\/>\n                    <feOffset dy=\"11\"\/>\n                    <feGaussianBlur stdDeviation=\"10\"\/>\n                    <feColorMatrix type=\"matrix\"\n                                   values=\"0 0 0 0 0.397708 0 0 0 0 0.47749 0 0 0 0 0.575 0 0 0 0.27 0\"\/>\n                    <feBlend mode=\"normal\" in2=\"BackgroundImageFix\" result=\"effect1_dropShadow_2971_9229\"\/>\n                    <feBlend mode=\"normal\" in=\"SourceGraphic\" in2=\"effect1_dropShadow_2971_9229\" result=\"shape\"\/>\n                <\/filter>\n                <linearGradient id=\"paint0_linear_2971_9229\" x1=\"109.238\" y1=\"125.457\" x2=\"127.441\" y2=\"125.457\"\n                                gradientUnits=\"userSpaceOnUse\">\n                    <stop stop-color=\"#B0BACC\"\/>\n                    <stop offset=\"1\" stop-color=\"#969EAE\"\/>\n                <\/linearGradient>\n                <linearGradient id=\"paint1_linear_2971_9229\" x1=\"45.1018\" y1=\"125.457\" x2=\"63.3047\" y2=\"125.457\"\n                                gradientUnits=\"userSpaceOnUse\">\n                    <stop stop-color=\"#B0BACC\"\/>\n                    <stop offset=\"1\" stop-color=\"#969EAE\"\/>\n                <\/linearGradient>\n                <linearGradient id=\"paint2_linear_2971_9229\" x1=\"29.7097\" y1=\"125.457\" x2=\"47.9126\" y2=\"125.457\"\n                                gradientUnits=\"userSpaceOnUse\">\n                    <stop stop-color=\"#B0BACC\"\/>\n                    <stop offset=\"1\" stop-color=\"#969EAE\"\/>\n                <\/linearGradient>\n                <linearGradient id=\"paint3_linear_2971_9229\" x1=\"93.8452\" y1=\"125.457\" x2=\"112.048\" y2=\"125.457\"\n                                gradientUnits=\"userSpaceOnUse\">\n                    <stop stop-color=\"#B0BACC\"\/>\n                    <stop offset=\"1\" stop-color=\"#969EAE\"\/>\n                <\/linearGradient>\n                <linearGradient id=\"paint4_linear_2971_9229\" x1=\"78.7728\" y1=\"42.8892\" x2=\"78.7728\" y2=\"106.301\"\n                                gradientUnits=\"userSpaceOnUse\">\n                    <stop stop-color=\"#FDFEFF\"\/>\n                    <stop offset=\"0.9964\" stop-color=\"#ECF0F5\"\/>\n                <\/linearGradient>\n            <\/defs>\n        <\/svg>\n            <div class=\"fluent-cart-cart-empty-content-text\">\n            Your cart is empty.\n            \n                <a class=\"continue-shopping-link\"\n                   href=\"https:\/\/www.communicatio-optima.com\/en\/shop\/\"\n                   aria-label=\"Browse products and continue shopping\">\n                    Continue Shopping                <\/a>\n\n                    <\/div>\n            <\/div>\n\n        \n\n\n<p>Coming soon.<\/p>\n\n\n\n<p>F\u00fcr alle an mobilen Endger\u00e4ten ist dies die Abk\u00fcrzung zu meinem <a href=\"https:\/\/www.communicatio-optima.com\/impressum\" target=\"_blank\" rel=\"noreferrer noopener\">Impressum<\/a>.<\/p>\n\n\n\n<p>So gelangen Sie rasch zur <a href=\"https:\/\/www.communicatio-optima.com\/datenschutzerklaerung\/\" data-type=\"link\" data-id=\"https:\/\/www.communicatio-optima.com\/datenschutzerklaerung\/\" target=\"_blank\" rel=\"noreferrer noopener\">Datenschutzerkl\u00e4rung<\/a>.<\/p>\n\n\n\n<p>F\u00fcr Ihre sichere Landung auf meiner <a href=\"https:\/\/www.communicatio-optima.com\" data-type=\"URL\" data-id=\"https:\/\/www.communicatio-optima.com\" target=\"_blank\" rel=\"noreferrer noopener\">Startseite<\/a>.<\/p>\n<div class=\"shariff shariff-align-flex-start shariff-widget-align-center\" data-services=\"facebook\" data-url=\"https%3A%2F%2Fwww.communicatio-optima.com%2Fen%2Fkasse%2F\" data-timestamp=\"1770908675\" data-hidezero=\"1\" data-backendurl=\"https:\/\/www.communicatio-optima.com\/en\/wp-json\/shariff\/v1\/share_counts?\"><ul class=\"shariff-buttons theme-round orientation-horizontal buttonsize-small\"><li class=\"shariff-button linkedin\" style=\"background-color:#000000\"><a href=\"https:\/\/www.linkedin.com\/sharing\/share-offsite\/?url=https%3A%2F%2Fwww.communicatio-optima.com%2Fen%2Fkasse%2F\" title=\"Share on LinkedIn\" aria-label=\"Share on LinkedIn\" role=\"button\" rel=\"noopener nofollow\" class=\"shariff-link\" style=\"; background-color:#3936eb; color:#fff\" target=\"_blank\"><span class=\"shariff-icon\" style=\"\"><svg width=\"32px\" height=\"20px\" xmlns=\"http:\/\/www.w3.org\/2000\/svg\" viewBox=\"0 0 27 32\"><path fill=\"#0077b5\" d=\"M6.2 11.2v17.7h-5.9v-17.7h5.9zM6.6 5.7q0 1.3-0.9 2.2t-2.4 0.9h0q-1.5 0-2.4-0.9t-0.9-2.2 0.9-2.2 2.4-0.9 2.4 0.9 0.9 2.2zM27.4 18.7v10.1h-5.9v-9.5q0-1.9-0.7-2.9t-2.3-1.1q-1.1 0-1.9 0.6t-1.2 1.5q-0.2 0.5-0.2 1.4v9.9h-5.9q0-7.1 0-11.6t0-5.3l0-0.9h5.9v2.6h0q0.4-0.6 0.7-1t1-0.9 1.6-0.8 2-0.3q3 0 4.9 2t1.9 6z\"\/><\/svg><\/span><\/a><\/li><li class=\"shariff-button xing\" style=\"background-color:#000000\"><a href=\"https:\/\/www.xing.com\/spi\/shares\/new?url=https%3A%2F%2Fwww.communicatio-optima.com%2Fen%2Fkasse%2F\" title=\"Share on XING\" aria-label=\"Share on XING\" role=\"button\" rel=\"noopener nofollow\" class=\"shariff-link\" style=\"; background-color:#3936eb; color:#fff\" target=\"_blank\"><span class=\"shariff-icon\" style=\"\"><svg width=\"32px\" height=\"20px\" xmlns=\"http:\/\/www.w3.org\/2000\/svg\" viewBox=\"0 0 25 32\"><path fill=\"#126567\" d=\"M10.7 11.9q-0.2 0.3-4.6 8.2-0.5 0.8-1.2 0.8h-4.3q-0.4 0-0.5-0.3t0-0.6l4.5-8q0 0 0 0l-2.9-5q-0.2-0.4 0-0.7 0.2-0.3 0.5-0.3h4.3q0.7 0 1.2 0.8zM25.1 0.4q0.2 0.3 0 0.7l-9.4 16.7 6 11q0.2 0.4 0 0.6-0.2 0.3-0.6 0.3h-4.3q-0.7 0-1.2-0.8l-6-11.1q0.3-0.6 9.5-16.8 0.4-0.8 1.2-0.8h4.3q0.4 0 0.5 0.3z\"\/><\/svg><\/span><\/a><\/li><li class=\"shariff-button twitter\" style=\"background-color:#000000\"><a href=\"https:\/\/twitter.com\/share?url=https%3A%2F%2Fwww.communicatio-optima.com%2Fen%2Fkasse%2F&text=Kasse\" title=\"Share on X\" aria-label=\"Share on X\" role=\"button\" rel=\"noopener nofollow\" class=\"shariff-link\" style=\"; background-color:#3936eb; color:#fff\" target=\"_blank\"><span class=\"shariff-icon\" style=\"\"><svg width=\"32px\" height=\"20px\" xmlns=\"http:\/\/www.w3.org\/2000\/svg\" viewBox=\"0 0 24 24\"><path fill=\"#000\" d=\"M14.258 10.152L23.176 0h-2.113l-7.747 8.813L7.133 0H0l9.352 13.328L0 23.973h2.113l8.176-9.309 6.531 9.309h7.133zm-2.895 3.293l-.949-1.328L2.875 1.56h3.246l6.086 8.523.945 1.328 7.91 11.078h-3.246zm0 0\"\/><\/svg><\/span><\/a><\/li><li class=\"shariff-button flipboard\" style=\"background-color:#000000\"><a href=\"https:\/\/share.flipboard.com\/bookmarklet\/popout?v=2&title=Kasse&url=https%3A%2F%2Fwww.communicatio-optima.com%2Fen%2Fkasse%2F\" title=\"Share on Flipboard\" aria-label=\"Share on Flipboard\" role=\"button\" rel=\"noopener nofollow\" class=\"shariff-link\" style=\"; background-color:#3936eb; color:#fff\" target=\"_blank\"><span class=\"shariff-icon\" style=\"\"><svg width=\"24px\" height=\"24px\" xmlns=\"http:\/\/www.w3.org\/2000\/svg\" viewBox=\"0 0 24 24\"><path fill=\"#f52828\" d=\"M0 0h8v24H0V0zm9 9h7v7H9V9zm0-9h15v8H9V0z\"\/><\/svg><\/span><\/a><\/li><li class=\"shariff-button facebook\" style=\"background-color:#000000\"><a href=\"https:\/\/www.facebook.com\/sharer\/sharer.php?u=https%3A%2F%2Fwww.communicatio-optima.com%2Fen%2Fkasse%2F\" title=\"Share on Facebook\" aria-label=\"Share on Facebook\" role=\"button\" rel=\"nofollow\" class=\"shariff-link\" style=\"; background-color:#3936eb; color:#fff\" target=\"_blank\"><span class=\"shariff-icon\" style=\"\"><svg width=\"32px\" height=\"20px\" xmlns=\"http:\/\/www.w3.org\/2000\/svg\" viewBox=\"0 0 18 32\"><path fill=\"#3b5998\" d=\"M17.1 0.2v4.7h-2.8q-1.5 0-2.1 0.6t-0.5 1.9v3.4h5.2l-0.7 5.3h-4.5v13.6h-5.5v-13.6h-4.5v-5.3h4.5v-3.9q0-3.3 1.9-5.2t5-1.8q2.6 0 4.1 0.2z\"\/><\/svg><\/span><\/a><\/li><\/ul><\/div>","protected":false},"excerpt":{"rendered":"<p>Communicatio optima Dr. med. Eva-Maria Schottdorf MSc &#8211; Not\u00e4rztin | Autorin | Trainerin Coming soon. F\u00fcr alle an mobilen Endger\u00e4ten ist dies die Abk\u00fcrzung zu meinem Impressum. So gelangen Sie rasch zur Datenschutzerkl\u00e4rung. F\u00fcr Ihre sichere Landung auf meiner Startseite.<\/p>","protected":false},"author":1,"featured_media":0,"parent":0,"menu_order":0,"comment_status":"closed","ping_status":"closed","template":"page_landing.php","meta":{"_genesis_hide_title":false,"_genesis_hide_breadcrumbs":false,"_genesis_hide_singular_image":false,"_genesis_hide_footer_widgets":false,"_genesis_custom_body_class":"","_genesis_custom_post_class":"","_genesis_layout":"","footnotes":""},"class_list":{"0":"post-14094","1":"page","2":"type-page","3":"status-publish","5":"entry"},"_links":{"self":[{"href":"https:\/\/www.communicatio-optima.com\/en\/wp-json\/wp\/v2\/pages\/14094","targetHints":{"allow":["GET"]}}],"collection":[{"href":"https:\/\/www.communicatio-optima.com\/en\/wp-json\/wp\/v2\/pages"}],"about":[{"href":"https:\/\/www.communicatio-optima.com\/en\/wp-json\/wp\/v2\/types\/page"}],"author":[{"embeddable":true,"href":"https:\/\/www.communicatio-optima.com\/en\/wp-json\/wp\/v2\/users\/1"}],"replies":[{"embeddable":true,"href":"https:\/\/www.communicatio-optima.com\/en\/wp-json\/wp\/v2\/comments?post=14094"}],"version-history":[{"count":3,"href":"https:\/\/www.communicatio-optima.com\/en\/wp-json\/wp\/v2\/pages\/14094\/revisions"}],"predecessor-version":[{"id":14482,"href":"https:\/\/www.communicatio-optima.com\/en\/wp-json\/wp\/v2\/pages\/14094\/revisions\/14482"}],"wp:attachment":[{"href":"https:\/\/www.communicatio-optima.com\/en\/wp-json\/wp\/v2\/media?parent=14094"}],"curies":[{"name":"wp","href":"https:\/\/api.w.org\/{rel}","templated":true}]}}