{"id":1465,"date":"2020-05-28T14:34:45","date_gmt":"2020-05-28T14:34:45","guid":{"rendered":"https:\/\/communicatio-optima.com\/?page_id=1465"},"modified":"2024-03-22T18:13:14","modified_gmt":"2024-03-22T18:13:14","slug":"thank-you-for-your-message","status":"publish","type":"page","link":"https:\/\/www.communicatio-optima.com\/en\/vielen-dank-fuer-ihre-anfrage\/","title":{"rendered":"Thank You for Your Message"},"content":{"rendered":"\n<p>Ich danke Ihnen daf\u00fcr, da\u00df Sie sich die Zeit genommen haben, mir zu schreiben. Ich werde mich schnellstm\u00f6glich um Ihr Anliegen k\u00fcmmern, \u00fcblicherweise binnen eines Werktages.<\/p>\n\n\n\n<h4 class=\"wp-block-heading\"><strong>Hier k\u00f6nnen Sie sich f\u00fcr meinen Newsletter anmelden:<\/strong><\/h4>\n\n\n\n<div class='fluentform ff-default fluentform_wrapper_3 ffs_classic_wrap'><form data-form_id=\"3\" id=\"fluentform_3\" class=\"frm-fluent-form fluent_form_3 ff-el-form-top ff_form_instance_3_1 ff-form-loading ffs_classic\" data-form_instance=\"ff_form_instance_3_1\" method=\"POST\" ><fieldset  style=\"border: none!important;margin: 0!important;padding: 0!important;background-color: transparent!important;box-shadow: none!important;outline: none!important; min-inline-size: 100%;\">\n                    <legend class=\"ff_screen_reader_title\" style=\"display: block; margin: 0!important;padding: 0!important;height: 0!important;text-indent: -999999px;width: 0!important;overflow:hidden;\">Bestellung Newsletter<\/legend>        <div\n                style=\"display: none!important; position: absolute!important; transform: translateX(1000%)!important;\"\n                class=\"ff-el-group ff-hpsf-container\"\n        >\n            <div class=\"ff-el-input--label asterisk-right\">\n                <label for=\"ff_3_item_sf\" aria-label=\"Updates\">\n                    Updates                <\/label>\n            <\/div>\n            <div class=\"ff-el-input--content\">\n                <input type=\"text\"\n                       name=\"item_3__fluent_sf\"\n                       class=\"ff-el-form-control\"\n                       id=\"ff_3_item_sf\"\n                \/>\n            <\/div>\n        <\/div>\n        <input type='hidden' name='__fluent_form_embded_post_id' value='1465' \/><input type=\"hidden\" id=\"_fluentform_3_fluentformnonce\" name=\"_fluentform_3_fluentformnonce\" value=\"6a28ae5360\" \/><input type=\"hidden\" name=\"_wp_http_referer\" value=\"\/en\/wp-json\/wp\/v2\/pages\/1465\" \/><div data-type=\"name-element\" data-name=\"names\" class=\" ff-field_container ff-name-field-wrapper\" ><div class='ff-t-container'><div class='ff-t-cell '><div class='ff-el-group  ff-el-form-top'><div class=\"ff-el-input--label ff-el-is-required asterisk-left\"><label for='ff_3_names_first_name_' id='label_ff_3_names_first_name_' >Nachname<\/label><\/div><div class='ff-el-input--content'><input type=\"text\" name=\"names[first_name]\" id=\"ff_3_names_first_name_\" class=\"ff-el-form-control\" aria-invalid=\"false\" aria-required=true><\/div><\/div><\/div><div class='ff-t-cell '><div class='ff-el-group  ff-el-form-top'><div class=\"ff-el-input--label ff-el-is-required asterisk-left\"><label for='ff_3_names_last_name_' id='label_ff_3_names_last_name_' >Vorname<\/label><\/div><div class='ff-el-input--content'><input type=\"text\" name=\"names[last_name]\" id=\"ff_3_names_last_name_\" class=\"ff-el-form-control\" aria-invalid=\"false\" aria-required=true><\/div><\/div><\/div><\/div><\/div><div class='ff-el-group'><div class=\"ff-el-input--label ff-el-is-required asterisk-left\"><label for='ff_3_email' id='label_ff_3_email' aria-label=\"E-Mail\">E-Mail<\/label><\/div><div class='ff-el-input--content'><input type=\"email\" name=\"email\" id=\"ff_3_email\" class=\"ff-el-form-control\" data-name=\"email\"  aria-invalid=\"false\" aria-required=true><\/div><\/div><div class='ff-el-group'><div class='ff-el-input--content'><div class='ff-el-form-check ff-el-form-check-'><label class='ff-el-form-check-label' for='checkbox_21b6084359c57d63fcc5b5143eb24a3b'><input  type=\"checkbox\" name=\"checkbox[]\" data-name=\"checkbox\" class=\"ff-el-form-check-input ff-el-form-check-checkbox\" value=\"Hiermit m\u00f6chte ich den Newsletter abonnieren\"  id='checkbox_21b6084359c57d63fcc5b5143eb24a3b' aria-label='Hiermit m\u00f6chte ich den Newsletter abonnieren' aria-invalid='false' aria-required=true> <span>Hiermit m\u00f6chte ich den Newsletter abonnieren<\/span><\/label><\/div><\/div><\/div><div class='ff-el-group'><div class='ff-el-input--content'><div class='ff-el-form-check ff-el-form-check-'><label class='ff-el-form-check-label' for='checkbox_1_ec94f20d118c21fec416b04eba7e515d'><input  type=\"checkbox\" name=\"checkbox_1[]\" data-name=\"checkbox_1\" class=\"ff-el-form-check-input ff-el-form-check-checkbox\" value=\"Ich habe die Datenschutzerkl\u00e4rung gelesen\"  id='checkbox_1_ec94f20d118c21fec416b04eba7e515d' aria-label='Ich habe die Datenschutzerkl\u00e4rung gelesen' aria-invalid='false' aria-required=true> <span>Ich habe die Datenschutzerkl\u00e4rung gelesen<\/span><\/label><\/div><\/div><\/div><div class='ff-el-group ff-text-right ff_submit_btn_wrapper'><button type=\"submit\" class=\"ff-btn ff-btn-submit ff-btn-sm ff_btn_style wpf_has_custom_css\"  aria-label=\"Absenden\">Absenden<\/button><\/div><\/fieldset><\/form><div id='fluentform_3_errors' class='ff-errors-in-stack ff_form_instance_3_1 ff-form-loading_errors ff_form_instance_3_1_errors'><\/div><\/div>            <script data-jetpack-boost=\"ignore\" type=\"text\/javascript\">\n                window.fluent_form_ff_form_instance_3_1 = {\"id\":\"3\",\"ajaxUrl\":\"https:\\\/\\\/www.communicatio-optima.com\\\/wp-admin\\\/admin-ajax.php\",\"settings\":{\"layout\":{\"labelPlacement\":\"top\",\"helpMessagePlacement\":\"with_label\",\"errorMessagePlacement\":\"inline\",\"asteriskPlacement\":\"asterisk-left\"},\"id\":\"7\",\"restrictions\":{\"denyEmptySubmission\":{\"enabled\":false}}},\"form_instance\":\"ff_form_instance_3_1\",\"form_id_selector\":\"fluentform_3\",\"rules\":{\"names[first_name]\":{\"required\":{\"value\":true,\"message\":\"Dieses Feld m\\u00fcssen Sie ausf\\u00fcllen\",\"global\":false,\"global_message\":\"This field is required\"}},\"names[middle_name]\":{\"required\":{\"value\":false,\"message\":\"This field is required\",\"global\":false,\"global_message\":\"This field is required\"}},\"names[last_name]\":{\"required\":{\"value\":true,\"message\":\"Dieses Feld m\\u00fcssen Sie ausf\\u00fcllen\",\"global\":false,\"global_message\":\"This field is required\"}},\"email\":{\"required\":{\"value\":true,\"message\":\"Dieses Feld m\\u00fcssen Sie ausf\\u00fcllen\",\"global\":false,\"global_message\":\"This field is required\"},\"email\":{\"value\":true,\"message\":\"This field must contain a valid email\",\"global\":false,\"global_message\":\"This field must contain a valid email\"}},\"checkbox\":{\"required\":{\"value\":true,\"message\":\"Dieses Feld m\\u00fcssen Sie ausf\\u00fcllen\",\"global\":false,\"global_message\":\"This field is required\"}},\"checkbox_1\":{\"required\":{\"value\":true,\"message\":\"This field is required\",\"global_message\":\"This field is required\",\"global\":true}}},\"debounce_time\":300,\"conditionals\":{\"names\":{\"type\":\"any\",\"status\":true,\"conditions\":[{\"field\":\"\",\"value\":\"\",\"operator\":\"\"}]}}};\n                            <\/script>\n            \n\n\n\n<p class=\"has-black-color has-text-color\">Falls Sie zur <a href=\"https:\/\/www.communicatio-optima.com\" data-type=\"URL\" data-id=\"https:\/\/www.communicatio-optima.com\">Startseite<\/a> m\u00f6chten.<\/p>\n","protected":false},"excerpt":{"rendered":"<p>Ich danke Ihnen daf\u00fcr, da\u00df Sie sich die Zeit genommen haben, mir zu schreiben. Ich werde mich schnellstm\u00f6glich um Ihr Anliegen k\u00fcmmern, \u00fcblicherweise binnen eines Werktages. Hier k\u00f6nnen Sie sich f\u00fcr meinen Newsletter anmelden: Falls Sie zur Startseite m\u00f6chten.<\/p>","protected":false},"author":1,"featured_media":0,"parent":0,"menu_order":0,"comment_status":"closed","ping_status":"closed","template":"","meta":{"_genesis_hide_title":false,"_genesis_hide_breadcrumbs":false,"_genesis_hide_singular_image":false,"_genesis_hide_footer_widgets":false,"_genesis_custom_body_class":"","_genesis_custom_post_class":"","_genesis_layout":"","footnotes":""},"class_list":{"0":"post-1465","1":"page","2":"type-page","3":"status-publish","5":"entry"},"_links":{"self":[{"href":"https:\/\/www.communicatio-optima.com\/en\/wp-json\/wp\/v2\/pages\/1465","targetHints":{"allow":["GET"]}}],"collection":[{"href":"https:\/\/www.communicatio-optima.com\/en\/wp-json\/wp\/v2\/pages"}],"about":[{"href":"https:\/\/www.communicatio-optima.com\/en\/wp-json\/wp\/v2\/types\/page"}],"author":[{"embeddable":true,"href":"https:\/\/www.communicatio-optima.com\/en\/wp-json\/wp\/v2\/users\/1"}],"replies":[{"embeddable":true,"href":"https:\/\/www.communicatio-optima.com\/en\/wp-json\/wp\/v2\/comments?post=1465"}],"version-history":[{"count":5,"href":"https:\/\/www.communicatio-optima.com\/en\/wp-json\/wp\/v2\/pages\/1465\/revisions"}],"predecessor-version":[{"id":7893,"href":"https:\/\/www.communicatio-optima.com\/en\/wp-json\/wp\/v2\/pages\/1465\/revisions\/7893"}],"wp:attachment":[{"href":"https:\/\/www.communicatio-optima.com\/en\/wp-json\/wp\/v2\/media?parent=1465"}],"curies":[{"name":"wp","href":"https:\/\/api.w.org\/{rel}","templated":true}]}}