{"id":1786,"date":"2020-05-29T17:37:46","date_gmt":"2020-05-29T17:37:46","guid":{"rendered":"https:\/\/www.communicatio-optima.com\/?page_id=1786"},"modified":"2024-01-26T13:11:32","modified_gmt":"2024-01-26T13:11:32","slug":"impressum-und-mehr","status":"publish","type":"page","link":"https:\/\/www.communicatio-optima.com\/en\/impressum-und-mehr\/","title":{"rendered":"Latest News, Blog, Legal Notice and More"},"content":{"rendered":"<p>I want to make your life easier, especially if you are visiting my website from a mobile device. Therefore, I provide a search field and the links to the following pages here, in order to make them conveniently accessible for you. Thus, you do not have to scroll to a footer at the bottom of a page to find this information.<\/p>\n\n\n\n<p class=\"has-text-align-center\"><a href=\"https:\/\/www.communicatio-optima.com\/en\/latest-news\/\">Latest News<\/a><\/p>\n\n\n\n<p class=\"has-text-align-center\"><a href=\"https:\/\/www.communicatio-optima.com\/en\/blog\/\">Blog<\/a><\/p>\n\n\n\n<p class=\"has-text-align-center\"><a href=\"https:\/\/www.communicatio-optima.com\/en\/newsletter-subscription\/\">Newsletter<\/a><\/p>\n\n\n\n<p class=\"has-text-align-center\"><a rel=\"noreferrer noopener\" href=\"https:\/\/www.communicatio-optima.com\/en\/customers-say-3\/\" target=\"_blank\">Customers Say<\/a><\/p>\n\n\n\n<p class=\"has-text-align-center\"><a href=\"https:\/\/www.communicatio-optima.com\/en\/contact-and-faq\/\" data-type=\"URL\" data-id=\"https:\/\/www.communicatio-optima.com\/hilfe-kontakt-faq\/\">Contact and FAQ<\/a><\/p>\n\n\n\n<p class=\"has-text-align-center\"><a href=\"https:\/\/www.communicatio-optima.com\/en\/trainer-certificates\/\">Certificates<\/a><\/p>\n\n\n\n<p class=\"has-text-align-center\"><a href=\"https:\/\/www.communicatio-optima.com\/en\/sitemap\/\">Sitemap<\/a><\/p>\n\n\n\n<p class=\"has-text-align-center\"><a href=\"https:\/\/www.communicatio-optima.com\/en\/legal-notice\/\">Legal Notice<\/a><\/p>\n\n\n\n<p class=\"has-text-align-center\"><a href=\"https:\/\/www.communicatio-optima.com\/en\/privacy-policy\/\">Data Privacy<\/a><\/p>\n\n\n\n<p class=\"has-text-align-center\"><a href=\"https:\/\/www.communicatio-optima.com\/en\/agb\/\">T &amp; C<\/a><\/p>\n\n\n<form role=\"search\" method=\"get\" action=\"https:\/\/www.communicatio-optima.com\/en\/\" class=\"wp-block-search__button-outside wp-block-search__text-button aligncenter wp-block-search\" data-trp-original-action=\"https:\/\/www.communicatio-optima.com\/en\/\"    ><label class=\"wp-block-search__label screen-reader-text\" for=\"wp-block-search__input-1\" >Search<\/label><div class=\"wp-block-search__inside-wrapper\" ><input class=\"wp-block-search__input has-medium-font-size\" id=\"wp-block-search__input-1\" placeholder=\"Enter your search term here.\" value=\"\" type=\"search\" name=\"s\" required \/><button aria-label=\"Search\" class=\"wp-block-search__button has-text-color has-medium-font-size wp-element-button\" type=\"submit\"  style=\"color: #fdf6dd\">Search<\/button><\/div><input type=\"hidden\" name=\"trp-form-language\" value=\"en\"\/><\/form><div class=\"shariff shariff-align-left shariff-widget-align-center\" data-services=\"facebook\" data-url=\"https:\/\/www.communicatio-optima.com\/en\/impressum-und-mehr\/\" data-timestamp=\"1706274692\" data-hidezero=\"1\" data-backendurl=\"https:\/\/www.communicatio-optima.com\/en\/wp-json\/shariff\/v1\/share_counts?\"><ul class=\"shariff-buttons theme-round orientation-horizontal buttonsize-small\"><li class=\"shariff-button linkedin\" style=\"background-color:#000000\"><a href=\"https:\/\/www.linkedin.com\/sharing\/share-offsite\/?url=https%3A%2F%2Fwww.communicatio-optima.com%2Fen%2Fimpressum-und-mehr%2F\" title=\"Share on LinkedIn\" aria-label=\"Share on LinkedIn\" role=\"button\" rel=\"noopener nofollow\" class=\"shariff-link\" style=\"; background-color:#3936eb; color:#fff\" target=\"_blank\"><span class=\"shariff-icon\" style=\"\"><svg width=\"32px\" height=\"20px\" xmlns=\"http:\/\/www.w3.org\/2000\/svg\" viewbox=\"0 0 27 32\"><path fill=\"#0077b5\" d=\"M6.2 11.2v17.7h-5.9v-17.7h5.9zM6.6 5.7q0 1.3-0.9 2.2t-2.4 0.9h0q-1.5 0-2.4-0.9t-0.9-2.2 0.9-2.2 2.4-0.9 2.4 0.9 0.9 2.2zM27.4 18.7v10.1h-5.9v-9.5q0-1.9-0.7-2.9t-2.3-1.1q-1.1 0-1.9 0.6t-1.2 1.5q-0.2 0.5-0.2 1.4v9.9h-5.9q0-7.1 0-11.6t0-5.3l0-0.9h5.9v2.6h0q0.4-0.6 0.7-1t1-0.9 1.6-0.8 2-0.3q3 0 4.9 2t1.9 6z\"\/><\/svg><\/span><\/a><\/li><li class=\"shariff-button xing\" style=\"background-color:#000000\"><a href=\"https:\/\/www.xing.com\/spi\/shares\/new?url=https%3A%2F%2Fwww.communicatio-optima.com%2Fen%2Fimpressum-und-mehr%2F\" title=\"Share on XING\" aria-label=\"Share on XING\" role=\"button\" rel=\"noopener nofollow\" class=\"shariff-link\" style=\"; background-color:#3936eb; color:#fff\" target=\"_blank\"><span class=\"shariff-icon\" style=\"\"><svg width=\"32px\" height=\"20px\" xmlns=\"http:\/\/www.w3.org\/2000\/svg\" viewbox=\"0 0 25 32\"><path fill=\"#126567\" d=\"M10.7 11.9q-0.2 0.3-4.6 8.2-0.5 0.8-1.2 0.8h-4.3q-0.4 0-0.5-0.3t0-0.6l4.5-8q0 0 0 0l-2.9-5q-0.2-0.4 0-0.7 0.2-0.3 0.5-0.3h4.3q0.7 0 1.2 0.8zM25.1 0.4q0.2 0.3 0 0.7l-9.4 16.7 6 11q0.2 0.4 0 0.6-0.2 0.3-0.6 0.3h-4.3q-0.7 0-1.2-0.8l-6-11.1q0.3-0.6 9.5-16.8 0.4-0.8 1.2-0.8h4.3q0.4 0 0.5 0.3z\"\/><\/svg><\/span><\/a><\/li><li class=\"shariff-button twitter\" style=\"background-color:#000000\"><a href=\"https:\/\/twitter.com\/share?url=https%3A%2F%2Fwww.communicatio-optima.com%2Fen%2Fimpressum-und-mehr%2F&text=Aktuelles%2C%20Blog%2C%20Impressum%20und%20mehr\" title=\"Share on X\" aria-label=\"Share on X\" role=\"button\" rel=\"noopener nofollow\" class=\"shariff-link\" style=\"; background-color:#3936eb; color:#fff\" target=\"_blank\"><span class=\"shariff-icon\" style=\"\"><svg width=\"32px\" height=\"20px\" xmlns=\"http:\/\/www.w3.org\/2000\/svg\" viewbox=\"0 0 24 24\"><path fill=\"#000\" d=\"M14.258 10.152L23.176 0h-2.113l-7.747 8.813L7.133 0H0l9.352 13.328L0 23.973h2.113l8.176-9.309 6.531 9.309h7.133zm-2.895 3.293l-.949-1.328L2.875 1.56h3.246l6.086 8.523.945 1.328 7.91 11.078h-3.246zm0 0\"\/><\/svg><\/span><\/a><\/li><li class=\"shariff-button flipboard\" style=\"background-color:#000000\"><a href=\"https:\/\/share.flipboard.com\/bookmarklet\/popout?v=2&title=Aktuelles%2C%20Blog%2C%20Impressum%20und%20mehr&url=https%3A%2F%2Fwww.communicatio-optima.com%2Fen%2Fimpressum-und-mehr%2F\" title=\"Share on Flipboard\" aria-label=\"Share on Flipboard\" role=\"button\" rel=\"noopener nofollow\" class=\"shariff-link\" style=\"; background-color:#3936eb; color:#fff\" target=\"_blank\"><span class=\"shariff-icon\" style=\"\"><svg width=\"24px\" height=\"24px\" xmlns=\"http:\/\/www.w3.org\/2000\/svg\" viewbox=\"0 0 24 24\"><path fill=\"#f52828\" d=\"M0 0h8v24H0V0zm9 9h7v7H9V9zm0-9h15v8H9V0z\"\/><\/svg><\/span><\/a><\/li><li class=\"shariff-button facebook\" style=\"background-color:#000000\"><a href=\"https:\/\/www.facebook.com\/sharer\/sharer.php?u=https%3A%2F%2Fwww.communicatio-optima.com%2Fen%2Fimpressum-und-mehr%2F\" title=\"Share on Facebook\" aria-label=\"Share on Facebook\" role=\"button\" rel=\"nofollow\" class=\"shariff-link\" style=\"; background-color:#3936eb; color:#fff\" target=\"_blank\"><span class=\"shariff-icon\" style=\"\"><svg width=\"32px\" height=\"20px\" xmlns=\"http:\/\/www.w3.org\/2000\/svg\" viewbox=\"0 0 18 32\"><path fill=\"#3b5998\" d=\"M17.1 0.2v4.7h-2.8q-1.5 0-2.1 0.6t-0.5 1.9v3.4h5.2l-0.7 5.3h-4.5v13.6h-5.5v-13.6h-4.5v-5.3h4.5v-3.9q0-3.3 1.9-5.2t5-1.8q2.6 0 4.1 0.2z\"\/><\/svg><\/span><\/a><\/li><\/ul><\/div>","protected":false},"excerpt":{"rendered":"<p>Wenn Sie mit einem mobilen Endger\u00e4t meine Website besuchen, soll Ihnen diese Seite das Leben erleichtern. Damit Sie einen unkomplizierten Zugang zu allen Informationen erhalten, ohne ganz zu einem Footer am Seitenende scrollen zu m\u00fcssen, habe ich unten ein Suchfeld eingef\u00fcgt und die folgenden Seiten noch einmal f\u00fcr Sie verlinkt: Aktuelles Blog Newsletter Kundenstimmen Hilfe, [&hellip;]<\/p>\n","protected":false},"author":1,"featured_media":0,"parent":0,"menu_order":0,"comment_status":"closed","ping_status":"closed","template":"","meta":{"_genesis_hide_title":false,"_genesis_hide_breadcrumbs":false,"_genesis_hide_singular_image":false,"_genesis_hide_footer_widgets":false,"_genesis_custom_body_class":"","_genesis_custom_post_class":"","_genesis_layout":"","footnotes":""},"class_list":{"0":"post-1786","1":"page","2":"type-page","3":"status-publish","5":"entry"},"_links":{"self":[{"href":"https:\/\/www.communicatio-optima.com\/en\/wp-json\/wp\/v2\/pages\/1786","targetHints":{"allow":["GET"]}}],"collection":[{"href":"https:\/\/www.communicatio-optima.com\/en\/wp-json\/wp\/v2\/pages"}],"about":[{"href":"https:\/\/www.communicatio-optima.com\/en\/wp-json\/wp\/v2\/types\/page"}],"author":[{"embeddable":true,"href":"https:\/\/www.communicatio-optima.com\/en\/wp-json\/wp\/v2\/users\/1"}],"replies":[{"embeddable":true,"href":"https:\/\/www.communicatio-optima.com\/en\/wp-json\/wp\/v2\/comments?post=1786"}],"version-history":[{"count":9,"href":"https:\/\/www.communicatio-optima.com\/en\/wp-json\/wp\/v2\/pages\/1786\/revisions"}],"predecessor-version":[{"id":10544,"href":"https:\/\/www.communicatio-optima.com\/en\/wp-json\/wp\/v2\/pages\/1786\/revisions\/10544"}],"wp:attachment":[{"href":"https:\/\/www.communicatio-optima.com\/en\/wp-json\/wp\/v2\/media?parent=1786"}],"curies":[{"name":"wp","href":"https:\/\/api.w.org\/{rel}","templated":true}]}}