{"id":2936,"date":"2022-04-30T16:30:43","date_gmt":"2022-04-30T16:30:43","guid":{"rendered":"https:\/\/www.communicatio-optima.com\/?page_id=2936"},"modified":"2023-05-01T18:08:30","modified_gmt":"2023-05-01T18:08:30","slug":"maintenance-resource-management-mrm","status":"publish","type":"page","link":"https:\/\/www.communicatio-optima.com\/en\/blog\/maintenance-resource-management-mrm\/","title":{"rendered":"Maintenance Resource Management, MRM"},"content":{"rendered":"<p>About Maintenance Resource Management you can read here:<\/p>\n\n\n\n<div id=\"ez-toc-container\" class=\"ez-toc-v2_0_82_2 counter-hierarchy ez-toc-counter ez-toc-custom ez-toc-container-direction\">\n<div class=\"ez-toc-title-container\">\n<span class=\"ez-toc-title-toggle\"><\/span><\/div>\n<nav><ul class='ez-toc-list ez-toc-list-level-1' ><li class='ez-toc-page-1 ez-toc-heading-level-2'><a class=\"ez-toc-link ez-toc-heading-1\" href=\"https:\/\/www.communicatio-optima.com\/en\/blog\/maintenance-resource-management-mrm\/#1_Worauf_geht_Maintenance_Resource_Management_ein\" >1. What is the Use of Maintenance Resource Management?<\/a><\/li><li class='ez-toc-page-1 ez-toc-heading-level-2'><a class=\"ez-toc-link ez-toc-heading-2\" href=\"https:\/\/www.communicatio-optima.com\/en\/blog\/maintenance-resource-management-mrm\/#2_Entwicklung_des_Maintencance_Resource_Managements_aus_dem_CRM\" >2. Development of Maintenance Resource Management From CRM<\/a><\/li><li class='ez-toc-page-1 ez-toc-heading-level-2'><a class=\"ez-toc-link ez-toc-heading-3\" href=\"https:\/\/www.communicatio-optima.com\/en\/blog\/maintenance-resource-management-mrm\/#3_Wichtige_Prinzipien_im_Maintenance_Resource_Management\" >3. Important Principles in Maintenance Resource Management<\/a><\/li><li class='ez-toc-page-1 ez-toc-heading-level-2'><a class=\"ez-toc-link ez-toc-heading-4\" href=\"https:\/\/www.communicatio-optima.com\/en\/blog\/maintenance-resource-management-mrm\/#4_Maintenance_Resource_Management_maximiert_die_Arbeitssicherheit\" >4. Maintenance Resource Management Maximises Occupational Safety<\/a><\/li><li class='ez-toc-page-1 ez-toc-heading-level-2'><a class=\"ez-toc-link ez-toc-heading-5\" href=\"https:\/\/www.communicatio-optima.com\/en\/blog\/maintenance-resource-management-mrm\/#5_MRM_optimiert_die_Arbeit_an_Schnittstellen\" >5. MRM Optimises Collaboration Between Teams<\/a><\/li><li class='ez-toc-page-1 ez-toc-heading-level-2'><a class=\"ez-toc-link ez-toc-heading-6\" href=\"https:\/\/www.communicatio-optima.com\/en\/blog\/maintenance-resource-management-mrm\/#6_In_meinem_nachsten_Blogartikel_lesen_Sie\" >6. In My Next Blog Article You Can Read About:<\/a><\/li><\/ul><\/nav><\/div>\n<h2 class=\"wp-block-heading\"><span class=\"ez-toc-section\" id=\"1_Worauf_geht_Maintenance_Resource_Management_ein\"><\/span>1. What is the Use of Maintenance Resource Management?<span class=\"ez-toc-section-end\"><\/span><\/h2>\n\n\n\n<h3 class=\"wp-block-heading\">1.1. An Undetected Detail Can Lead to Catastrophy<\/h3>\n\n\n\n<p>Twenty percent of all air accidents are due to errors during maintenance and repair work. The maintenance of an airliner is complex, a single detail, which has been overlooked, can lead to catastrophy.<\/p>\n\n\n\n<p>This became apparent during the investigation of the crash of Alaska Airlines Flight 261 on January 31st 2000. Prolonged maintenance intervals resulted in the failure of a decisive screw, which moves the horizontal stabiliser at the rear of the plane. Using this stabiliser, the pilots on a Mc Donnell Douglas MD-83 control the rotation of the plane around its lateral axis.<\/p>\n\n\n\n<p>Due to the long time until the next service, the screw was not adequately greased any more and was jammed. The pilots tried repeatedly to free the stuck horisontal stabiliser applying two different modes of operation.<\/p>\n\n\n\n<p>The consequences were fatal. After the screw had been ripped out of its screw thread, the stabiliser flipped upwards. Following that, the aeroplane was not flyable any more and fell unsavably out of the sky into the Pacific Ocean near Los Angeles, California, USA. <\/p>\n\n\n\n<p>The film \"The Tragic Downfall of Air Alaska Flight 261, Mayday S1 EP5\" deals with the accident and its investigation. The report of the National Transportation Safety Board, NTSB, about this air accident is not publicly available, contrary to many reports about other air disasters.<\/p>\n\n\n\n<h3 class=\"wp-block-heading\">1.2. Negligence of Maintenance Work Under Economic Pressure<\/h3>\n\n\n\n<p>As shown in the video and <a href=\"https:\/\/admiralcloudberg.medium.com\/the-price-of-an-hour-the-crash-of-alaska-airlines-flight-261-c797a7c3d90d\" target=\"_blank\" rel=\"noreferrer noopener\">documented<\/a> in written form, the investigation of Alaska Airlines Flight 261 also demonstrated that maintenance work is threatened by economic pressure. In order to use the aircraft maximally and to earn money with the flights in a fiercely competitive industry, companies save on this important task, temporally, as well as financially.<\/p>\n\n\n\n<h3 class=\"wp-block-heading\">1.3. Where Maintenance Resource Management Comes Into Play<\/h3>\n\n\n\n<p><strong>Maintenance Resource Management in a Nutshell<\/strong><\/p>\n\n\n\n<p>Maintenance Resource Management is the transfer of CRM to maintenance and repair of aircraft. <\/p>\n\n\n\n<p class=\"has-text-align-left\">As in CRM, the focus of MRM is on teamwork and human factors. How does a team of technicians prevent that a mistake has an impact on the safety of a flight?<\/p>\n\n\n\n<p><strong>MRM is Customised to the Special Work Environment Aircraft Maintenance<\/strong><\/p>\n\n\n\n<p>The repair and maintenance works are carried out in large hangars, in which many people work simultaneously in sometimes considerable noise. Work must also be done in parts of the plane which are difficult to access. Shift work is an additional strain.<\/p>\n\n\n\n<p>Furthermore, maintenance resource management must ensure the safety of the employees. It is also important that any kind of collaboration is done precisely, for instance, when a shift is turned over, so that no relevant information is lost in the process. <\/p>\n\n\n\n<p class=\"has-text-align-center\"><strong>Errors, which occur during maintenance and become noticeable on the flight, pose a potentially fatal <a href=\"https:\/\/www.communicatio-optima.com\/en\/blog\/how-to-keep-threats-and-errors-in-check-skilfully\/\" target=\"_blank\" rel=\"noreferrer noopener\">threat<\/a> to the crew, who all of a sudden now have to deal with it. Such a threat can, in turn, prompt mistakes, which can worsen the situation. <\/strong><\/p>\n\n\n\n<h3 class=\"wp-block-heading\">1.4. Suboptimal Maintenance on the One Hand, MRM on the Other?<\/h3>\n\n\n\n<p>Principles to ensure a safe maintenance are available to decision makers and executors in the form of maintenance resource management. Now, they are in demand and have to make important decisions. <\/p>\n\n\n\n<p>How will the persons in charge use the budget concerning safe maintenance schedules and MRM training? What is the worth of an accident prevented if a company does not only consider consecutive costs and loss of image, but also thinks professionally and ethically?<\/p>\n\n\n\n<h2 class=\"wp-block-heading\"><span class=\"ez-toc-section\" id=\"2_Entwicklung_des_Maintencance_Resource_Managements_aus_dem_CRM\"><\/span>2. Development of Maintenance Resource Management From CRM<span class=\"ez-toc-section-end\"><\/span><\/h2>\n\n\n\n<p>Unfortunately, the air accident of Alaska Airlines Flight 261 was not the only one, which could be traced back to errors during maintenance. Therefore, in the 1980s and 1990s, maintenance resource management was developed in six generations, originating in CRM.<\/p>\n\n\n\n<h3 class=\"wp-block-heading\">2.1. Main Topics in the Development of Maintenance Resource Management<\/h3>\n\n\n\n<p>Already the first generation contained the following items, known from CRM:<\/p>\n\n\n\n<ul class=\"wp-block-list\">\n<li>Communication<\/li>\n\n\n\n<li>Conflict management<\/li>\n\n\n\n<li>Ability to assert oneself<\/li>\n\n\n\n<li>situational awareness<\/li>\n\n\n\n<li>Teamleading<\/li>\n<\/ul>\n\n\n\n<p>For MRM in particular, the participants learned to appreciate the value of structured shift turnovers. Right from the start, case studies dealing with air accidents and root causes were examined during the training courses, which also involved many practical exercises.<\/p>\n\n\n\n<h3 class=\"wp-block-heading\">2.2. International Cooperation of Various Institutions and Science<\/h3>\n\n\n\n<p>In the development of MRM, the collaboration of airlines, authorities, and universities was remarkable, especially in the USA, but also in Great Britain, and, due to international organisations such as the International Civil Aviation Organisation, ICAO, finally worldwide. As universities were involved, scientists accompanied the development with comprehensive trials.<\/p>\n\n\n\n<h2 class=\"wp-block-heading\"><span class=\"ez-toc-section\" id=\"3_Wichtige_Prinzipien_im_Maintenance_Resource_Management\"><\/span>3. Important Principles in Maintenance Resource Management<span class=\"ez-toc-section-end\"><\/span><\/h2>\n\n\n\n<p>As we have seen with the development of MRM, the principles are not new. However, they were explicitly adapted to the work environment, the conditions, and the necessities of maintenance and repair work.<\/p>\n\n\n\n<h3 class=\"wp-block-heading\">3.1. Human Factors in Maintenance Resource Management<\/h3>\n\n\n\n<p>As we have discussed during the last three months, the \"dirty dozen\" describes twelve important human factors. These can be transferred to maintenance resource management. Below, we will take some of them as examples.<\/p>\n\n\n\n<p>Situational awareness is crucial with potentially dangerous tasks. Stress is caused by permanent noise, amongst others. A lack of resources comprises also time. We have already discussed pressure at the beginning of this article, maintenance work should preferably be kept short.<\/p>\n\n\n\n<h3 class=\"wp-block-heading\">3.2. Further Principles, Which Were Adapted to Maintenance Resource Management<\/h3>\n\n\n\n<p><strong>Setting Common Goals<\/strong> <strong>Optimises Communication<\/strong><\/p>\n\n\n\n<p>As Bonnie Hendrix, a Flight Safety\u00b4s Manager in MRM training points out, human beings communicate better if they have a <a href=\"https:\/\/www.aviationpros.com\/home\/article\/10389152\/maintenance-resource-management\" target=\"_blank\" rel=\"noreferrer noopener\">common goal<\/a> . It is important that we drive our goals, our goals should not drive us. The way we present ourselves professionally determines also how others communicate with us. <\/p>\n\n\n\n<p>In aircraft maintenance and repair it is the overall goal to place a fully functioning airliner into service without any hidden mistakes. This superior aim needs to be broken down to the subtasks.<\/p>\n\n\n\n<p><strong>Error Management and Constant Improvement<\/strong><\/p>\n\n\n\n<p>Modern error management helps to erase causes of errors in a complex world of aircraft maintenance and to adapt checklists and SOPs for work processes as needed.<\/p>\n\n\n\n<h2 class=\"wp-block-heading\"><span class=\"ez-toc-section\" id=\"4_Maintenance_Resource_Management_maximiert_die_Arbeitssicherheit\"><\/span>4. Maintenance Resource Management Maximises Occupational Safety<span class=\"ez-toc-section-end\"><\/span><\/h2>\n\n\n\n<p>It is not only essential for the safety of the airliner and the people who will be travelling on it, but also for the safety of the technicians during their work.<\/p>\n\n\n\n<h3 class=\"wp-block-heading\">4.1. <strong>Special Safety Precautions<\/strong><\/h3>\n\n\n\n<p>Special safety measures must be established for dangerous tasks as otherwise severe accidents can happen. A <a href=\"https:\/\/www.aviationpros.com\/home\/article\/10389152\/maintenance-resource-management\" target=\"_blank\" rel=\"noreferrer noopener\">tragic accident<\/a> took place in the Midwest of the USA as a technician carried out a repair in a remote aircraft storage area without having used the lock pins to prevent the landing gear from folding. In fact, the landing gear was retracted, and the technician was crushed to death.<\/p>\n\n\n\n<h3 class=\"wp-block-heading\">4.2. <strong>Techniques Known From CRM Help to Prevent Accidents<\/strong><\/h3>\n\n\n\n<p><strong>Optimisation of the Work Environment<\/strong><\/p>\n\n\n\n<p>Executors and managers can work together when designing the workplaces in order to render them as well-arranged, practical and comfortable as possible.<\/p>\n\n\n\n<p><strong>Workload Management <\/strong><\/p>\n\n\n\n<p>When distibuting the workload, a team should explicitly consider the risk potential of a task and employ team members who are experienced accordingly. Furthermore, dangerous work should never be executed alone without another person following it.<\/p>\n\n\n\n<p><strong>Situational Awareness and Speak up<\/strong><\/p>\n\n\n\n<p>Even being near an airliner, or a helicopter, or stepping onto a wing requires situational awareness, as there are areas, which may not be touched without caution. <\/p>\n\n\n\n<p>Additionally, careful observation of the surroundings and the ongoing work processes is vital, as technicians then can detect dangers early and warn people before, for instance, a building part losens, or someone receives an electric shock.<\/p>\n\n\n\n<p><strong>Work According to the Guidelines and Safety Margins<\/strong><\/p>\n\n\n\n<p>Guidelines provide, for example, the right order of work steps and important checkpoints. Hence, it is assured that nothing will be forgotten, and no warning signs will be overlooked. It is a question of attitude to follow these, to optimise them as necessary, and not to endanger the safety margins which the guidelines implement.<\/p>\n\n\n\n<p><strong>Human Factors Are Everywhere<\/strong><\/p>\n\n\n\n<p>It goes without saying that observing the human factors helps to prevent accidents. In particular, one should take care of stress and fatigue management due to the working conditions and shift work.<\/p>\n\n\n\n<h2 class=\"wp-block-heading\"><span class=\"ez-toc-section\" id=\"5_MRM_optimiert_die_Arbeit_an_Schnittstellen\"><\/span>5. MRM Optimises Collaboration Between Teams<span class=\"ez-toc-section-end\"><\/span><\/h2>\n\n\n\n<p>When collaborating, work is handed over to another team, or teams work together interdisciplinarily. The tasks should be discussed in detail and carried out without any loss of information.<\/p>\n\n\n\n<h3 class=\"wp-block-heading\">5.1. Shift Turnover<\/h3>\n\n\n\n<p>Some tasks stretch into the next shift, which is why a new team will proceed with them after the shift turnover. Now it is crucial that information about what has been done and what is still to be finished is passed on completely. <\/p>\n\n\n\n<p>For this, a dedicated protocol for documentation is provided. Only in this manner it can be assured that, for instance, no screws on an important building part are forgotten, which may lead to a threat in the air due to this error.<\/p>\n\n\n\n<h3 class=\"wp-block-heading\">5.2. More Collaboration<\/h3>\n\n\n\n<p>As almost any other professional, aircraft technicians work together with other teams and occupational groups, such as engineers from the aviation industry. Pilots receive information after maintenance work on their airliner, or help from technicians on the ground in case of particular questions.<\/p>\n\n\n\n<p>For you, dear readers, it is evident after having studied crew resource management for so long that the principles of CRM, adapted to MRM, render collaboration safer for the aircraft technicians due to communication, checklists and special SOPs, to name a few.<\/p>\n\n\n\n<h2 class=\"wp-block-heading\"><span class=\"ez-toc-section\" id=\"6_In_meinem_nachsten_Blogartikel_lesen_Sie\"><\/span>6. In My Next Blog Article You Can Read About:<span class=\"ez-toc-section-end\"><\/span><\/h2>\n\n\n\n<p>Maintenance resource management must be studied just as crew resource management. First of all, teams need to train practically and apply it. We will occupy ourselves with these two topics in the next blog article.<\/p>\n\n\n\n<p>Author: Eva-Maria Schottdorf<\/p>\n\n\n\n<p>Date: April 30th 2022<\/p>\n\n\n\n<div class=\"wp-block-buttons is-layout-flex wp-block-buttons-is-layout-flex\">\n<div class=\"wp-block-button\"><a class=\"wp-block-button__link wp-element-button\" href=\"#K\">Back to top<\/a><\/div>\n<\/div>\n\n\n\n<p><\/p>\n<div class=\"shariff shariff-align-flex-start shariff-widget-align-center\" data-services=\"facebook\" data-url=\"https%3A%2F%2Fwww.communicatio-optima.com%2Fen%2Fblog%2Fmaintenance-resource-management-mrm%2F\" data-timestamp=\"1682964510\" data-hidezero=\"1\" data-backendurl=\"https:\/\/www.communicatio-optima.com\/en\/wp-json\/shariff\/v1\/share_counts?\"><ul class=\"shariff-buttons theme-round orientation-horizontal buttonsize-small\"><li class=\"shariff-button linkedin\" style=\"background-color:#000000\"><a href=\"https:\/\/www.linkedin.com\/sharing\/share-offsite\/?url=https%3A%2F%2Fwww.communicatio-optima.com%2Fen%2Fblog%2Fmaintenance-resource-management-mrm%2F\" title=\"Share on LinkedIn\" aria-label=\"Share on LinkedIn\" role=\"button\" rel=\"noopener nofollow\" class=\"shariff-link\" style=\"; background-color:#3936eb; color:#fff\" target=\"_blank\"><span class=\"shariff-icon\" style=\"\"><svg width=\"32px\" height=\"20px\" xmlns=\"http:\/\/www.w3.org\/2000\/svg\" viewbox=\"0 0 27 32\"><path fill=\"#0077b5\" d=\"M6.2 11.2v17.7h-5.9v-17.7h5.9zM6.6 5.7q0 1.3-0.9 2.2t-2.4 0.9h0q-1.5 0-2.4-0.9t-0.9-2.2 0.9-2.2 2.4-0.9 2.4 0.9 0.9 2.2zM27.4 18.7v10.1h-5.9v-9.5q0-1.9-0.7-2.9t-2.3-1.1q-1.1 0-1.9 0.6t-1.2 1.5q-0.2 0.5-0.2 1.4v9.9h-5.9q0-7.1 0-11.6t0-5.3l0-0.9h5.9v2.6h0q0.4-0.6 0.7-1t1-0.9 1.6-0.8 2-0.3q3 0 4.9 2t1.9 6z\"\/><\/svg><\/span><\/a><\/li><li class=\"shariff-button xing\" style=\"background-color:#000000\"><a href=\"https:\/\/www.xing.com\/spi\/shares\/new?url=https%3A%2F%2Fwww.communicatio-optima.com%2Fen%2Fblog%2Fmaintenance-resource-management-mrm%2F\" title=\"Share on XING\" aria-label=\"Share on XING\" role=\"button\" rel=\"noopener nofollow\" class=\"shariff-link\" style=\"; background-color:#3936eb; color:#fff\" target=\"_blank\"><span class=\"shariff-icon\" style=\"\"><svg width=\"32px\" height=\"20px\" xmlns=\"http:\/\/www.w3.org\/2000\/svg\" viewbox=\"0 0 25 32\"><path fill=\"#126567\" d=\"M10.7 11.9q-0.2 0.3-4.6 8.2-0.5 0.8-1.2 0.8h-4.3q-0.4 0-0.5-0.3t0-0.6l4.5-8q0 0 0 0l-2.9-5q-0.2-0.4 0-0.7 0.2-0.3 0.5-0.3h4.3q0.7 0 1.2 0.8zM25.1 0.4q0.2 0.3 0 0.7l-9.4 16.7 6 11q0.2 0.4 0 0.6-0.2 0.3-0.6 0.3h-4.3q-0.7 0-1.2-0.8l-6-11.1q0.3-0.6 9.5-16.8 0.4-0.8 1.2-0.8h4.3q0.4 0 0.5 0.3z\"\/><\/svg><\/span><\/a><\/li><li class=\"shariff-button twitter\" style=\"background-color:#000000\"><a href=\"https:\/\/twitter.com\/share?url=https%3A%2F%2Fwww.communicatio-optima.com%2Fen%2Fblog%2Fmaintenance-resource-management-mrm%2F&text=Maintenance%20Resource%20Management%2C%20MRM\" title=\"Share on X\" aria-label=\"Share on X\" role=\"button\" rel=\"noopener nofollow\" class=\"shariff-link\" style=\"; background-color:#3936eb; color:#fff\" target=\"_blank\"><span class=\"shariff-icon\" style=\"\"><svg width=\"32px\" height=\"20px\" xmlns=\"http:\/\/www.w3.org\/2000\/svg\" viewbox=\"0 0 24 24\"><path fill=\"#000\" d=\"M14.258 10.152L23.176 0h-2.113l-7.747 8.813L7.133 0H0l9.352 13.328L0 23.973h2.113l8.176-9.309 6.531 9.309h7.133zm-2.895 3.293l-.949-1.328L2.875 1.56h3.246l6.086 8.523.945 1.328 7.91 11.078h-3.246zm0 0\"\/><\/svg><\/span><\/a><\/li><li class=\"shariff-button flipboard\" style=\"background-color:#000000\"><a href=\"https:\/\/share.flipboard.com\/bookmarklet\/popout?v=2&title=Maintenance%20Resource%20Management%2C%20MRM&url=https%3A%2F%2Fwww.communicatio-optima.com%2Fen%2Fblog%2Fmaintenance-resource-management-mrm%2F\" title=\"Share on Flipboard\" aria-label=\"Share on Flipboard\" role=\"button\" rel=\"noopener nofollow\" class=\"shariff-link\" style=\"; background-color:#3936eb; color:#fff\" target=\"_blank\"><span class=\"shariff-icon\" style=\"\"><svg width=\"24px\" height=\"24px\" xmlns=\"http:\/\/www.w3.org\/2000\/svg\" viewbox=\"0 0 24 24\"><path fill=\"#f52828\" d=\"M0 0h8v24H0V0zm9 9h7v7H9V9zm0-9h15v8H9V0z\"\/><\/svg><\/span><\/a><\/li><li class=\"shariff-button facebook\" style=\"background-color:#000000\"><a href=\"https:\/\/www.facebook.com\/sharer\/sharer.php?u=https%3A%2F%2Fwww.communicatio-optima.com%2Fen%2Fblog%2Fmaintenance-resource-management-mrm%2F\" title=\"Share on Facebook\" aria-label=\"Share on Facebook\" role=\"button\" rel=\"nofollow\" class=\"shariff-link\" style=\"; background-color:#3936eb; color:#fff\" target=\"_blank\"><span class=\"shariff-icon\" style=\"\"><svg width=\"32px\" height=\"20px\" xmlns=\"http:\/\/www.w3.org\/2000\/svg\" viewbox=\"0 0 18 32\"><path fill=\"#3b5998\" d=\"M17.1 0.2v4.7h-2.8q-1.5 0-2.1 0.6t-0.5 1.9v3.4h5.2l-0.7 5.3h-4.5v13.6h-5.5v-13.6h-4.5v-5.3h4.5v-3.9q0-3.3 1.9-5.2t5-1.8q2.6 0 4.1 0.2z\"\/><\/svg><\/span><\/a><\/li><\/ul><\/div>","protected":false},"excerpt":{"rendered":"<p>\u00dcber Maintenance Resource Management lesen Sie hier: 1. Worauf geht Maintenance Resource Management ein? 1.1. Ein unbeachtetes Detail kann eine Katastrophe ausl\u00f6sen 20% aller Flugzeugungl\u00fccke sind auf Fehler bei der Wartung und Instandsetzung zur\u00fcckzuf\u00fchren. Die Wartung eines Flugzeuges ist komplex, ein einziges Detail, das \u00fcbersehen wurde, kann zur Katastrophe f\u00fchren. Dies wurde beispielsweise bei der [&hellip;]<\/p>\n","protected":false},"author":2,"featured_media":0,"parent":526,"menu_order":0,"comment_status":"closed","ping_status":"closed","template":"","meta":{"_genesis_hide_title":false,"_genesis_hide_breadcrumbs":false,"_genesis_hide_singular_image":false,"_genesis_hide_footer_widgets":false,"_genesis_custom_body_class":"","_genesis_custom_post_class":"","_genesis_layout":"","footnotes":""},"class_list":{"0":"post-2936","1":"page","2":"type-page","3":"status-publish","5":"entry"},"_links":{"self":[{"href":"https:\/\/www.communicatio-optima.com\/en\/wp-json\/wp\/v2\/pages\/2936","targetHints":{"allow":["GET"]}}],"collection":[{"href":"https:\/\/www.communicatio-optima.com\/en\/wp-json\/wp\/v2\/pages"}],"about":[{"href":"https:\/\/www.communicatio-optima.com\/en\/wp-json\/wp\/v2\/types\/page"}],"author":[{"embeddable":true,"href":"https:\/\/www.communicatio-optima.com\/en\/wp-json\/wp\/v2\/users\/2"}],"replies":[{"embeddable":true,"href":"https:\/\/www.communicatio-optima.com\/en\/wp-json\/wp\/v2\/comments?post=2936"}],"version-history":[{"count":10,"href":"https:\/\/www.communicatio-optima.com\/en\/wp-json\/wp\/v2\/pages\/2936\/revisions"}],"predecessor-version":[{"id":7382,"href":"https:\/\/www.communicatio-optima.com\/en\/wp-json\/wp\/v2\/pages\/2936\/revisions\/7382"}],"up":[{"embeddable":true,"href":"https:\/\/www.communicatio-optima.com\/en\/wp-json\/wp\/v2\/pages\/526"}],"wp:attachment":[{"href":"https:\/\/www.communicatio-optima.com\/en\/wp-json\/wp\/v2\/media?parent=2936"}],"curies":[{"name":"wp","href":"https:\/\/api.w.org\/{rel}","templated":true}]}}