{"id":6052,"date":"2022-05-26T13:58:09","date_gmt":"2022-05-26T13:58:09","guid":{"rendered":"https:\/\/www.communicatio-optima.com\/?page_id=6052"},"modified":"2023-09-11T10:17:38","modified_gmt":"2023-09-11T10:17:38","slug":"mrm-in-training-and-practice","status":"publish","type":"page","link":"https:\/\/www.communicatio-optima.com\/en\/blog\/mrm-in-training-und-praxis\/","title":{"rendered":"MRM in Training and Practice"},"content":{"rendered":"<p>How to practise and apply MRM, you can read here:<\/p>\n\n\n\n<div id=\"ez-toc-container\" class=\"ez-toc-v2_0_82_2 counter-hierarchy ez-toc-counter ez-toc-custom ez-toc-container-direction\">\n<div class=\"ez-toc-title-container\">\n<span class=\"ez-toc-title-toggle\"><\/span><\/div>\n<nav><ul class='ez-toc-list ez-toc-list-level-1' ><li class='ez-toc-page-1 ez-toc-heading-level-2'><a class=\"ez-toc-link ez-toc-heading-1\" href=\"https:\/\/www.communicatio-optima.com\/en\/blog\/mrm-in-training-und-praxis\/#1_Vor_dem_MRM_Training_warmen_wir_uns_auf\" >1. Let's Warm up Before Our MRM Training Session<\/a><\/li><li class='ez-toc-page-1 ez-toc-heading-level-2'><a class=\"ez-toc-link ez-toc-heading-2\" href=\"https:\/\/www.communicatio-optima.com\/en\/blog\/mrm-in-training-und-praxis\/#2_Trainingsinhalte_fur_MRM_in_der_Luftfahrt\" >2. The Contents of MRM Training Courses in Aviation<\/a><\/li><li class='ez-toc-page-1 ez-toc-heading-level-2'><a class=\"ez-toc-link ez-toc-heading-3\" href=\"https:\/\/www.communicatio-optima.com\/en\/blog\/mrm-in-training-und-praxis\/#3_In_MRM_Trainings_uben_die_Teilnehmenden_praxisnah\" >3. Participation in MRM Training Courses Means Action Learning<\/a><\/li><li class='ez-toc-page-1 ez-toc-heading-level-2'><a class=\"ez-toc-link ez-toc-heading-4\" href=\"https:\/\/www.communicatio-optima.com\/en\/blog\/mrm-in-training-und-praxis\/#4_Die_Trainingsinhalte_kommen_in_der_Realitat_an\" >4. Application of the Course Contents<\/a><\/li><li class='ez-toc-page-1 ez-toc-heading-level-2'><a class=\"ez-toc-link ez-toc-heading-5\" href=\"https:\/\/www.communicatio-optima.com\/en\/blog\/mrm-in-training-und-praxis\/#5_MRM_Training_und_seine_Erfolge\" >5. MRM Training Courses and Their Successes<\/a><\/li><li class='ez-toc-page-1 ez-toc-heading-level-2'><a class=\"ez-toc-link ez-toc-heading-6\" href=\"https:\/\/www.communicatio-optima.com\/en\/blog\/mrm-in-training-und-praxis\/#6_Wo_konnen_wir_selbst_MRM_gewinnbringend_einsetzen\" >6. Where Can We Ourselves Apply MRM Advantageously?<\/a><\/li><li class='ez-toc-page-1 ez-toc-heading-level-2'><a class=\"ez-toc-link ez-toc-heading-7\" href=\"https:\/\/www.communicatio-optima.com\/en\/blog\/mrm-in-training-und-praxis\/#7_Im_nachsten_Blogartikel_werden_wir_nachbesprechen\" >7. In the Next Blog Article We Will Hold a Debriefing Session<\/a><\/li><\/ul><\/nav><\/div>\n<h2 class=\"wp-block-heading\"><span class=\"ez-toc-section\" id=\"1_Vor_dem_MRM_Training_warmen_wir_uns_auf\"><\/span>1. Let's Warm up Before Our MRM Training Session<span class=\"ez-toc-section-end\"><\/span><\/h2>\n\n\n\n<p>We will start gently by memorising what we have learned about <a href=\"https:\/\/www.communicatio-optima.com\/en\/blog\/maintenance-resource-management-mrm\/\" target=\"_blank\" rel=\"noreferrer noopener\">Maintenance Resource Management<\/a> in the previous blog article.<\/p>\n\n\n\n<ul class=\"wp-block-list\">\n<li>maintenance resource management was established in the 1980s and 1990s<\/li>\n\n\n\n<li>this originated in the realisation that errors during maintenance had contributed to 20% of air accidents<\/li>\n\n\n\n<li>MRM developed from CRM in six generations<\/li>\n\n\n\n<li>in the process, the collaboration of airlines, universities, and aviation authorites was remarkable<\/li>\n\n\n\n<li>the human factors play as a decisive role as they do in CRM<\/li>\n\n\n\n<li>MRM is the adaption of CRM to the peculiar work environment during maintenance and repair<\/li>\n\n\n\n<li>the technicians' common goal is to place a perfectly intact airliner into service<\/li>\n\n\n\n<li>in order to accomplish this, mistakes and near-mistakes have to be detected in good time and mended, before the airplane can be handed over for a safe flight<\/li>\n<\/ul>\n\n\n\n<p>MRM is applied practically by paying attention to the human factors, as well as employing imortant principles known from CRM, such as situational awareness, communication, and speak up, accordingly. This may sound simple, but a team has to be well-rehearsed if it wants to be successful.<\/p>\n\n\n\n<h2 class=\"wp-block-heading\"><span class=\"ez-toc-section\" id=\"2_Trainingsinhalte_fur_MRM_in_der_Luftfahrt\"><\/span>2. The Contents of MRM Training Courses in Aviation<span class=\"ez-toc-section-end\"><\/span><\/h2>\n\n\n\n<h3 class=\"wp-block-heading\">2.1. The 1998 ICAO Recommendations<\/h3>\n\n\n\n<p>Already in 1998, the International Civil Aviation Organisation, ICAO, set the goals for MRM training courses in a recommended syllabus. These were subdivided into three levels of proficiency. In the first generation of maintenance resource management, the focus was on raising awareness to the topics. In 1998, it was the aim to improve the knowledge, skills, and attitude concerning each of the following items, as <a href=\"https:\/\/www.globalairtraining.com\/resources\/DOC-9683.pdf\" target=\"_blank\" rel=\"noreferrer noopener\">described in more detail<\/a> here (pages 2-1-19 to 2-1-22):<\/p>\n\n\n\n<ul class=\"wp-block-list\">\n<li>human factors<\/li>\n\n\n\n<li>safety culture and organisational factors<\/li>\n\n\n\n<li>human error<\/li>\n\n\n\n<li>human perfomance and work environment<\/li>\n\n\n\n<li>the respective organisation's human factors programme<\/li>\n<\/ul>\n\n\n\n<h3 class=\"wp-block-heading\">2.2. The UK CAA's Recommendations<\/h3>\n\n\n\n<p>In order to fulfill the ICAO requirements, the UK Civil Aviation Authority, CAA, defined the following topics:<\/p>\n\n\n\n<ul class=\"wp-block-list\">\n<li>safety culture and organisational factors<\/li>\n\n\n\n<li>errors, violations, and noncompliance with procedures<\/li>\n\n\n\n<li>individual factors, such as shift work, stress, and fatigue<\/li>\n\n\n\n<li>environmental factors, such as tooling and ergonomic audit programmes<\/li>\n\n\n\n<li>procedures, documentation, and maintenance data<\/li>\n\n\n\n<li>communication, handovers, and sign-offs<\/li>\n\n\n\n<li>planning, preparation, and team work<\/li>\n\n\n\n<li>professionalism and integrity<\/li>\n\n\n\n<li>the organisation's error management programme, including error-reporting, investigation, and solution follow-up<\/li>\n<\/ul>\n\n\n\n<h2 class=\"wp-block-heading\"><span class=\"ez-toc-section\" id=\"3_In_MRM_Trainings_uben_die_Teilnehmenden_praxisnah\"><\/span>3. Participation in MRM Training Courses Means Action Learning<span class=\"ez-toc-section-end\"><\/span><\/h2>\n\n\n\n<h3 class=\"wp-block-heading\">3.1. Who Practises in MRM Training Courses?<\/h3>\n\n\n\n<p>This question is valid, indeed. At first, such training courses were aimed at upper management. Only in the course of time, all occupational groups working  in maintenance, servicing, and repair, were included. <\/p>\n\n\n\n<p>Now, the training courses comprise technicians in the first place, but also engineers, quality management controllers, and air accident investigators. Because of that it is reasonable to offer specific training units to the respective subgroups along with a common part about the human factors.<\/p>\n\n\n\n<h3 class=\"wp-block-heading\">3.2. What Is Practised?<\/h3>\n\n\n\n<p>When designing the MRM training courses today, the organisers can choose from the exercises of six MRM generations. The participants train mainly practically and engage in interactive exercises, role plays, and case analyses, for instance. The items below have already been part of the first two MRM generations:<\/p>\n\n\n\n<ul class=\"wp-block-list\">\n<li>interpersonal communication<\/li>\n\n\n\n<li>problem solving and decision-making<\/li>\n\n\n\n<li>assertiveness and conflict resolution<\/li>\n\n\n\n<li>situational awareness<\/li>\n\n\n\n<li>shift-turnover briefings<\/li>\n\n\n\n<li>Leadership<\/li>\n\n\n\n<li>awareness of stress and fatigue, including prevention<\/li>\n<\/ul>\n\n\n\n<h2 class=\"wp-block-heading\"><span class=\"ez-toc-section\" id=\"4_Die_Trainingsinhalte_kommen_in_der_Realitat_an\"><\/span>4. Application of the Course Contents<span class=\"ez-toc-section-end\"><\/span><\/h2>\n\n\n\n<p>Who has not yet industriously been to training courses, or conventions and has learned new topics there? What happens to the course contents after the participants are back to work? It is the ideal attitude that new knowledge and skills should be integrated into daily work. For this, one can take the following steps.<\/p>\n\n\n\n<h3 class=\"wp-block-heading\">4.1. <strong>Setting Goals Before the Actual MRM Training Course<\/strong><\/h3>\n\n\n\n<p>Already when enrolling into the couse, the participants think about what they want to learn. This works best if they have already detected room for improvement in their work, defined goals, and written them down.<\/p>\n\n\n\n<h3 class=\"wp-block-heading\">4.2. <strong>During the MRM Training Course<\/strong><\/h3>\n\n\n\n<p>During the training course, the participants compare the teached knowledge and skills to the reality at their workplace and ponder how to put their insights from the exercises into practice.<\/p>\n\n\n\n<p>The success is maximised if those who work together also practise together. In such a group, the contens can be customised to meet the particular needs.<\/p>\n\n\n\n<h3 class=\"wp-block-heading\">4.3. <strong>Back to the Workplace<\/strong><\/h3>\n\n\n\n<p>Now, the actual work begins according to the defined goals and the corresponding notes from the course. For instance, SOPs, checklists, or work routines are optimised. CRM principles, such as decision-making and situational awareness are applied actively, and amendments are made to the error management programme. <\/p>\n\n\n\n<h3 class=\"wp-block-heading\">4.4. Sustainable Securing of the Improvements in MRM<\/h3>\n\n\n\n<p>It is known that course contents can wane in the real world over time. How do the technicians manage to secure their positive changes after their training course in a sustainable manner? They achieve this by thinking about the items they want to secure sustainably already before and during the course. <\/p>\n\n\n\n<p>These items are written down, as well, together with the corresponding points in time and methods of review. For the review, standardised questionnaires for the employees, checklists and, of course, discussions can be used.<\/p>\n\n\n\n<h2 class=\"wp-block-heading\"><span class=\"ez-toc-section\" id=\"5_MRM_Training_und_seine_Erfolge\"><\/span>5. MRM Training Courses and Their Successes<span class=\"ez-toc-section-end\"><\/span><\/h2>\n\n\n\n<p>Maintenance Resource Management training courses are not mandatory. Considering this, the question about their success is interesting nontheless, and has been addressed accordingly (Patankar, 2019).<\/p>\n\n\n\n<h3 class=\"wp-block-heading\">5.1. Direct Results During Work<\/h3>\n\n\n\n<p>On the whole, especially the frontline technicians showed enthusiasm for the MRM training programmes. This lessened if improvements of the workplace ergonomics on the part of the supervisors did not occur.<\/p>\n\n\n\n<p>Due to MRM practice, the technicians, first of all, changed their attitude towards stress management, which correlated most clearly with the reduction of lost-time injuries and ground damage.<\/p>\n\n\n\n<p>Taken together, the participants of the training courses showed great commitment to apply their new knowledge, whereas the corporate culture not always supported such changes. This demonstrates that follow-up interviews, which include all levels of an organisation, help to secure the success of MRM training in the long run.<\/p>\n\n\n\n<h3 class=\"wp-block-heading\">5.2. Impact of MRM Training Courses on the Operational Result<\/h3>\n\n\n\n<p>Even though the Federal Aviation Administration, FAA, in the USA provides a calculator for the return on investment of MRM training programmes, and although several authors have dealt with the topic, it remains difficult to calculate exactly, what influence on the operational result a single training programme has in synopsis with all other safety measures of an organisation.<\/p>\n\n\n\n<p>However, it can be stated that a single accident, which is due to a lack of safety, severely damages the image and the value of the respective airline. In addition, it is not only advantageous from a humane and ethical point of view, but also economically if injuries of the personnel and ground damage are kept to a minimum.<\/p>\n\n\n\n<h3 class=\"wp-block-heading\">5.3. The Worldwide Influence of the Training Programmes on the Safety Culture in MRM<\/h3>\n\n\n\n<p>As in crew resource management, the error management changed over time when MRM was developed in six generations. It took more than a decennium until one had found the way away from accusation and punishment towards <a href=\"https:\/\/www.communicatio-optima.com\/en\/blog\/just-culture\/\" target=\"_blank\" rel=\"noreferrer noopener\">Just Culture<\/a> . <\/p>\n\n\n\n<p>As we know from CRM, an error management, in which mistakes are reported and investigated, also improves safety.<\/p>\n\n\n\n<p>Patankar M.S.: \u201eMaintenance Resource Management for Technical Operations\u201c in: \u201eCrew Resource Management\u201c Third Edition (2019), edited by Kanki B.G., Anca J., Chidseter Th.R., Academic Press in an imprint of Elsevier, London, UK, pp. 382-390<\/p>\n\n\n\n<h2 class=\"wp-block-heading\"><span class=\"ez-toc-section\" id=\"6_Wo_konnen_wir_selbst_MRM_gewinnbringend_einsetzen\"><\/span>6. Where Can We Ourselves Apply MRM Advantageously?<span class=\"ez-toc-section-end\"><\/span><\/h2>\n\n\n\n<p>We can ask ourselves the following questions even if we are not regularly entrusted with maintenance and repair.<\/p>\n\n\n\n<ul class=\"wp-block-list\">\n<li>What type of maintenance and service belongs to our own area of responsibility?<\/li>\n\n\n\n<li>Do we work on this as a team?<\/li>\n\n\n\n<li>What consequences would negligence and errors have? <\/li>\n\n\n\n<li>What can we transfer to dangerous work and collaboration between teams?<\/li>\n<\/ul>\n\n\n\n<h3 class=\"wp-block-heading\">6.1. Equipment in Science and Diagnostics as Examples<\/h3>\n\n\n\n<p>In medical science and diagnostics, technical equipment of varying complexity is utilised. Sometimes, several teams work with such equipment in turn, for instance on particular microscopes, or a flow cytometer. Depending on the apparatus, calibrations and simple problem solving belong to the day-to-day work.<\/p>\n\n\n\n<p>How do we communicate and correct defects and inaccuracies we have noticed, before they lead to a wrong result with potentially far-reaching consequences during our or another team's work? Who will conduct the recalibration, or necessary repair work? Do we need the help of a technician?<\/p>\n\n\n\n<h3 class=\"wp-block-heading\">6.2. From Where MRM Knows Collaboration Between Teams<\/h3>\n\n\n\n<p>Collaboration between teams is well-known to people in medical professions. Indeed, one orientated oneself on the nurses' shift-turnovers in the hospital when designing the collaboration and turnovers in MRM. <\/p>\n\n\n\n<p>It goes without saying that nothing may be left out during such turnovers between teams. Hence, time and a meeting room are dedicated to the shift-turnovers. Partially, there are standardised orders in which the facts are reported.<\/p>\n\n\n\n<p>Especially in the emergency medical service, also technical details should be communicated to the team which takes over. Are there any problems concerning the equipment? If so, what needs to be replaced or renewed? For example, it would have huge consequences to arrive at a patient who needs artificial ventilation with the respirator out of order.<\/p>\n\n\n\n<h3 class=\"wp-block-heading\">6.3. MRM and Dangerous Tasks<\/h3>\n\n\n\n<p>Every team which does dangerous work, has established safety standards, of course. The additional focus in maintenance resource management is on the avoidance of potential accidents during hazardous work by applying CRM principles.<\/p>\n\n\n\n<p>This combination of awareness of all types of danger and of techniques known from CRM exceeds the valuable occupational safety which is already in place.<\/p>\n\n\n\n<p>If we ourselves now carry out maintenance work, we benefit from using CRM principles, such as situational awareness, and planning ahead, speak up, and communication wisely in order to neither damage expensive and sensitive equipment momentously, nor injure ourselves.<\/p>\n\n\n\n<h2 class=\"wp-block-heading\"><span class=\"ez-toc-section\" id=\"7_Im_nachsten_Blogartikel_werden_wir_nachbesprechen\"><\/span>7. In the Next Blog Article We Will Hold a Debriefing Session<span class=\"ez-toc-section-end\"><\/span><\/h2>\n\n\n\n<p>How do we conduct a successful debriefing session after training scenarios and real calls? We will reveal together, how the team collaborates in such a session, sheds light on the underlying causes of events, and deduces consequences. Of course, debriefing sessions are not restricted to the emergency medical service world. Rather, you can hold one yourself at any time.<\/p>\n\n\n\n<p>Author: Eva-Maria Schottdorf<\/p>\n\n\n\n<p>Date: May 25th 2022<\/p>\n\n\n\n<div class=\"wp-block-buttons is-layout-flex wp-block-buttons-is-layout-flex\">\n<div class=\"wp-block-button\"><a class=\"wp-block-button__link wp-element-button\" href=\"#K\">Back to top<\/a><\/div>\n<\/div>\n\n\n\n<p><\/p>\n<div class=\"shariff shariff-align-flex-start shariff-widget-align-center\" data-services=\"facebook\" data-url=\"https%3A%2F%2Fwww.communicatio-optima.com%2Fen%2Fblog%2Fmrm-in-training-und-praxis%2F\" data-timestamp=\"1694427458\" data-hidezero=\"1\" data-backendurl=\"https:\/\/www.communicatio-optima.com\/en\/wp-json\/shariff\/v1\/share_counts?\"><ul class=\"shariff-buttons theme-round orientation-horizontal buttonsize-small\"><li class=\"shariff-button linkedin\" style=\"background-color:#000000\"><a href=\"https:\/\/www.linkedin.com\/sharing\/share-offsite\/?url=https%3A%2F%2Fwww.communicatio-optima.com%2Fen%2Fblog%2Fmrm-in-training-und-praxis%2F\" title=\"Share on LinkedIn\" aria-label=\"Share on LinkedIn\" role=\"button\" rel=\"noopener nofollow\" class=\"shariff-link\" style=\"; background-color:#3936eb; color:#fff\" target=\"_blank\"><span class=\"shariff-icon\" style=\"\"><svg width=\"32px\" height=\"20px\" xmlns=\"http:\/\/www.w3.org\/2000\/svg\" viewbox=\"0 0 27 32\"><path fill=\"#0077b5\" d=\"M6.2 11.2v17.7h-5.9v-17.7h5.9zM6.6 5.7q0 1.3-0.9 2.2t-2.4 0.9h0q-1.5 0-2.4-0.9t-0.9-2.2 0.9-2.2 2.4-0.9 2.4 0.9 0.9 2.2zM27.4 18.7v10.1h-5.9v-9.5q0-1.9-0.7-2.9t-2.3-1.1q-1.1 0-1.9 0.6t-1.2 1.5q-0.2 0.5-0.2 1.4v9.9h-5.9q0-7.1 0-11.6t0-5.3l0-0.9h5.9v2.6h0q0.4-0.6 0.7-1t1-0.9 1.6-0.8 2-0.3q3 0 4.9 2t1.9 6z\"\/><\/svg><\/span><\/a><\/li><li class=\"shariff-button xing\" style=\"background-color:#000000\"><a href=\"https:\/\/www.xing.com\/spi\/shares\/new?url=https%3A%2F%2Fwww.communicatio-optima.com%2Fen%2Fblog%2Fmrm-in-training-und-praxis%2F\" title=\"Share on XING\" aria-label=\"Share on XING\" role=\"button\" rel=\"noopener nofollow\" class=\"shariff-link\" style=\"; background-color:#3936eb; color:#fff\" target=\"_blank\"><span class=\"shariff-icon\" style=\"\"><svg width=\"32px\" height=\"20px\" xmlns=\"http:\/\/www.w3.org\/2000\/svg\" viewbox=\"0 0 25 32\"><path fill=\"#126567\" d=\"M10.7 11.9q-0.2 0.3-4.6 8.2-0.5 0.8-1.2 0.8h-4.3q-0.4 0-0.5-0.3t0-0.6l4.5-8q0 0 0 0l-2.9-5q-0.2-0.4 0-0.7 0.2-0.3 0.5-0.3h4.3q0.7 0 1.2 0.8zM25.1 0.4q0.2 0.3 0 0.7l-9.4 16.7 6 11q0.2 0.4 0 0.6-0.2 0.3-0.6 0.3h-4.3q-0.7 0-1.2-0.8l-6-11.1q0.3-0.6 9.5-16.8 0.4-0.8 1.2-0.8h4.3q0.4 0 0.5 0.3z\"\/><\/svg><\/span><\/a><\/li><li class=\"shariff-button twitter\" style=\"background-color:#000000\"><a href=\"https:\/\/twitter.com\/share?url=https%3A%2F%2Fwww.communicatio-optima.com%2Fen%2Fblog%2Fmrm-in-training-und-praxis%2F&text=MRM%20in%20Training%20und%20Praxis\" title=\"Share on X\" aria-label=\"Share on X\" role=\"button\" rel=\"noopener nofollow\" class=\"shariff-link\" style=\"; background-color:#3936eb; color:#fff\" target=\"_blank\"><span class=\"shariff-icon\" style=\"\"><svg width=\"32px\" height=\"20px\" xmlns=\"http:\/\/www.w3.org\/2000\/svg\" viewbox=\"0 0 24 24\"><path fill=\"#000\" d=\"M14.258 10.152L23.176 0h-2.113l-7.747 8.813L7.133 0H0l9.352 13.328L0 23.973h2.113l8.176-9.309 6.531 9.309h7.133zm-2.895 3.293l-.949-1.328L2.875 1.56h3.246l6.086 8.523.945 1.328 7.91 11.078h-3.246zm0 0\"\/><\/svg><\/span><\/a><\/li><li class=\"shariff-button flipboard\" style=\"background-color:#000000\"><a href=\"https:\/\/share.flipboard.com\/bookmarklet\/popout?v=2&title=MRM%20in%20Training%20und%20Praxis&url=https%3A%2F%2Fwww.communicatio-optima.com%2Fen%2Fblog%2Fmrm-in-training-und-praxis%2F\" title=\"Share on Flipboard\" aria-label=\"Share on Flipboard\" role=\"button\" rel=\"noopener nofollow\" class=\"shariff-link\" style=\"; background-color:#3936eb; color:#fff\" target=\"_blank\"><span class=\"shariff-icon\" style=\"\"><svg width=\"24px\" height=\"24px\" xmlns=\"http:\/\/www.w3.org\/2000\/svg\" viewbox=\"0 0 24 24\"><path fill=\"#f52828\" d=\"M0 0h8v24H0V0zm9 9h7v7H9V9zm0-9h15v8H9V0z\"\/><\/svg><\/span><\/a><\/li><li class=\"shariff-button facebook\" style=\"background-color:#000000\"><a href=\"https:\/\/www.facebook.com\/sharer\/sharer.php?u=https%3A%2F%2Fwww.communicatio-optima.com%2Fen%2Fblog%2Fmrm-in-training-und-praxis%2F\" title=\"Share on Facebook\" aria-label=\"Share on Facebook\" role=\"button\" rel=\"nofollow\" class=\"shariff-link\" style=\"; background-color:#3936eb; color:#fff\" target=\"_blank\"><span class=\"shariff-icon\" style=\"\"><svg width=\"32px\" height=\"20px\" xmlns=\"http:\/\/www.w3.org\/2000\/svg\" viewbox=\"0 0 18 32\"><path fill=\"#3b5998\" d=\"M17.1 0.2v4.7h-2.8q-1.5 0-2.1 0.6t-0.5 1.9v3.4h5.2l-0.7 5.3h-4.5v13.6h-5.5v-13.6h-4.5v-5.3h4.5v-3.9q0-3.3 1.9-5.2t5-1.8q2.6 0 4.1 0.2z\"\/><\/svg><\/span><\/a><\/li><\/ul><\/div>","protected":false},"excerpt":{"rendered":"<p>Wie MRM trainiert und in der Praxis umgesetzt wird, lesen Sie hier: 1. Vor dem MRM Training w\u00e4rmen wir uns auf Wir fangen geruhsam an indem wir uns ins Ged\u00e4chtnis rufen, was wir im ersten Blogartikel \u00fcber Maintenance Resource Management schon er\u00f6rtert haben. Praktisch wird MRM umgesetzt, indem die menschlichen Faktoren beachtet sowie wichtige, aus [&hellip;]<\/p>\n","protected":false},"author":2,"featured_media":0,"parent":526,"menu_order":0,"comment_status":"closed","ping_status":"closed","template":"","meta":{"_genesis_hide_title":false,"_genesis_hide_breadcrumbs":false,"_genesis_hide_singular_image":false,"_genesis_hide_footer_widgets":false,"_genesis_custom_body_class":"","_genesis_custom_post_class":"","_genesis_layout":"","footnotes":""},"class_list":{"0":"post-6052","1":"page","2":"type-page","3":"status-publish","5":"entry"},"_links":{"self":[{"href":"https:\/\/www.communicatio-optima.com\/en\/wp-json\/wp\/v2\/pages\/6052","targetHints":{"allow":["GET"]}}],"collection":[{"href":"https:\/\/www.communicatio-optima.com\/en\/wp-json\/wp\/v2\/pages"}],"about":[{"href":"https:\/\/www.communicatio-optima.com\/en\/wp-json\/wp\/v2\/types\/page"}],"author":[{"embeddable":true,"href":"https:\/\/www.communicatio-optima.com\/en\/wp-json\/wp\/v2\/users\/2"}],"replies":[{"embeddable":true,"href":"https:\/\/www.communicatio-optima.com\/en\/wp-json\/wp\/v2\/comments?post=6052"}],"version-history":[{"count":10,"href":"https:\/\/www.communicatio-optima.com\/en\/wp-json\/wp\/v2\/pages\/6052\/revisions"}],"predecessor-version":[{"id":7383,"href":"https:\/\/www.communicatio-optima.com\/en\/wp-json\/wp\/v2\/pages\/6052\/revisions\/7383"}],"up":[{"embeddable":true,"href":"https:\/\/www.communicatio-optima.com\/en\/wp-json\/wp\/v2\/pages\/526"}],"wp:attachment":[{"href":"https:\/\/www.communicatio-optima.com\/en\/wp-json\/wp\/v2\/media?parent=6052"}],"curies":[{"name":"wp","href":"https:\/\/api.w.org\/{rel}","templated":true}]}}