{"id":6355,"date":"2022-07-31T19:18:09","date_gmt":"2022-07-31T19:18:09","guid":{"rendered":"https:\/\/www.communicatio-optima.com\/?page_id=6355"},"modified":"2023-05-01T18:10:54","modified_gmt":"2023-05-01T18:10:54","slug":"post-traumatic-stress-or-post-traumatic-stress-disorder","status":"publish","type":"page","link":"https:\/\/www.communicatio-optima.com\/en\/blog\/posttraumatischer-stress-oder-belastungsstoerung\/","title":{"rendered":"Post-Traumatic Stress or Post-Traumatic Stress Disorder?"},"content":{"rendered":"<p>What post-traumatic stress, PTS, and post-traumatic stress disorder, PTSD, as well as their causes are and what needs to be treated, you can read here:<\/p>\n\n\n\n<div id=\"ez-toc-container\" class=\"ez-toc-v2_0_82_2 counter-hierarchy ez-toc-counter ez-toc-custom ez-toc-container-direction\">\n<div class=\"ez-toc-title-container\">\n<span class=\"ez-toc-title-toggle\"><\/span><\/div>\n<nav><ul class='ez-toc-list ez-toc-list-level-1' ><li class='ez-toc-page-1 ez-toc-heading-level-2'><a class=\"ez-toc-link ez-toc-heading-1\" href=\"https:\/\/www.communicatio-optima.com\/en\/blog\/posttraumatischer-stress-oder-belastungsstoerung\/#1_Posttraumatischer_Stres_und_seine_Ausloser\" >1. Post-Traumatic Stress and Its Causes<\/a><\/li><li class='ez-toc-page-1 ez-toc-heading-level-2'><a class=\"ez-toc-link ez-toc-heading-2\" href=\"https:\/\/www.communicatio-optima.com\/en\/blog\/posttraumatischer-stress-oder-belastungsstoerung\/#2_Symptome_und_Verlauf_von_PTS\" >2. Symptoms and Course of PTS<\/a><\/li><li class='ez-toc-page-1 ez-toc-heading-level-2'><a class=\"ez-toc-link ez-toc-heading-3\" href=\"https:\/\/www.communicatio-optima.com\/en\/blog\/posttraumatischer-stress-oder-belastungsstoerung\/#3_Wenn_sich_posttraumatischer_Stres_zu_einer_PTBS_entwickelt\" >3. When Post-Traumatic Stress Develops Into PTSD<\/a><\/li><li class='ez-toc-page-1 ez-toc-heading-level-2'><a class=\"ez-toc-link ez-toc-heading-4\" href=\"https:\/\/www.communicatio-optima.com\/en\/blog\/posttraumatischer-stress-oder-belastungsstoerung\/#4_Die_Therapie_und_Prognose_einer_PTBS\" >4. Therapy and Prognosis of PTSD<\/a><\/li><li class='ez-toc-page-1 ez-toc-heading-level-2'><a class=\"ez-toc-link ez-toc-heading-5\" href=\"https:\/\/www.communicatio-optima.com\/en\/blog\/posttraumatischer-stress-oder-belastungsstoerung\/#5_Posttraumatischer_Stres_PTBS_und_Offenheit\" >5. Post-Traumatic Stress, PTSD and Openness<\/a><\/li><li class='ez-toc-page-1 ez-toc-heading-level-2'><a class=\"ez-toc-link ez-toc-heading-6\" href=\"https:\/\/www.communicatio-optima.com\/en\/blog\/posttraumatischer-stress-oder-belastungsstoerung\/#6_In_meinem_nachsten_Blogartikel_lesen_Sie\" >6. In My Next Blog Article You Can Read About:<\/a><\/li><\/ul><\/nav><\/div>\n<h2 class=\"wp-block-heading\"><span class=\"ez-toc-section\" id=\"1_Posttraumatischer_Stres_und_seine_Ausloser\"><\/span>1. Post-Traumatic Stress and Its Causes<span class=\"ez-toc-section-end\"><\/span><\/h2>\n\n\n\n<p>Of the many causes of post-traumatic stress we want to pick two which we may encounter during complex and stressful jobs.<\/p>\n\n\n\n<h3 class=\"wp-block-heading\">1.1. Incidents at High Risk Workplaces<\/h3>\n\n\n\n<p>Professionals at high risk workplaces face enormous responsibility as errors can have far-reaching consequences. In addition, these professionals have to act quickly and skilfully in the event of a threat in order to avoid damages of all kinds. Hence, we can easily imagine that post-traumatic stress may be a sequela of <a href=\"https:\/\/www.communicatio-optima.com\/en\/blog\/how-to-keep-threats-and-errors-in-check-skilfully\/\" data-type=\"page\" data-id=\"4533\" target=\"_blank\" rel=\"noreferrer noopener\">errors, or threats<\/a> .<\/p>\n\n\n\n<h3 class=\"wp-block-heading\">1.2. Post-Traumatic Stress in the Emergency Services<\/h3>\n\n\n\n<p>Employess in the emergency services work in high risk environments, as well, because mistakes during their calls can have major consequences, for example, for their patients. Furthermore, they may experience particularly grave calls during which they witness considerable suffering. It is not always easy to distance oneself from that.<\/p>\n\n\n\n<h3 class=\"wp-block-heading\">1.3. Post-Traumatic Stress Is a Common and Normal Reaction<\/h3>\n\n\n\n<p>More common occurrences, such as car accidents, can lead to post-traumatic stress, as well. These are events that startle us initially, before we cope with them. Post-traumatic stress is normal and common, most human beings experience such an episode at some point in their lives without defining it as PTS. For this, one needs to recognise and classify the symptoms. <\/p>\n\n\n\n<p>We will now turn our attention to why and how the symptoms occur, what they tell us and how PTS usually develops.<\/p>\n\n\n\n<h2 class=\"wp-block-heading\"><span class=\"ez-toc-section\" id=\"2_Symptome_und_Verlauf_von_PTS\"><\/span>2. Symptoms and Course of PTS<span class=\"ez-toc-section-end\"><\/span><\/h2>\n\n\n\n<h3 class=\"wp-block-heading\">2.1. What Post-traumatic Stress Feels Like<\/h3>\n\n\n\n<p><strong>The Acute Reaction of Our Body<\/strong><\/p>\n\n\n\n<p>Most of us remember an unpleasant situation, which left us startled, with our heart beating fast, our hands wet from sweat and shaking, with our mouth dry and our brain seemingly empty. These are the symptoms of the evolutionary age-old freeze-flight-or-fight repsonse. <\/p>\n\n\n\n<p>This reaction prepares us physically to act quickly when in danger to free ourselves. It is triggered by the release of hormones in the body, which activate the part of our nervous system that readies us to fight or flight. Therefore, our heart rate, and the frequency and depth of our breath, as well as our muscle tone increase, whereas, for instance, our digestion, which is of lesser importance at that moment, is interrupted.<\/p>\n\n\n\n<p><strong>The Next Days<\/strong><\/p>\n\n\n\n<p>It is normal that we experience the reaction of our body anew for a few days when we revisit the situation in our mind, or are reminded of it by external stimuli, such as smells, places, or certain messages. <\/p>\n\n\n\n<p>Perhaps, the experienced situation appears in dreams. We may be afraid to repeat the action during which the incident had occurred. Such incidents range from accidents during spare time or professional sports, occupational accidents, witnessing sudden, or serious suffering to the involvement in an act of violence.<\/p>\n\n\n\n<p><strong>What We Learn from the Experience<\/strong><\/p>\n\n\n\n<p>A possible positive meaning of such an experience could be, from an evolutionary biological point of view, that we memorise the dangerous situation well. Equipped that way, we will most likely behave cautious and anticipatory in similar circumstances in order to master them without any damage or injury. <\/p>\n\n\n\n<h3 class=\"wp-block-heading\">2.2. Uncomplicated Post-Traumatic Stress Does Not Need Any Treatment<\/h3>\n\n\n\n<p>As we have seen above, post-traumatic stress is a normal reaction, which also helps us to cope with an event. It depends on many factors, how well we will manage that. Amongst them, how serious and long-lasting the traumatising incident has been for us. A stable initial situation, a primarily good state of health and a supporting environment are helpful, but also relaxing interests such as yoga, playing music, or outdoor sports. <\/p>\n\n\n\n<p>Post-traumatic stress usually subsides after a few days all by itself and, therefore, requires no therapy. If PTS takes such an uncomplicated course, it is not a diagnosis and has no pathological relevance.<\/p>\n\n\n\n<h3 class=\"wp-block-heading\">2.3. When to Seek Help<\/h3>\n\n\n\n<p>In some cases, the symptoms can influence everyday life considerably. For example, the persons concerned think about the incidence constantly, avoid certain people, or places. In addition, some consume more alcohol or take sedatives, as well as probably further substances in order to alleviate the symptoms. <\/p>\n\n\n\n<p>With such types of behaviour, it is recommended not to hide behind it with the actual problem, but to seek psychological help in order to cope with the post-traumatic stress. This is especially important in order to prevent its progression into a post-traumatic stress disorder.<\/p>\n\n\n\n<h2 class=\"wp-block-heading\"><span class=\"ez-toc-section\" id=\"3_Wenn_sich_posttraumatischer_Stres_zu_einer_PTBS_entwickelt\"><\/span>3. When Post-Traumatic Stress Develops Into PTSD<span class=\"ez-toc-section-end\"><\/span><\/h2>\n\n\n\n<h3 class=\"wp-block-heading\">3.1. The Post-Traumatic Stress Does Not Subside<\/h3>\n\n\n\n<p>If post-traumatic stress after a severe occurrence, such as experiencing the danger of death for oneself, or a loved one, does not cease, but impairs the life of the afflicted patient massively, it has progressed into a post-traumatic stress disorder.<\/p>\n\n\n\n<p>Why some people develop a post-traumatic stress disorder whilst others are spared, is not conclusively clarified. Generally speaking, PTSD is rare with respect to the entire population. It can develop without preceding post-traumatic stress.<\/p>\n\n\n\n<h3 class=\"wp-block-heading\">3.2. Post-Traumatic Stress Disorder<\/h3>\n\n\n\n<p>In contrast to post-traumatic stress, post-traumatic stress disorder is an illness which is clinically diagnosed, and the afflicted patients need treatment. <\/p>\n\n\n\n<p>Many symptoms resemble those of PTS, but they are different with regard to intensity and duration. So, the symptoms last longer than one month and hamper everyday life tremendously.<\/p>\n\n\n\n<p>The persons concerned relive the initial traumatising situation time and again in nightmares and flashbacks. They avoid people, or places, which remind them of the trauma. Their mood is depressed, they experience negative feelings in the first place, such as anxiety, nervousness, and permanent tension. In addition, they may burst into tears as soon as they are reminded of the incident.<\/p>\n\n\n\n<p>Behaviour which points towards PTSD includes the consumption of alcohol and substances to render the symptoms endurable, as well as reckless behaviour, for instance, aggressive driving. Furthermore, the avoidance of large crowds, especially in confined rooms and withdrawal from family, and friends need to be mentioned.<\/p>\n\n\n\n<h2 class=\"wp-block-heading\"><span class=\"ez-toc-section\" id=\"4_Die_Therapie_und_Prognose_einer_PTBS\"><\/span>4. Therapy and Prognosis of PTSD<span class=\"ez-toc-section-end\"><\/span><\/h2>\n\n\n\n<h3 class=\"wp-block-heading\">4.1. Who Will Help?<\/h3>\n\n\n\n<p>As PTSD is a mental illness, psychotherapists with expertise in trauma therapy are the right contact persons. First, the trauma is explored during a carefully conducted conversation. For this, an international standardised questionnaire, such as the Posttraumatic Diagnostic Scale, PDS, can be employed.<\/p>\n\n\n\n<h3 class=\"wp-block-heading\">4.2. Trauma Therapy and Medication as Needed<\/h3>\n\n\n\n<p>Trauma therapy is the most important part when treating post-traumatic stress disorder, during which the patients deal with their trauma with the help of the therapist. The use of <a rel=\"noreferrer noopener\" href=\"https:\/\/www.apa.org\/ptsd-guideline\/treatments\/cognitive-processing-therapy\" data-type=\"URL\" data-id=\"https:\/\/www.gesundheitsinformation.de\/posttraumatische-belastungsstoerung.html\" target=\"_blank\">cognitive processing therapy<\/a> is common in order to modify thoughts and feelings, which the patients connect to the traumatising event. <\/p>\n\n\n\n<p>Medication is used as a support, especially modern antidepressants.<\/p>\n\n\n\n<h3 class=\"wp-block-heading\">4.3. Many People Recover from Their PTSD<\/h3>\n\n\n\n<p>According to the trigger, the duration and the severity of the trauma, the prognosis varies. Many people <a rel=\"noreferrer noopener\" href=\"https:\/\/www.health.com\/condition\/ptsd\/ptsd-or-normal-post-traumatic-stress\" data-type=\"URL\" data-id=\"https:\/\/www.health.com\/condition\/ptsd\/ptsd-or-normal-post-traumatic-stress\" target=\"_blank\">recover after a minimum of 12-15 weeks of treatment<\/a>. Some need help over several years to cope with their everyday life. Many factors, such as one\u00b4s own resources, the personal history, but also the necessity of prolonged court cases after an act of violence, or an accident, play a role.<\/p>\n\n\n\n<h2 class=\"wp-block-heading\"><span class=\"ez-toc-section\" id=\"5_Posttraumatischer_Stres_PTBS_und_Offenheit\"><\/span>5. Post-Traumatic Stress, PTSD and Openness<span class=\"ez-toc-section-end\"><\/span><\/h2>\n\n\n\n<h3 class=\"wp-block-heading\">5.1. Already Post-traumatic Stress May be Mentioned<\/h3>\n\n\n\n<p>Everyone reacts differently to a startling event. Therefore, the need to talk about it varies from person to person, as well. It is important that we realise that post-traumatic stress is not shameful. Rather, we should talk about it with confidants if we feel like it.<\/p>\n\n\n\n<h3 class=\"wp-block-heading\">5.2. Dealing with PTSD Openly<\/h3>\n\n\n\n<p>Dealing with a post-traumatic stress disorder openly costs more of an effort, as this is a diagnose which needs treatment. The persons concerned, but also their environment, might consider it a weakness. In addition, admitting it openly may be even harder for achievers in a performance-driven society.<\/p>\n\n\n\n<h3 class=\"wp-block-heading\">5.3. Factual Openness is Courageous and an Opportunity<\/h3>\n\n\n\n<p>Reporting an issue openly and matter-of-factly with the aim of helping others to learn about it, is by no means a form of weakness. Rather, it requires great courage.<\/p>\n\n\n\n<p>Only if the afflicted persons share with us what they have experienced, or are still experiencing, but also, how they dealt with their PTSD successfully and took their lives back into their own hands, we can learn about this illness and understand it. Their courage and energy are of great importance to us. <\/p>\n\n\n\n<h2 class=\"wp-block-heading\"><span class=\"ez-toc-section\" id=\"6_In_meinem_nachsten_Blogartikel_lesen_Sie\"><\/span>6. In My Next Blog Article You Can Read About:<span class=\"ez-toc-section-end\"><\/span><\/h2>\n\n\n\n<p>A well-known figure, who has accomplished great achievements, has not only successfully overcome a post-traumatic stress disorder, but also does remarkable work to educate others about post-traumatic stress and PTSD. In August, we will elucidate this story and learn, how we ourselves can bring about change concerning these topics in our everyday lives if we observe, recognise and act with respect to ourselves and others.<\/p>\n\n\n\n<p>Author: Eva-Maria Schottdorf<\/p>\n\n\n\n<p>Date: July 31st 2022<\/p>\n\n\n\n<p>On my <a href=\"https:\/\/www.communicatio-optima.com\/en\/blog\/\" target=\"_blank\" rel=\"noreferrer noopener\">blog page<\/a> , I have linked more blog articles for you.<\/p>\n\n\n\n<div class=\"wp-block-buttons is-layout-flex wp-block-buttons-is-layout-flex\">\n<div class=\"wp-block-button\"><a class=\"wp-block-button__link wp-element-button\" href=\"#K\">Back to top<\/a><\/div>\n<\/div>\n\n\n\n<p><\/p>\n<div class=\"shariff shariff-align-left shariff-widget-align-center\" data-services=\"facebook\" data-url=\"https:\/\/www.communicatio-optima.com\/en\/blog\/posttraumatischer-stress-oder-belastungsstoerung\/\" data-timestamp=\"1682964654\" data-hidezero=\"1\" data-backendurl=\"https:\/\/www.communicatio-optima.com\/en\/wp-json\/shariff\/v1\/share_counts?\"><ul class=\"shariff-buttons theme-round orientation-horizontal buttonsize-small\"><li class=\"shariff-button linkedin\" style=\"background-color:#000000\"><a href=\"https:\/\/www.linkedin.com\/sharing\/share-offsite\/?url=https%3A%2F%2Fwww.communicatio-optima.com%2Fen%2Fblog%2Fposttraumatischer-stress-oder-belastungsstoerung%2F\" title=\"Share on LinkedIn\" aria-label=\"Share on LinkedIn\" role=\"button\" rel=\"noopener nofollow\" class=\"shariff-link\" style=\"; background-color:#3936eb; color:#fff\" target=\"_blank\"><span class=\"shariff-icon\" style=\"\"><svg width=\"32px\" height=\"20px\" xmlns=\"http:\/\/www.w3.org\/2000\/svg\" viewbox=\"0 0 27 32\"><path fill=\"#0077b5\" d=\"M6.2 11.2v17.7h-5.9v-17.7h5.9zM6.6 5.7q0 1.3-0.9 2.2t-2.4 0.9h0q-1.5 0-2.4-0.9t-0.9-2.2 0.9-2.2 2.4-0.9 2.4 0.9 0.9 2.2zM27.4 18.7v10.1h-5.9v-9.5q0-1.9-0.7-2.9t-2.3-1.1q-1.1 0-1.9 0.6t-1.2 1.5q-0.2 0.5-0.2 1.4v9.9h-5.9q0-7.1 0-11.6t0-5.3l0-0.9h5.9v2.6h0q0.4-0.6 0.7-1t1-0.9 1.6-0.8 2-0.3q3 0 4.9 2t1.9 6z\"\/><\/svg><\/span><\/a><\/li><li class=\"shariff-button xing\" style=\"background-color:#000000\"><a href=\"https:\/\/www.xing.com\/spi\/shares\/new?url=https%3A%2F%2Fwww.communicatio-optima.com%2Fen%2Fblog%2Fposttraumatischer-stress-oder-belastungsstoerung%2F\" title=\"Share on XING\" aria-label=\"Share on XING\" role=\"button\" rel=\"noopener nofollow\" class=\"shariff-link\" style=\"; background-color:#3936eb; color:#fff\" target=\"_blank\"><span class=\"shariff-icon\" style=\"\"><svg width=\"32px\" height=\"20px\" xmlns=\"http:\/\/www.w3.org\/2000\/svg\" viewbox=\"0 0 25 32\"><path fill=\"#126567\" d=\"M10.7 11.9q-0.2 0.3-4.6 8.2-0.5 0.8-1.2 0.8h-4.3q-0.4 0-0.5-0.3t0-0.6l4.5-8q0 0 0 0l-2.9-5q-0.2-0.4 0-0.7 0.2-0.3 0.5-0.3h4.3q0.7 0 1.2 0.8zM25.1 0.4q0.2 0.3 0 0.7l-9.4 16.7 6 11q0.2 0.4 0 0.6-0.2 0.3-0.6 0.3h-4.3q-0.7 0-1.2-0.8l-6-11.1q0.3-0.6 9.5-16.8 0.4-0.8 1.2-0.8h4.3q0.4 0 0.5 0.3z\"\/><\/svg><\/span><\/a><\/li><li class=\"shariff-button twitter\" style=\"background-color:#000000\"><a href=\"https:\/\/twitter.com\/share?url=https%3A%2F%2Fwww.communicatio-optima.com%2Fen%2Fblog%2Fposttraumatischer-stress-oder-belastungsstoerung%2F&text=Posttraumatischer%20Stre%C3%9F%20oder%20Belastungsst%C3%B6rung%3F\" title=\"Share on X\" aria-label=\"Share on X\" role=\"button\" rel=\"noopener nofollow\" class=\"shariff-link\" style=\"; background-color:#3936eb; color:#fff\" target=\"_blank\"><span class=\"shariff-icon\" style=\"\"><svg width=\"32px\" height=\"20px\" xmlns=\"http:\/\/www.w3.org\/2000\/svg\" viewbox=\"0 0 24 24\"><path fill=\"#000\" d=\"M14.258 10.152L23.176 0h-2.113l-7.747 8.813L7.133 0H0l9.352 13.328L0 23.973h2.113l8.176-9.309 6.531 9.309h7.133zm-2.895 3.293l-.949-1.328L2.875 1.56h3.246l6.086 8.523.945 1.328 7.91 11.078h-3.246zm0 0\"\/><\/svg><\/span><\/a><\/li><li class=\"shariff-button flipboard\" style=\"background-color:#000000\"><a href=\"https:\/\/share.flipboard.com\/bookmarklet\/popout?v=2&title=Posttraumatischer%20Stre%C3%9F%20oder%20Belastungsst%C3%B6rung%3F&url=https%3A%2F%2Fwww.communicatio-optima.com%2Fen%2Fblog%2Fposttraumatischer-stress-oder-belastungsstoerung%2F\" title=\"Share on Flipboard\" aria-label=\"Share on Flipboard\" role=\"button\" rel=\"noopener nofollow\" class=\"shariff-link\" style=\"; background-color:#3936eb; color:#fff\" target=\"_blank\"><span class=\"shariff-icon\" style=\"\"><svg width=\"24px\" height=\"24px\" xmlns=\"http:\/\/www.w3.org\/2000\/svg\" viewbox=\"0 0 24 24\"><path fill=\"#f52828\" d=\"M0 0h8v24H0V0zm9 9h7v7H9V9zm0-9h15v8H9V0z\"\/><\/svg><\/span><\/a><\/li><li class=\"shariff-button facebook\" style=\"background-color:#000000\"><a href=\"https:\/\/www.facebook.com\/sharer\/sharer.php?u=https%3A%2F%2Fwww.communicatio-optima.com%2Fen%2Fblog%2Fposttraumatischer-stress-oder-belastungsstoerung%2F\" title=\"Share on Facebook\" aria-label=\"Share on Facebook\" role=\"button\" rel=\"nofollow\" class=\"shariff-link\" style=\"; background-color:#3936eb; color:#fff\" target=\"_blank\"><span class=\"shariff-icon\" style=\"\"><svg width=\"32px\" height=\"20px\" xmlns=\"http:\/\/www.w3.org\/2000\/svg\" viewbox=\"0 0 18 32\"><path fill=\"#3b5998\" d=\"M17.1 0.2v4.7h-2.8q-1.5 0-2.1 0.6t-0.5 1.9v3.4h5.2l-0.7 5.3h-4.5v13.6h-5.5v-13.6h-4.5v-5.3h4.5v-3.9q0-3.3 1.9-5.2t5-1.8q2.6 0 4.1 0.2z\"\/><\/svg><\/span><\/a><\/li><\/ul><\/div>","protected":false},"excerpt":{"rendered":"<p>Was posttraumatischer Stre\u00df, PTS, sowie die posttraumatische Belastungsst\u00f6rung, PTBS, sind, welche Ursachen sie haben und was therapiert werden mu\u00df, lesen Sie hier: 1. Posttraumatischer Stre\u00df und seine Ausl\u00f6ser Von den vielen Ausl\u00f6sern von posttraumatischem Stre\u00df wollen wir uns zun\u00e4chst zwei herausgreifen, die uns bei komplexen und belastenden T\u00e4tigkeiten begegnen k\u00f6nnen. 1.1. Zwischenf\u00e4lle an Hochrisikoarbeitspl\u00e4tzen Menschen [&hellip;]<\/p>\n","protected":false},"author":2,"featured_media":0,"parent":526,"menu_order":0,"comment_status":"closed","ping_status":"closed","template":"","meta":{"_genesis_hide_title":false,"_genesis_hide_breadcrumbs":false,"_genesis_hide_singular_image":false,"_genesis_hide_footer_widgets":false,"_genesis_custom_body_class":"","_genesis_custom_post_class":"","_genesis_layout":"","footnotes":""},"class_list":{"0":"post-6355","1":"page","2":"type-page","3":"status-publish","5":"entry"},"_links":{"self":[{"href":"https:\/\/www.communicatio-optima.com\/en\/wp-json\/wp\/v2\/pages\/6355","targetHints":{"allow":["GET"]}}],"collection":[{"href":"https:\/\/www.communicatio-optima.com\/en\/wp-json\/wp\/v2\/pages"}],"about":[{"href":"https:\/\/www.communicatio-optima.com\/en\/wp-json\/wp\/v2\/types\/page"}],"author":[{"embeddable":true,"href":"https:\/\/www.communicatio-optima.com\/en\/wp-json\/wp\/v2\/users\/2"}],"replies":[{"embeddable":true,"href":"https:\/\/www.communicatio-optima.com\/en\/wp-json\/wp\/v2\/comments?post=6355"}],"version-history":[{"count":11,"href":"https:\/\/www.communicatio-optima.com\/en\/wp-json\/wp\/v2\/pages\/6355\/revisions"}],"predecessor-version":[{"id":14530,"href":"https:\/\/www.communicatio-optima.com\/en\/wp-json\/wp\/v2\/pages\/6355\/revisions\/14530"}],"up":[{"embeddable":true,"href":"https:\/\/www.communicatio-optima.com\/en\/wp-json\/wp\/v2\/pages\/526"}],"wp:attachment":[{"href":"https:\/\/www.communicatio-optima.com\/en\/wp-json\/wp\/v2\/media?parent=6355"}],"curies":[{"name":"wp","href":"https:\/\/api.w.org\/{rel}","templated":true}]}}