{"id":7038,"date":"2023-02-28T21:56:55","date_gmt":"2023-02-28T21:56:55","guid":{"rendered":"https:\/\/www.communicatio-optima.com\/?page_id=7038"},"modified":"2026-04-27T11:37:27","modified_gmt":"2026-04-27T09:37:27","slug":"standard-operating-procedures-sops","status":"publish","type":"page","link":"https:\/\/www.communicatio-optima.com\/en\/blog\/standard-operating-procedures-sops\/","title":{"rendered":"Standard Operating Procedures, SOPs"},"content":{"rendered":"<p id=\"K\">You can read important facts about standard operating procedures here:<\/p>\n\n\n\n<div id=\"ez-toc-container\" class=\"ez-toc-v2_0_82_2 counter-hierarchy ez-toc-counter ez-toc-custom ez-toc-container-direction\">\n<div class=\"ez-toc-title-container\">\n<span class=\"ez-toc-title-toggle\"><\/span><\/div>\n<nav><ul class='ez-toc-list ez-toc-list-level-1' ><li class='ez-toc-page-1 ez-toc-heading-level-2'><a class=\"ez-toc-link ez-toc-heading-1\" href=\"https:\/\/www.communicatio-optima.com\/en\/blog\/standard-operating-procedures-sops\/#1_Von_unklaren_Zustandigkeiten_und_ausgelassenen_Arbeitsschritten\" >1. About Unclear Responsibilities and Omitted Steps of a Procedure<\/a><\/li><li class='ez-toc-page-1 ez-toc-heading-level-2'><a class=\"ez-toc-link ez-toc-heading-2\" href=\"https:\/\/www.communicatio-optima.com\/en\/blog\/standard-operating-procedures-sops\/#2_Wir_bringen_Struktur_in_unsere_Arbeitsprozesse\" >2. We Structure Our Workflows<\/a><\/li><li class='ez-toc-page-1 ez-toc-heading-level-2'><a class=\"ez-toc-link ez-toc-heading-3\" href=\"https:\/\/www.communicatio-optima.com\/en\/blog\/standard-operating-procedures-sops\/#3_Anwendungsgebiete_und_Nutzen_von_SOPs\" >3. Area of Application and Benefits of SOPs<\/a><\/li><li class='ez-toc-page-1 ez-toc-heading-level-2'><a class=\"ez-toc-link ez-toc-heading-4\" href=\"https:\/\/www.communicatio-optima.com\/en\/blog\/standard-operating-procedures-sops\/#4_Perfekte_SOPs_fur_Ihre_Arbeit\" >4. Perfect SOPs for Your Work<\/a><\/li><li class='ez-toc-page-1 ez-toc-heading-level-2'><a class=\"ez-toc-link ez-toc-heading-5\" href=\"https:\/\/www.communicatio-optima.com\/en\/blog\/standard-operating-procedures-sops\/#5_Wissenswertes_uber_Risiken_im_nachsten_Blogartikel\" >5. Interesting Facts About Risks in the Next Blog Article<\/a><\/li><li class='ez-toc-page-1 ez-toc-heading-level-2'><a class=\"ez-toc-link ez-toc-heading-6\" href=\"https:\/\/www.communicatio-optima.com\/en\/blog\/standard-operating-procedures-sops\/#3_Area_of_Application_and_Benefits_of_SOPs\" >3. Area of Application and Benefits of SOPs<\/a><\/li><li class='ez-toc-page-1 ez-toc-heading-level-2'><a class=\"ez-toc-link ez-toc-heading-7\" href=\"https:\/\/www.communicatio-optima.com\/en\/blog\/standard-operating-procedures-sops\/#4_Perfect_SOPs_for_Your_Work\" >4. Perfect SOPs for Your Work<\/a><\/li><\/ul><\/nav><\/div>\n<h2 class=\"wp-block-heading\"><span class=\"ez-toc-section\" id=\"1_Von_unklaren_Zustandigkeiten_und_ausgelassenen_Arbeitsschritten\"><\/span>1. About Unclear Responsibilities and Omitted Steps of a Procedure<span class=\"ez-toc-section-end\"><\/span><\/h2>\n\n\n\n<p>A father intends to serve a meatloaf, potatoes, and vegetables for dinner. His wife is on a business trip, his son is worried about his maths test on the next day, and his daughter has just had to witness the accident of a friend during her riding lesson. Despite of this, both have to help now and are at least expected to lay the table.<\/p>\n\n\n\n<p>The telephone rings, it\u00b4s his mother-in-law who wants to talk about arrangements for the next weekend. The children are having an argument instead of deciding who will place what on the table followed by a joint assessment of what is still missing. As the father is about to take the meatloaf out of the oven, he realises that the potatoes are sitting on the hot plate, but that he has forgotten to turn it on. When the family finally sits down at the table, the children have laid it almost completely, but the beverages are missing. In addition, the orange juice is empty, it had not been clarified, who had to buy replacements.<\/p>\n\n\n\n<p>Most of us might be familiar with such scenes of our family lives at home. There, we may see these as normal daily occurrences and manage them with creativity and compassion with stressed family members.<\/p>\n\n\n\n<p>What should it be like in an emergency room, though, when an emergency physician has announced that the rescue team will be there in ten minutes with an injured patient?<\/p>\n\n\n\n<h2 class=\"wp-block-heading\"><span class=\"ez-toc-section\" id=\"2_Wir_bringen_Struktur_in_unsere_Arbeitsprozesse\"><\/span>2. We Structure Our Workflows<span class=\"ez-toc-section-end\"><\/span><\/h2>\n\n\n\n<p>Especially in a complex work environment, in which as few mistakes as possible should happen, SOPs have proven their worth. We will now elucidate step by step of what they consist and thereby stick to the example of an emergency room.<\/p>\n\n\n\n<h3 class=\"wp-block-heading\">2.1. How to Define Important Contents of SOPs<\/h3>\n\n\n\n<p>As in our example here, we need to know, of course, to what work process an SOP pertains. Moreover, we have to determine the following items:<\/p>\n\n\n\n<ul class=\"wp-block-list\">\n<li>where the work process takes place, for instance, in what rooms of an emergency ward (dedicated emergency room, or different rooms for different specialties, at the CT scanner)<\/li>\n\n\n\n<li>who is involved, e.g., assisting personnel, physicians of various specialties (e.g., internal medicine, surgery, anaesthesiology)<\/li>\n\n\n\n<li>what material and what equipment the ones on duty have to prepare (e.g., the sonography device, the anaesthesia device, material to take blood samples)<\/li>\n\n\n\n<li>who will do what in what order (e.g., first the emergency physician\u00b4s report, then the patient\u00b4s transfer from the stretcher to the examination bed, then sonography and blood collection)<\/li>\n\n\n\n<li>if applicable, decision-making tools for further examinations and treatments (e.g., immediate operation, transfer to the ICU, consultation of further specialists)<\/li>\n<\/ul>\n\n\n\n<h3 class=\"wp-block-heading\">2.2. Templates for Complete SOPs<\/h3>\n\n\n\n<p>Many institutions have defined templates with a fixed, easy-to-read layout, which they use for their SOPs. Thus, they can easily be recognised. <\/p>\n\n\n\n<p>Especially for the important main part of an SOP, it is advantageous to use a clear layout with preferably standardised headlines. <\/p>\n\n\n\n<p>The main part of an SOP comprises the items discussed in the example above:<\/p>\n\n\n\n<ul class=\"wp-block-list\">\n<li>it is clearly defined to which procedure the SOP pertains<\/li>\n\n\n\n<li>who is involved<\/li>\n\n\n\n<li>where the work is carried out<\/li>\n\n\n\n<li>what equipment is needed<\/li>\n\n\n\n<li>the steps in the correct order, including who will do what<\/li>\n\n\n\n<li>if applicable, schemes for decision-making, also in the shape of flowcharts<\/li>\n\n\n\n<li>ideally, how the work will be evaluated, as well<\/li>\n<\/ul>\n\n\n\n<p>For long SOPs, the authors may include a title page and a table of contents. If a department possesses many SOPs concerning a certain range of topics, it can summarise them in a binder, or a handbook.<\/p>\n\n\n\n<p>In an SOP, it is stated in dedicated fields who has written and who has countersigned it. In addition, the version and the date are mentioned. These last two items are noteworthy with respect to the necessary updates.<\/p>\n\n\n\n<p class=\"has-text-align-center\"><strong>So, a standard operating procedure, SOP, contains all information in a structured order, which is necessary to carry out a certain work process safely and completely.<\/strong><\/p>\n\n\n\n<p class=\"has-text-align-center\"><strong>In contrast to a simple process description, it is explicitly defined, who will do what under what circumstances where, using what equipment.<\/strong><\/p>\n\n\n\n<h2 class=\"wp-block-heading\"><span class=\"ez-toc-section\" id=\"3_Anwendungsgebiete_und_Nutzen_von_SOPs\"><\/span>3. Area of Application and Benefits of SOPs<span class=\"ez-toc-section-end\"><\/span><\/h2>\n\n\n\n<p>It is best at any workplace, to involve the entire team right from the start, and to make the SOPs a common asset. This enhances their acceptance.<\/p>\n\n\n\n<h3 class=\"wp-block-heading\">3.1. Good Communication About the SOPs<\/h3>\n\n\n\n<p>It belongs to a skilful communication about the SOPs that the employees may contribute actively with their suggestions to the creation and the actualisation. When new employees are being trained, one should show them the SOPs and answer all their questions about them. When carrying out a certain work process, the ones involved should use the SOPs jointly. If they are already familiar with them, they can use them as a reference book which they consult in case of an uncertainty.<\/p>\n\n\n\n<h3 class=\"wp-block-heading\">3.2. Areas of Use<\/h3>\n\n\n\n<p>SOPs are applied especially when complex work processes have to be carried out error-free. Examples include:<\/p>\n\n\n\n<ul class=\"wp-block-list\">\n<li>many hospital departments<\/li>\n\n\n\n<li>in the emergency medical service, e.g., measures which paramedics take in case of certain diseases, commonly with flowcharts<\/li>\n\n\n\n<li>at workplaces in science for experiments and further standardised procedures, e.g., caring for a cell culture at a sterile work bench<\/li>\n\n\n\n<li>at many highrisk workplaces, for instance in <a href=\"https:\/\/www.flightdeckfriend.com\/ask-a-pilot\/what-is-an-sop\/\" data-type=\"URL\" data-id=\"https:\/\/www.flightdeckfriend.com\/ask-a-pilot\/what-is-an-sop\/\" target=\"_blank\" rel=\"noreferrer noopener\">aviation<\/a>, maritime shipping, and the railroad industry for regular work processes<\/li>\n<\/ul>\n\n\n\n<h3 class=\"wp-block-heading\">3.3. The Advantages of SOPs<\/h3>\n\n\n\n<p>If SOPs are applied continuously, they yield the following advantages:<\/p>\n\n\n\n<ul class=\"wp-block-list\">\n<li>easy to look up for every employee, also for new ones, it is documented how a certain piece of work has to be done<\/li>\n\n\n\n<li>the piece of work will be done with constant quality<\/li>\n\n\n\n<li>even if different employees carry out the work, the flow and the result are as consistent as possible<\/li>\n\n\n\n<li>delays and stress caused by forgotten utensils, which a team then has to look for in the middle of a procedure, are prevented<\/li>\n\n\n\n<li>the risk of errors, which are caused by omissions and uncertainties, is minimised<\/li>\n\n\n\n<li>due to successful minimisation of errors safety is enhanced, which, for instance, is very important in patient care, in aviation, or occupational safety in laboratories<\/li>\n<\/ul>\n\n\n\n<h2 class=\"wp-block-heading\"><span class=\"ez-toc-section\" id=\"4_Perfekte_SOPs_fur_Ihre_Arbeit\"><\/span>4. Perfect SOPs for Your Work<span class=\"ez-toc-section-end\"><\/span><\/h2>\n\n\n\n<p>Where at your workplace have you already got SOPs? If you already work with them, who has written them, and what do these SOPs look like in detail? If you haven\u00b4t employed any SOPs yet, are there any work processes, in which they could be beneficial? If you wish to create SOPs yourself, the following steps might be helpful.<\/p>\n\n\n\n<h3 class=\"wp-block-heading\">4.1. For Which Kinds of Work Do You Need SOPs?<\/h3>\n\n\n\n<p>First, you need to analyse, what recurring complex work processes you have at your workplace, for which you imagine a fixed workflow of good quality. Involve your employees in your planning, or suggest the creation of SOPs if you are an employee yourself.<\/p>\n\n\n\n<h3 class=\"wp-block-heading\">4.2. A Template  for Your SOPs<\/h3>\n\n\n\n<p>It is best to create a template for your SOPs with an easy-to-read layout first. Choose how you would like to design the following items:<\/p>\n\n\n\n<ul class=\"wp-block-list\">\n<li>the title page<\/li>\n\n\n\n<li>the table of contents<\/li>\n\n\n\n<li>the fields in which you mention the authors, and the ones countersigning, the date, and the version<\/li>\n\n\n\n<li>the main part with specifications for the respective department, the ones involved, the equipment<\/li>\n\n\n\n<li>potential evaluation of your work<\/li>\n\n\n\n<li>templates for flowcharts<\/li>\n\n\n\n<li>period of time until the next update<\/li>\n\n\n\n<li>what you think is important concerning your SOP<\/li>\n<\/ul>\n\n\n\n<h3 class=\"wp-block-heading\">4.3. Revision and Working Jointly With the SOPs<\/h3>\n\n\n\n<p>You should decide, who will revise your SOPs and how you want to present them to your team. You might want to contemplate together, how you would like to work with the SOPs and how to evaluate their effect. <\/p>\n\n\n\n<p>You should also determine when you will update the SOPs. This would be advantageous, whenever something changes considerably in your work process due to innovations. In addition, you can fix certain timespans, after which you will assess the necessity of an adaption. <\/p>\n\n\n\n<h2 class=\"wp-block-heading\"><span class=\"ez-toc-section\" id=\"5_Wissenswertes_uber_Risiken_im_nachsten_Blogartikel\"><\/span>5. Interesting Facts About Risks in the Next Blog Article<span class=\"ez-toc-section-end\"><\/span><\/h2>\n\n\n\n<p>There are risks, which we have to accept in order to reach a superior aim. How do we deal with them if we want to reach our goal as unharmed as possible? What risky types of behaviour should we preferably avoid as they can cause errors, or have fatal consequences? We will occupy ourselves with examples taken from the emergency medical service and the aviation industry.<\/p>\n\n\n\n<p>Author: Eva-Maria Schottdorf<\/p>\n\n\n\n<p>Date, February 27th, 2023<\/p>\n\n\n\n<p>On my <a href=\"https:\/\/www.communicatio-optima.com\/en\/blog\/\" target=\"_blank\" rel=\"noreferrer noopener\">blog page<\/a> , I have linked more blog articles for you.<\/p>\n\n\n\n<h3 class=\"wp-block-heading\">2.2. Templates for Complete SOPs<\/h3>\n\n\n\n<p>Many institutions have defined templates with a fixed, easy-to-read layout, which they use for their SOPs. Thus, they can easily be recognised.<\/p>\n\n\n\n<p>Especially for the important main part of an SOP, it is advantageous to use a clear layout with preferably standardised headlines.<\/p>\n\n\n\n<p>The main part of an SOP comprises the items discussed in the example above:<\/p>\n\n\n\n<ul class=\"wp-block-list\">\n<li>it is clearly defined to which procedure the SOP pertains<\/li>\n\n\n\n<li>who is involved<\/li>\n\n\n\n<li>where the work is carried out<\/li>\n\n\n\n<li>what equipment is needed<\/li>\n\n\n\n<li>the steps in the correct order, including who will do what<\/li>\n\n\n\n<li>if applicable, schemes for decision-making, also in the shape of flowcharts<\/li>\n\n\n\n<li>ideally, how the work will be evaluated, as well<\/li>\n<\/ul>\n\n\n\n<p>For long SOPs, the authors may include a title page and a table of contents. If a department possesses many SOPs concerning a certain range of topics, it can summarise them in a binder, or a handbook.<\/p>\n\n\n\n<p>In an SOP, it is stated in dedicated fields who has written and who has countersigned it. In addition, the version and the date are mentioned. These last two items are noteworthy with respect to the necessary updates.<\/p>\n\n\n\n<p><strong>So, a standard operating procedure, SOP, contains all information in a structured order, which is necessary to carry out a certain work process safely and completely.<\/strong><\/p>\n\n\n\n<p><strong>In contrast to a simple process description, it is explicitly defined, who will do what under what circumstances where, using what equipment.<\/strong><\/p>\n\n\n\n<h2 class=\"wp-block-heading\"><span class=\"ez-toc-section\" id=\"3_Area_of_Application_and_Benefits_of_SOPs\"><\/span>3. Area of Application and Benefits of SOPs<span class=\"ez-toc-section-end\"><\/span><\/h2>\n\n\n\n<p>It is best at any workplace, to involve the entire team right from the start, and to make the SOPs a common asset. This enhances their acceptance.<\/p>\n\n\n\n<h3 class=\"wp-block-heading\">3.1. Good Communication About the SOPs<\/h3>\n\n\n\n<p>It belongs to a skilful communication about the SOPs that the employees may contribute actively with their suggestions to the creation and the actualisation. When new employees are being trained, one should show them the SOPs and answer all their questions about them. When carrying out a certain work process, the ones involved should use the SOPs jointly. If they are already familiar with them, they can use them as a reference book which they consult in case of an uncertainty.<\/p>\n\n\n\n<h3 class=\"wp-block-heading\">3.2. Areas of Use<\/h3>\n\n\n\n<p>SOPs are applied especially when complex work processes have to be carried out error-free. Examples include:<\/p>\n\n\n\n<ul class=\"wp-block-list\">\n<li>many hospital departments<\/li>\n\n\n\n<li>in the emergency medical service, e.g., measures which paramedics take in case of certain diseases, commonly with flowcharts<\/li>\n\n\n\n<li>at workplaces in science for experiments and further standardised procedures, e.g., caring for a cell culture at a sterile work bench<\/li>\n\n\n\n<li>at many highrisk workplaces, for instance in\u00a0<a href=\"https:\/\/www.flightdeckfriend.com\/ask-a-pilot\/what-is-an-sop\/\" target=\"_blank\" rel=\"noreferrer noopener\">aviation<\/a>, maritime shipping, and the railroad industry for regular work processes<\/li>\n<\/ul>\n\n\n\n<h3 class=\"wp-block-heading\">3.3. The Advantages of SOPs<\/h3>\n\n\n\n<p>If SOPs are applied continuously, they yield the following advantages:<\/p>\n\n\n\n<ul class=\"wp-block-list\">\n<li>easy to look up for every employee, also for new ones, it is documented how a certain piece of work has to be done<\/li>\n\n\n\n<li>the piece of work will be done with constant quality<\/li>\n\n\n\n<li>even if different employees carry out the work, the flow and the result are as consistent as possible<\/li>\n\n\n\n<li>delays and stress caused by forgotten utensils, which a team then has to look for in the middle of a procedure, are prevented<\/li>\n\n\n\n<li>the risk of errors, which are caused by omissions and uncertainties, is minimised<\/li>\n\n\n\n<li>due to successful minimisation of errors safety is enhanced, which, for instance, is very important in patient care, in aviation, or occupational safety in laboratories<\/li>\n<\/ul>\n\n\n\n<h2 class=\"wp-block-heading\"><span class=\"ez-toc-section\" id=\"4_Perfect_SOPs_for_Your_Work\"><\/span>4. Perfect SOPs for Your Work<span class=\"ez-toc-section-end\"><\/span><\/h2>\n\n\n\n<p>Where at your workplace have you already got SOPs? If you already work with them, who has written them, and what do these SOPs look like in detail? If you haven\u00b4t employed any SOPs yet, are there any work processes, in which they could be beneficial? If you wish to create SOPs yourself, the following steps might be helpful.<\/p>\n\n\n\n<h3 class=\"wp-block-heading\">4.1. For Which Kinds of Work Do You Need SOPs?<\/h3>\n\n\n\n<p>First, you need to analyse, what recurring complex work processes you have at your workplace, for which you imagine a fixed workflow of good quality. Involve your employees in your planning, or suggest the creation of SOPs if you are an employee yourself.<\/p>\n\n\n\n<h3 class=\"wp-block-heading\">4.2. A Template for Your SOPs<\/h3>\n\n\n\n<p>It is best to create a template for your SOPs with an easy-to-read layout first. Choose how you would like to design the following items:<\/p>\n\n\n\n<ul class=\"wp-block-list\">\n<li>the title page<\/li>\n\n\n\n<li>the table of contents<\/li>\n\n\n\n<li>the fields in which you mention the authors, and the ones countersigning, the date, and the version<\/li>\n\n\n\n<li>the main part with specifications for the respective department, the ones involved, the equipment<\/li>\n\n\n\n<li>potential evaluation of your work<\/li>\n\n\n\n<li>templates for flowcharts<\/li>\n\n\n\n<li>period of time until the next update<\/li>\n\n\n\n<li>what you think is important concerning your SOP<\/li>\n<\/ul>\n\n\n\n<h3 class=\"wp-block-heading\">4.3. Revision and Working Jointly With the SOPs<\/h3>\n\n\n\n<p>You should decide, who will revise your SOPs and how you want to present them to your team. You might want to contemplate together, how you would like to work with the SOPs and how to evaluate their effect.<\/p>\n\n\n\n<p>You should also determine when you will update the SOPs. This would be advantageous, whenever something changes considerably in your work process due to innovations. In addition, you can fix certain timespans, after which you will assess the necessity of an adaption.<\/p>\n\n\n\n<div class=\"wp-block-buttons is-content-justification-right is-layout-flex wp-container-core-buttons-is-layout-765c4724 wp-block-buttons-is-layout-flex\">\n<div class=\"wp-block-button\"><a class=\"wp-block-button__link wp-element-button\" href=\"#K\">Back to top<\/a><\/div>\n<\/div>\n\n\n\n<p><\/p>\n<div class=\"shariff shariff-align-left shariff-widget-align-center\" data-services=\"facebook\" data-url=\"https:\/\/www.communicatio-optima.com\/en\/blog\/standard-operating-procedures-sops\/\" data-timestamp=\"1777289847\" data-hidezero=\"1\" data-backendurl=\"https:\/\/www.communicatio-optima.com\/en\/wp-json\/shariff\/v1\/share_counts?\"><ul class=\"shariff-buttons theme-round orientation-horizontal buttonsize-small\"><li class=\"shariff-button linkedin\" style=\"background-color:#000000\"><a href=\"https:\/\/www.linkedin.com\/sharing\/share-offsite\/?url=https%3A%2F%2Fwww.communicatio-optima.com%2Fen%2Fblog%2Fstandard-operating-procedures-sops%2F\" title=\"Share on LinkedIn\" aria-label=\"Share on LinkedIn\" role=\"button\" rel=\"noopener nofollow\" class=\"shariff-link\" style=\"; background-color:#3936eb; color:#fff\" target=\"_blank\"><span class=\"shariff-icon\" style=\"\"><svg width=\"32px\" height=\"20px\" xmlns=\"http:\/\/www.w3.org\/2000\/svg\" viewbox=\"0 0 27 32\"><path fill=\"#0077b5\" d=\"M6.2 11.2v17.7h-5.9v-17.7h5.9zM6.6 5.7q0 1.3-0.9 2.2t-2.4 0.9h0q-1.5 0-2.4-0.9t-0.9-2.2 0.9-2.2 2.4-0.9 2.4 0.9 0.9 2.2zM27.4 18.7v10.1h-5.9v-9.5q0-1.9-0.7-2.9t-2.3-1.1q-1.1 0-1.9 0.6t-1.2 1.5q-0.2 0.5-0.2 1.4v9.9h-5.9q0-7.1 0-11.6t0-5.3l0-0.9h5.9v2.6h0q0.4-0.6 0.7-1t1-0.9 1.6-0.8 2-0.3q3 0 4.9 2t1.9 6z\"\/><\/svg><\/span><\/a><\/li><li class=\"shariff-button xing\" style=\"background-color:#000000\"><a href=\"https:\/\/www.xing.com\/spi\/shares\/new?url=https%3A%2F%2Fwww.communicatio-optima.com%2Fen%2Fblog%2Fstandard-operating-procedures-sops%2F\" title=\"Share on XING\" aria-label=\"Share on XING\" role=\"button\" rel=\"noopener nofollow\" class=\"shariff-link\" style=\"; background-color:#3936eb; color:#fff\" target=\"_blank\"><span class=\"shariff-icon\" style=\"\"><svg width=\"32px\" height=\"20px\" xmlns=\"http:\/\/www.w3.org\/2000\/svg\" viewbox=\"0 0 25 32\"><path fill=\"#126567\" d=\"M10.7 11.9q-0.2 0.3-4.6 8.2-0.5 0.8-1.2 0.8h-4.3q-0.4 0-0.5-0.3t0-0.6l4.5-8q0 0 0 0l-2.9-5q-0.2-0.4 0-0.7 0.2-0.3 0.5-0.3h4.3q0.7 0 1.2 0.8zM25.1 0.4q0.2 0.3 0 0.7l-9.4 16.7 6 11q0.2 0.4 0 0.6-0.2 0.3-0.6 0.3h-4.3q-0.7 0-1.2-0.8l-6-11.1q0.3-0.6 9.5-16.8 0.4-0.8 1.2-0.8h4.3q0.4 0 0.5 0.3z\"\/><\/svg><\/span><\/a><\/li><li class=\"shariff-button twitter\" style=\"background-color:#000000\"><a href=\"https:\/\/twitter.com\/share?url=https%3A%2F%2Fwww.communicatio-optima.com%2Fen%2Fblog%2Fstandard-operating-procedures-sops%2F&text=Standard%20Operating%20Procedures%2C%20SOPs\" title=\"Share on X\" aria-label=\"Share on X\" role=\"button\" rel=\"noopener nofollow\" class=\"shariff-link\" style=\"; background-color:#3936eb; color:#fff\" target=\"_blank\"><span class=\"shariff-icon\" style=\"\"><svg width=\"32px\" height=\"20px\" xmlns=\"http:\/\/www.w3.org\/2000\/svg\" viewbox=\"0 0 24 24\"><path fill=\"#000\" d=\"M14.258 10.152L23.176 0h-2.113l-7.747 8.813L7.133 0H0l9.352 13.328L0 23.973h2.113l8.176-9.309 6.531 9.309h7.133zm-2.895 3.293l-.949-1.328L2.875 1.56h3.246l6.086 8.523.945 1.328 7.91 11.078h-3.246zm0 0\"\/><\/svg><\/span><\/a><\/li><li class=\"shariff-button flipboard\" style=\"background-color:#000000\"><a href=\"https:\/\/share.flipboard.com\/bookmarklet\/popout?v=2&title=Standard%20Operating%20Procedures%2C%20SOPs&url=https%3A%2F%2Fwww.communicatio-optima.com%2Fen%2Fblog%2Fstandard-operating-procedures-sops%2F\" title=\"Share on Flipboard\" aria-label=\"Share on Flipboard\" role=\"button\" rel=\"noopener nofollow\" class=\"shariff-link\" style=\"; background-color:#3936eb; color:#fff\" target=\"_blank\"><span class=\"shariff-icon\" style=\"\"><svg width=\"24px\" height=\"24px\" xmlns=\"http:\/\/www.w3.org\/2000\/svg\" viewbox=\"0 0 24 24\"><path fill=\"#f52828\" d=\"M0 0h8v24H0V0zm9 9h7v7H9V9zm0-9h15v8H9V0z\"\/><\/svg><\/span><\/a><\/li><li class=\"shariff-button facebook\" style=\"background-color:#000000\"><a href=\"https:\/\/www.facebook.com\/sharer\/sharer.php?u=https%3A%2F%2Fwww.communicatio-optima.com%2Fen%2Fblog%2Fstandard-operating-procedures-sops%2F\" title=\"Share on Facebook\" aria-label=\"Share on Facebook\" role=\"button\" rel=\"nofollow\" class=\"shariff-link\" style=\"; background-color:#3936eb; color:#fff\" target=\"_blank\"><span class=\"shariff-icon\" style=\"\"><svg width=\"32px\" height=\"20px\" xmlns=\"http:\/\/www.w3.org\/2000\/svg\" viewbox=\"0 0 18 32\"><path fill=\"#3b5998\" d=\"M17.1 0.2v4.7h-2.8q-1.5 0-2.1 0.6t-0.5 1.9v3.4h5.2l-0.7 5.3h-4.5v13.6h-5.5v-13.6h-4.5v-5.3h4.5v-3.9q0-3.3 1.9-5.2t5-1.8q2.6 0 4.1 0.2z\"\/><\/svg><\/span><\/a><\/li><\/ul><\/div>","protected":false},"excerpt":{"rendered":"<p>Wichtiges \u00fcber Standard Operating Procedures lesen Sie hier: 1. Von unklaren Zust\u00e4ndigkeiten und ausgelassenen Arbeitsschritten Ein Familienvater gedenkt, zum Abendessen Leberk\u00e4se, Spiegeleier, Kartoffeln und Spinat zu servieren. Seine Frau ist auf Dienstreise, der Sohn macht sich Sorgen wegen der Mathearbeit am n\u00e4chsten Tag, und die Tochter hat in der Reitstunde soeben den Unfall eines Kameraden [&hellip;]<\/p>\n","protected":false},"author":2,"featured_media":0,"parent":526,"menu_order":0,"comment_status":"closed","ping_status":"closed","template":"","meta":{"_genesis_hide_title":false,"_genesis_hide_breadcrumbs":false,"_genesis_hide_singular_image":false,"_genesis_hide_footer_widgets":false,"_genesis_custom_body_class":"","_genesis_custom_post_class":"","_genesis_layout":"","footnotes":""},"class_list":{"0":"post-7038","1":"page","2":"type-page","3":"status-publish","5":"entry"},"_links":{"self":[{"href":"https:\/\/www.communicatio-optima.com\/en\/wp-json\/wp\/v2\/pages\/7038","targetHints":{"allow":["GET"]}}],"collection":[{"href":"https:\/\/www.communicatio-optima.com\/en\/wp-json\/wp\/v2\/pages"}],"about":[{"href":"https:\/\/www.communicatio-optima.com\/en\/wp-json\/wp\/v2\/types\/page"}],"author":[{"embeddable":true,"href":"https:\/\/www.communicatio-optima.com\/en\/wp-json\/wp\/v2\/users\/2"}],"replies":[{"embeddable":true,"href":"https:\/\/www.communicatio-optima.com\/en\/wp-json\/wp\/v2\/comments?post=7038"}],"version-history":[{"count":9,"href":"https:\/\/www.communicatio-optima.com\/en\/wp-json\/wp\/v2\/pages\/7038\/revisions"}],"predecessor-version":[{"id":14633,"href":"https:\/\/www.communicatio-optima.com\/en\/wp-json\/wp\/v2\/pages\/7038\/revisions\/14633"}],"up":[{"embeddable":true,"href":"https:\/\/www.communicatio-optima.com\/en\/wp-json\/wp\/v2\/pages\/526"}],"wp:attachment":[{"href":"https:\/\/www.communicatio-optima.com\/en\/wp-json\/wp\/v2\/media?parent=7038"}],"curies":[{"name":"wp","href":"https:\/\/api.w.org\/{rel}","templated":true}]}}